{"id":722279,"date":"2025-08-27T19:02:17","date_gmt":"2025-08-27T16:02:17","guid":{"rendered":"https:\/\/roveyayinevi.com.tr\/index.php\/urun\/uluslararasi-rekabet-stratejisi-olarak-kumelenme-mersin-yas-sebze-meyve-ornegi\/"},"modified":"2026-04-16T02:29:57","modified_gmt":"2026-04-15T23:29:57","slug":"uluslararasi-rekabet-stratejisi-olarak-kumelenme-mersin-yas-sebze-meyve-ornegi","status":"publish","type":"product","link":"https:\/\/roveyayinevi.com.tr\/index.php\/urun\/uluslararasi-rekabet-stratejisi-olarak-kumelenme-mersin-yas-sebze-meyve-ornegi\/","title":{"rendered":"Uluslararas\u0131 Rekabet Stratejisi Olarak K\u00fcmelenme : Mersin Ya\u015f Sebze Meyve \u00d6rne\u011fi"},"content":{"rendered":"<p>K\u00fcreselle\u015fmeyle birlikte artan rekabet, uluslar\u0131n, b\u00f6lgelerin ve firmalar\u0131n nas\u0131l daha fazla rekabet\u00e7i olabileceklerini ele alan \u00e7al\u0131\u015fmalar\u0131n say\u0131s\u0131n\u0131 art\u0131rm\u0131\u015ft\u0131r. Bu kapsamda, \u00fclke ve sekt\u00f6rlerin rekabet\u00e7i \u00fcst\u00fcnl\u00fckler elde etmesinde \u00f6nemli bir ara\u00e7 oldu\u011fu pek \u00e7ok \u00e7al\u0131\u015fma ile ortaya konulan k\u00fcmelenme kavram\u0131yla ilgili \u00e7al\u0131\u015fmalar\u0131n say\u0131s\u0131nda da art\u0131\u015f olmu\u015ftur. Bu \u00e7al\u0131\u015fmada da ya\u015f meyve sebze sekt\u00f6r\u00fcnde bir k\u00fcmelenme \u00f6rne\u011fi olarak Mersin Ya\u015f Meyve Sebze K\u00fcmesi ele al\u0131narak, k\u00fcmenin yap\u0131s\u0131 ve i\u015f k\u00fcmelerinin nas\u0131l daha rekabet\u00e7i olabilecekleri hakk\u0131nda fikir edinilmeye \u00e7al\u0131\u015f\u0131lm\u0131\u015ft\u0131r. <\/p>\n","protected":false},"excerpt":{"rendered":"<p>K\u00fcreselle\u015fmeyle birlikte artan rekabet, uluslar\u0131n, b\u00f6lgelerin ve firmalar\u0131n nas\u0131l daha fazla rekabet\u00e7i olabileceklerini ele alan \u00e7al\u0131\u015fmalar\u0131n say\u0131s\u0131n\u0131 art\u0131rm\u0131\u015ft\u0131r. Bu kapsamda, \u00fclke ve sekt\u00f6rlerin rekabet\u00e7i \u00fcst\u00fcnl\u00fckler elde<span class=\"excerpt-hellip\"> [\u2026]<\/span><\/p>\n","protected":false},"featured_media":0,"template":"","meta":{"_monsterinsights_skip_tracking":false,"_monsterinsights_sitenote_active":false,"_monsterinsights_sitenote_note":"","_monsterinsights_sitenote_category":0},"product_brand":[],"product_cat":[17249,13043],"product_tag":[],"class_list":{"0":"post-722279","1":"product","2":"type-product","3":"status-publish","5":"product_cat-borsa-finans","6":"product_cat-ekonomi","7":"pa_cilt-ciltsiz","8":"pa_tur-kitap","9":"pa_yayinevi-gazi-kitabevi","10":"pa_yazar-mehmet-sami-suyuk","12":"first","13":"instock","14":"sale","15":"shipping-taxable","16":"purchasable","17":"product-type-simple"},"_links":{"self":[{"href":"https:\/\/roveyayinevi.com.tr\/index.php\/wp-json\/wp\/v2\/product\/722279","targetHints":{"allow":["GET"]}}],"collection":[{"href":"https:\/\/roveyayinevi.com.tr\/index.php\/wp-json\/wp\/v2\/product"}],"about":[{"href":"https:\/\/roveyayinevi.com.tr\/index.php\/wp-json\/wp\/v2\/types\/product"}],"wp:attachment":[{"href":"https:\/\/roveyayinevi.com.tr\/index.php\/wp-json\/wp\/v2\/media?parent=722279"}],"wp:term":[{"taxonomy":"product_brand","embeddable":true,"href":"https:\/\/roveyayinevi.com.tr\/index.php\/wp-json\/wp\/v2\/product_brand?post=722279"},{"taxonomy":"product_cat","embeddable":true,"href":"https:\/\/roveyayinevi.com.tr\/index.php\/wp-json\/wp\/v2\/product_cat?post=722279"},{"taxonomy":"product_tag","embeddable":true,"href":"https:\/\/roveyayinevi.com.tr\/index.php\/wp-json\/wp\/v2\/product_tag?post=722279"}],"curies":[{"name":"wp","href":"https:\/\/api.w.org\/{rel}","templated":true}]}}