{"id":722278,"date":"2025-08-27T19:02:16","date_gmt":"2025-08-27T16:02:16","guid":{"rendered":"https:\/\/roveyayinevi.com.tr\/index.php\/urun\/yogun-stresin-ogrenmeye-etkileri-ve-cozumleri\/"},"modified":"2026-04-16T02:29:57","modified_gmt":"2026-04-15T23:29:57","slug":"yogun-stresin-ogrenmeye-etkileri-ve-cozumleri","status":"publish","type":"product","link":"https:\/\/roveyayinevi.com.tr\/index.php\/urun\/yogun-stresin-ogrenmeye-etkileri-ve-cozumleri\/","title":{"rendered":"Yo\u011fun Stresin \u00d6\u011frenmeye Etkileri ve \u00c7\u00f6z\u00fcmleri"},"content":{"rendered":"<p>\u00d6\u011frenme hayat\u0131m\u0131z boyunca devam eden bir s\u00fcre\u00e7tir ve hayat\u0131m\u0131z\u0131 anlaml\u0131 k\u0131lar. D\u00fcnyaya  yeni gelmi\u015f bir bebek, ilk \u00f6\u011frenmeyi, \u00e7evresindeki anne ve babas\u0131yla etkile\u015fimde bulunarak yapar. Bu nedenle, \u00e7ocu\u011fa model olan anne ve baban\u0131n ilk e\u011fitimciler oldu\u011fu ger\u00e7e\u011fi g\u00f6z\u00f6n\u00fcnde bulundurularak sorumluluk almalar\u0131, \u00e7ocu\u011fu okula haz\u0131rlar. Etkili bir \u00f6\u011frenme, ancak g\u00fcven ortam\u0131nda ger\u00e7ekle\u015ftirilir. \u00c7ocu\u011fun veya \u00f6\u011frencinin varl\u0131\u011f\u0131na sald\u0131r\u0131 veya tehdit oldu\u011funda, stres d\u00fczeyini y\u00fckselterek, \u00f6\u011frenmenin \u00f6n\u00fcnde engel olu\u015fturur. Bu kitaptan,  en \u00f6nce stres d\u00fczeyinizi saptamay\u0131, d\u00fc\u015f\u00fck d\u00fczeyli strese direnmek yerine, onun itici g\u00fcc\u00fcnden etkili \u00f6\u011frenme i\u00e7in nas\u0131l faydalanabilece\u011finizi ve d\u00fczeyi y\u00fckselmi\u015f stresi kontrol alt\u0131na alma yollar\u0131n\u0131 \u00f6\u011freneceksiniz. Ayr\u0131ca, nefes teknikleriyle, do\u011fru beslenme \u00f6nerileriyle ve zihinsel\/duygusal blokajlar\u0131 \u00e7\u00f6z\u00fcmleme \u00e7al\u0131\u015fmalar\u0131yla, etkili \u00f6\u011frenmenin \u00f6n\u00fcndeki engelleri ortadan kald\u0131rabileceksiniz. Stres d\u00fczeyini kontrol alt\u0131na ald\u0131k\u00e7a, potansiyelinizi daha rahat ortaya \u00e7\u0131kararak ba\u015far\u0131y\u0131 garanti alt\u0131na alabileceksiniz. Sizleri, potansiyelinin fark\u0131nda ve onu iyi kullanan, kendine g\u00fcvenen, huzurlu ve dingin, yarat\u0131c\u0131l\u0131\u011f\u0131n\u0131n g\u00fcc\u00fcnden faydalanan \u00e7ocuklar yeti\u015ftirere, gelece\u011fin mimar\u0131 gen\u00e7leri, el birli\u011fi ile yaratmaya davet ediyorum. \u0130nsan\u0131n varl\u0131\u011f\u0131n\u0131 tan\u0131mas\u0131na ve bilincini geli\u015ftirmesine katk\u0131da bulunan herkese selam olsun! Hepinize kucak dolusu sevgiler \u00dcmit Grace Samur<\/p>\n","protected":false},"excerpt":{"rendered":"<p>\u00d6\u011frenme hayat\u0131m\u0131z boyunca devam eden bir s\u00fcre\u00e7tir ve hayat\u0131m\u0131z\u0131 anlaml\u0131 k\u0131lar. D\u00fcnyaya yeni gelmi\u015f bir bebek, ilk \u00f6\u011frenmeyi, \u00e7evresindeki anne ve babas\u0131yla etkile\u015fimde bulunarak yapar. Bu<span class=\"excerpt-hellip\"> [\u2026]<\/span><\/p>\n","protected":false},"featured_media":0,"template":"","meta":{"_monsterinsights_skip_tracking":false,"_monsterinsights_sitenote_active":false,"_monsterinsights_sitenote_note":"","_monsterinsights_sitenote_category":0},"product_brand":[],"product_cat":[12364,12376],"product_tag":[],"class_list":{"0":"post-722278","1":"product","2":"type-product","3":"status-publish","5":"product_cat-genel-konular","6":"product_cat-kisisel-gelisim","7":"pa_cilt-ciltsiz","8":"pa_tur-kitap","9":"pa_yayinevi-gazi-kitabevi","10":"pa_yazar-umit-grace-samur","12":"first","13":"instock","14":"sale","15":"shipping-taxable","16":"purchasable","17":"product-type-simple"},"_links":{"self":[{"href":"https:\/\/roveyayinevi.com.tr\/index.php\/wp-json\/wp\/v2\/product\/722278","targetHints":{"allow":["GET"]}}],"collection":[{"href":"https:\/\/roveyayinevi.com.tr\/index.php\/wp-json\/wp\/v2\/product"}],"about":[{"href":"https:\/\/roveyayinevi.com.tr\/index.php\/wp-json\/wp\/v2\/types\/product"}],"wp:attachment":[{"href":"https:\/\/roveyayinevi.com.tr\/index.php\/wp-json\/wp\/v2\/media?parent=722278"}],"wp:term":[{"taxonomy":"product_brand","embeddable":true,"href":"https:\/\/roveyayinevi.com.tr\/index.php\/wp-json\/wp\/v2\/product_brand?post=722278"},{"taxonomy":"product_cat","embeddable":true,"href":"https:\/\/roveyayinevi.com.tr\/index.php\/wp-json\/wp\/v2\/product_cat?post=722278"},{"taxonomy":"product_tag","embeddable":true,"href":"https:\/\/roveyayinevi.com.tr\/index.php\/wp-json\/wp\/v2\/product_tag?post=722278"}],"curies":[{"name":"wp","href":"https:\/\/api.w.org\/{rel}","templated":true}]}}