{"id":722277,"date":"2025-08-27T19:02:15","date_gmt":"2025-08-27T16:02:15","guid":{"rendered":"https:\/\/roveyayinevi.com.tr\/index.php\/urun\/kehanet-yili\/"},"modified":"2026-04-16T02:29:57","modified_gmt":"2026-04-15T23:29:57","slug":"kehanet-yili","status":"publish","type":"product","link":"https:\/\/roveyayinevi.com.tr\/index.php\/urun\/kehanet-yili\/","title":{"rendered":"Kehanet Y\u0131l\u0131"},"content":{"rendered":"<p>Amazon.com Y\u0131l\u0131n En \u0130yi Roman\u0131 Se\u00e7kisinde Goodreads Y\u0131l\u0131n En \u0130yi Bilim Kurgu FinalistiBilgi g\u00fc\u00e7t\u00fcr. Peki ya gelece\u011fin bilgisi?Lotonun \u015fansl\u0131 numaralar\u0131. Narenciye sekt\u00f6r\u00fcn\u00fcn \u00e7ikolatal\u0131 s\u00fct y\u00fcz\u00fcnden \u00e7\u00f6kme ihtimali. S\u0131radaki derbinin galibi ya da en yak\u0131n kas\u0131rgan\u0131n tarihi&#8230;Bunlar\u0131 bilse bilse, Will Dando bilir. Nam-\u0131 di\u011fer K\u00e2hin! Will Dando bir sabah gelecek y\u0131la dair 108 kehanetle uyan\u0131yor.Will gezegenin en \u015fansl\u0131 insan\u0131 olmal\u0131.Peki neden o, ve nas\u0131l, ya ne pahas\u0131na?Devlet ba\u015fkanlar\u0131ndan \u00e7ok uluslu \u015firketlere, din adamlar\u0131ndan istihbarat \u00f6rg\u00fctlerine herkes pe\u015finde.Seveni, sevmeyeni, t\u00fcm d\u00fcnya merak i\u00e7inde, kim bu K\u00e2hin, bunca zamand\u0131r nerede?Will hayatta kalmal\u0131, mucizenin s\u0131rr\u0131n\u0131 \u00e7\u00f6zmeli, kehanetleri \u015feytandan korumal\u0131 ve sevdiklerine kavu\u015fmal\u0131.Sizce ne kadar\u0131n\u0131 yaparsa, ba\u015far\u0131l\u0131 say\u0131l\u0131r?Will&#8217;e sorsan\u0131z, bir tanesi yeter.Charles Soule&#8217;den kurgusu s\u0131k\u0131, temposu y\u00fcksek, \u015fa\u015f\u0131rt\u0131c\u0131 ve e\u011flenceli bir macera.2020&#8217;de muhabbetlerin vazge\u00e7ilmezi olacak, tekrar tekrar \u00e7\u0131k\u0131las\u0131 bir ser\u00fcven.\u201cAl\u0131n size benim kehanetim: Bu roman ruhunuza s\u0131zacak. Kehanet Y\u0131l\u0131, sadece gelece\u011fi bilmekle de\u011fil, o bilgi ile ne yapaca\u011f\u0131n\u0131zla ilgili.\u201d Brad Meltzer\u201cMerak duygusu sonuna kadar zirvede, son sayfas\u0131na kadar tahminler durmayacak. M\u00fcthi\u015f roman!\u201d Kirkus\u201c\u0130yi \u00e7al\u0131\u015f\u0131lm\u0131\u015f karakterler, harika final. Kesinlikle bir solukta okunacak bir roman. Apokaliptik spek\u00fclatif bir macera!\u201d Publishers Weekly \u201cSoule&#8217;nin Marvel ruhu roman\u0131na yans\u0131yor, bol \u015famatal\u0131 \u015fahane bir roman!\u201d Booklist  \u201cTekinsiz, tahmin edilemez, ele avuca s\u0131\u011fmaz.\u201d New York Journal of Books <\/p>\n","protected":false},"excerpt":{"rendered":"<p>Amazon.com Y\u0131l\u0131n En \u0130yi Roman\u0131 Se\u00e7kisinde Goodreads Y\u0131l\u0131n En \u0130yi Bilim Kurgu FinalistiBilgi g\u00fc\u00e7t\u00fcr. Peki ya gelece\u011fin bilgisi?Lotonun \u015fansl\u0131 numaralar\u0131. Narenciye sekt\u00f6r\u00fcn\u00fcn \u00e7ikolatal\u0131 s\u00fct y\u00fcz\u00fcnden \u00e7\u00f6kme<span class=\"excerpt-hellip\"> [\u2026]<\/span><\/p>\n","protected":false},"featured_media":0,"template":"","meta":{"_monsterinsights_skip_tracking":false,"_monsterinsights_sitenote_active":false,"_monsterinsights_sitenote_note":"","_monsterinsights_sitenote_category":0},"product_brand":[],"product_cat":[12291,12711],"product_tag":[],"class_list":{"0":"post-722277","1":"product","2":"type-product","3":"status-publish","5":"product_cat-edebiyat","6":"product_cat-roman-oyku","7":"pa_cilt-ciltsiz","8":"pa_tur-kitap","9":"pa_yayinevi-april-yayincilik","10":"pa_yazar-charles-soule","12":"first","13":"instock","14":"sale","15":"shipping-taxable","16":"purchasable","17":"product-type-simple"},"_links":{"self":[{"href":"https:\/\/roveyayinevi.com.tr\/index.php\/wp-json\/wp\/v2\/product\/722277","targetHints":{"allow":["GET"]}}],"collection":[{"href":"https:\/\/roveyayinevi.com.tr\/index.php\/wp-json\/wp\/v2\/product"}],"about":[{"href":"https:\/\/roveyayinevi.com.tr\/index.php\/wp-json\/wp\/v2\/types\/product"}],"wp:attachment":[{"href":"https:\/\/roveyayinevi.com.tr\/index.php\/wp-json\/wp\/v2\/media?parent=722277"}],"wp:term":[{"taxonomy":"product_brand","embeddable":true,"href":"https:\/\/roveyayinevi.com.tr\/index.php\/wp-json\/wp\/v2\/product_brand?post=722277"},{"taxonomy":"product_cat","embeddable":true,"href":"https:\/\/roveyayinevi.com.tr\/index.php\/wp-json\/wp\/v2\/product_cat?post=722277"},{"taxonomy":"product_tag","embeddable":true,"href":"https:\/\/roveyayinevi.com.tr\/index.php\/wp-json\/wp\/v2\/product_tag?post=722277"}],"curies":[{"name":"wp","href":"https:\/\/api.w.org\/{rel}","templated":true}]}}