{"id":722275,"date":"2025-08-27T19:02:14","date_gmt":"2025-08-27T16:02:14","guid":{"rendered":"https:\/\/roveyayinevi.com.tr\/index.php\/urun\/gokyuzu-ozlemi\/"},"modified":"2026-04-16T02:29:56","modified_gmt":"2026-04-15T23:29:56","slug":"gokyuzu-ozlemi","status":"publish","type":"product","link":"https:\/\/roveyayinevi.com.tr\/index.php\/urun\/gokyuzu-ozlemi\/","title":{"rendered":"G\u00f6ky\u00fcz\u00fc \u00d6zlemi"},"content":{"rendered":"<p>&#8220;Zac\u2019le neredeyse g\u00f6r\u00fcnmez oldu\u011fumuzu duyumsad\u0131\u011f\u0131mdan hik\u00e2yemizin unutulup gitmedi\u011finden emin olmak istedim\u2026 E\u011fer hayat g\u00fczelle\u015fmemi\u015f ya da en az\u0131ndan ilgin\u00e7le\u015fememi\u015f olsayd\u0131 kendim uyduracak, i\u00e7ine cad\u0131lar, kaleler ve h\u0131zl\u0131 giden arabalar koyacakt\u0131m ama gerek kalmad\u0131. Hayat kendili\u011finden heyecanl\u0131 hale geldi.&#8221;Ira\u2019yla Zac hayatlar\u0131 boyunca koruyucu aileden koruyucu aileye s\u00fcr\u00fcklenmi\u015ftir. Ge\u00e7mi\u015flerine dair sahip olduklar\u0131 tek \u015fey siyah bir k\u00f6pe\u011fin eski p\u00fcsk\u00fc, bulan\u0131k bir foto\u011fraf\u0131d\u0131r. Derken Londra\u2019da bir yetimhane olan Skilly Yurdu\u2019na ta\u015f\u0131n\u0131rlar. Burada dostlar edinir, onlar\u0131 kaybeder ve hayatlar\u0131n\u0131n ba\u015flamas\u0131n\u0131 beklerler. G\u00fcn\u00fcn birinde\u2026 ba\u015flarlar\u2026G\u00f6ky\u00fcz\u00fc \u00d6zlemi gri, so\u011fuk bir d\u00fcnyada yollar\u0131n\u0131 bulmaya \u00e7al\u0131\u015fan iki \u00e7ocu\u011fun ve g\u00f6ky\u00fcz\u00fc mavile\u015fti\u011finde neler oldu\u011funun enfes kaleme al\u0131nm\u0131\u015f \u00f6yk\u00fcs\u00fc.\u00d6yle g\u00fczel ki! Harika bir kitap. &#8211; Natasha Farrant, After Iris\u2019in yazar\u0131Pek g\u00fczel, canl\u0131 ve inand\u0131r\u0131c\u0131. &#8211; Emma Chichester Clark<\/p>\n","protected":false},"excerpt":{"rendered":"<p>&#8220;Zac\u2019le neredeyse g\u00f6r\u00fcnmez oldu\u011fumuzu duyumsad\u0131\u011f\u0131mdan hik\u00e2yemizin unutulup gitmedi\u011finden emin olmak istedim\u2026 E\u011fer hayat g\u00fczelle\u015fmemi\u015f ya da en az\u0131ndan ilgin\u00e7le\u015fememi\u015f olsayd\u0131 kendim uyduracak, i\u00e7ine cad\u0131lar, kaleler ve<span class=\"excerpt-hellip\"> [\u2026]<\/span><\/p>\n","protected":false},"featured_media":0,"template":"","meta":{"_monsterinsights_skip_tracking":false,"_monsterinsights_sitenote_active":false,"_monsterinsights_sitenote_note":"","_monsterinsights_sitenote_category":0},"product_brand":[],"product_cat":[12274,12284],"product_tag":[],"class_list":{"0":"post-722275","1":"product","2":"type-product","3":"status-publish","5":"product_cat-cocuk-ve-genclik-kitaplari","6":"product_cat-hikayeler","7":"pa_cilt-ciltsiz","8":"pa_tur-kitap","9":"pa_yayinevi-bilgi-yayinevi","10":"pa_yazar-s-e-durrant","12":"first","13":"instock","14":"sale","15":"shipping-taxable","16":"purchasable","17":"product-type-simple"},"_links":{"self":[{"href":"https:\/\/roveyayinevi.com.tr\/index.php\/wp-json\/wp\/v2\/product\/722275","targetHints":{"allow":["GET"]}}],"collection":[{"href":"https:\/\/roveyayinevi.com.tr\/index.php\/wp-json\/wp\/v2\/product"}],"about":[{"href":"https:\/\/roveyayinevi.com.tr\/index.php\/wp-json\/wp\/v2\/types\/product"}],"wp:attachment":[{"href":"https:\/\/roveyayinevi.com.tr\/index.php\/wp-json\/wp\/v2\/media?parent=722275"}],"wp:term":[{"taxonomy":"product_brand","embeddable":true,"href":"https:\/\/roveyayinevi.com.tr\/index.php\/wp-json\/wp\/v2\/product_brand?post=722275"},{"taxonomy":"product_cat","embeddable":true,"href":"https:\/\/roveyayinevi.com.tr\/index.php\/wp-json\/wp\/v2\/product_cat?post=722275"},{"taxonomy":"product_tag","embeddable":true,"href":"https:\/\/roveyayinevi.com.tr\/index.php\/wp-json\/wp\/v2\/product_tag?post=722275"}],"curies":[{"name":"wp","href":"https:\/\/api.w.org\/{rel}","templated":true}]}}