{"id":722268,"date":"2025-08-27T19:02:08","date_gmt":"2025-08-27T16:02:08","guid":{"rendered":"https:\/\/roveyayinevi.com.tr\/index.php\/urun\/seker-ankarayi-geziyor\/"},"modified":"2026-04-16T02:29:56","modified_gmt":"2026-04-15T23:29:56","slug":"seker-ankarayi-geziyor","status":"publish","type":"product","link":"https:\/\/roveyayinevi.com.tr\/index.php\/urun\/seker-ankarayi-geziyor\/","title":{"rendered":"\u015eeker Ankara&#8217;y\u0131 Geziyor"},"content":{"rendered":"<p>Yay\u0131n sekt\u00f6r\u00fcn\u00fcn \u00f6nc\u00fc isimlerinden Yade, Yade \u00c7ocuk kitaplar\u0131 i\u00e7erisinde \u00e7ocuklar\u0131n el becerilerinin ve hayal g\u00fc\u00e7lerinin geli\u015fmesi i\u00e7in onlara birbirinden keyifli boyama kitaplar\u0131 sunuyor. \u015eeker T\u00fcrkiye\u2019yi Geziyor dizisi ile \u00e7ocuklar\u0131m\u0131z hem e\u011fleniyor hem de \u015fehirlerimizi ziyaret ediyor.<\/p>\n","protected":false},"excerpt":{"rendered":"<p>Yay\u0131n sekt\u00f6r\u00fcn\u00fcn \u00f6nc\u00fc isimlerinden Yade, Yade \u00c7ocuk kitaplar\u0131 i\u00e7erisinde \u00e7ocuklar\u0131n el becerilerinin ve hayal g\u00fc\u00e7lerinin geli\u015fmesi i\u00e7in onlara birbirinden keyifli boyama kitaplar\u0131 sunuyor. \u015eeker T\u00fcrkiye\u2019yi Geziyor<span class=\"excerpt-hellip\"> [\u2026]<\/span><\/p>\n","protected":false},"featured_media":0,"template":"","meta":{"_monsterinsights_skip_tracking":false,"_monsterinsights_sitenote_active":false,"_monsterinsights_sitenote_note":"","_monsterinsights_sitenote_category":0},"product_brand":[],"product_cat":[12644,12274],"product_tag":[],"class_list":{"0":"post-722268","1":"product","2":"type-product","3":"status-publish","5":"product_cat-boyama-kitaplari","6":"product_cat-cocuk-ve-genclik-kitaplari","7":"pa_cilt-ciltsiz","8":"pa_tur-kitap","9":"pa_yayinevi-yade-yayinlari","10":"pa_yazar-kolektif","12":"first","13":"instock","14":"sale","15":"shipping-taxable","16":"purchasable","17":"product-type-simple"},"_links":{"self":[{"href":"https:\/\/roveyayinevi.com.tr\/index.php\/wp-json\/wp\/v2\/product\/722268","targetHints":{"allow":["GET"]}}],"collection":[{"href":"https:\/\/roveyayinevi.com.tr\/index.php\/wp-json\/wp\/v2\/product"}],"about":[{"href":"https:\/\/roveyayinevi.com.tr\/index.php\/wp-json\/wp\/v2\/types\/product"}],"wp:attachment":[{"href":"https:\/\/roveyayinevi.com.tr\/index.php\/wp-json\/wp\/v2\/media?parent=722268"}],"wp:term":[{"taxonomy":"product_brand","embeddable":true,"href":"https:\/\/roveyayinevi.com.tr\/index.php\/wp-json\/wp\/v2\/product_brand?post=722268"},{"taxonomy":"product_cat","embeddable":true,"href":"https:\/\/roveyayinevi.com.tr\/index.php\/wp-json\/wp\/v2\/product_cat?post=722268"},{"taxonomy":"product_tag","embeddable":true,"href":"https:\/\/roveyayinevi.com.tr\/index.php\/wp-json\/wp\/v2\/product_tag?post=722268"}],"curies":[{"name":"wp","href":"https:\/\/api.w.org\/{rel}","templated":true}]}}