{"id":722266,"date":"2025-08-27T19:02:06","date_gmt":"2025-08-27T16:02:06","guid":{"rendered":"https:\/\/roveyayinevi.com.tr\/index.php\/urun\/evrensel-isaretleri-okumak\/"},"modified":"2026-04-03T02:36:14","modified_gmt":"2026-04-02T23:36:14","slug":"evrensel-isaretleri-okumak","status":"publish","type":"product","link":"https:\/\/roveyayinevi.com.tr\/index.php\/urun\/evrensel-isaretleri-okumak\/","title":{"rendered":"Evrensel \u0130\u015faretleri Okumak"},"content":{"rendered":"<p>Ba\u015f\u0131n\u0131z a\u011fr\u0131d\u0131\u011f\u0131nda bir kere hap i\u00e7tiniz diye \u00f6mr\u00fcn\u00fcz boyunca bir daha ba\u015f\u0131n\u0131z\u0131n a\u011fr\u0131mayaca\u011f\u0131n\u0131 d\u00fc\u015f\u00fcnmezsiniz. Ki\u015fisel geli\u015fim de b\u00f6yledir. Hayat boyu devam eder. \u00d6nemli olan sizin tarladan, ta\u015fl\u0131 yoldan \u00e7\u0131k\u0131p, m\u0131c\u0131rl\u0131 yola, oradan asfalta ve otobana ula\u015fabilmenizdir.Geli\u015fiminiz yava\u015f yava\u015f ve kararl\u0131 olacakt\u0131r ki, nefsiniz de sizinle birlikte ikna olsun.Ki\u015fisel geli\u015fim \u00e7ok geni\u015f bir alan ve yolculu\u011fumda daha \u00e7ok bilin\u00e7alt\u0131 i\u015faretler ve sistemin bize ne g\u00f6sterdi\u011fi konusuyla ilgilenmek dikkatimi \u00e7ekti. \u0130\u015faretleri okumay\u0131 ve nas\u0131l okunabilece\u011fini payla\u015fmay\u0131 seviyorum.\u00c7ocu\u011funuz, e\u015finiz, anne baban\u0131z size ne anlat\u0131yor, kar\u015f\u0131la\u015ft\u0131\u011f\u0131n\u0131z zaman ne mesaj\u0131 vermek istiyor? Bu i\u015faretleri okuman\u0131za yard\u0131mc\u0131 olmak i\u00e7in elimden geldi\u011fince fark\u0131ndal\u0131klar\u0131m\u0131 payla\u015fmaya gayret g\u00f6sterdim.B\u00fct\u00fcn \u00e7al\u0131\u015fmalarda oldu\u011fu gibi ki\u015fisel geli\u015fimde de \u201cniyet\u201d \u00f6nemlidir. Niyet ettim ve y\u00fcz y\u00fcze yapt\u0131\u011f\u0131m \u00e7al\u0131\u015fmalar\u0131 bu defa da bu kitab\u0131n sat\u0131rlar\u0131yla size ula\u015ft\u0131rmak i\u00e7in yola \u00e7\u0131kt\u0131m. Umuyorum ki okudu\u011funuz bunca sat\u0131r\u0131n bir faydas\u0131 olsun.Niyet ediyorum b\u00fct\u00fcne \u015fifa olsun.<\/p>\n","protected":false},"excerpt":{"rendered":"<p>Ba\u015f\u0131n\u0131z a\u011fr\u0131d\u0131\u011f\u0131nda bir kere hap i\u00e7tiniz diye \u00f6mr\u00fcn\u00fcz boyunca bir daha ba\u015f\u0131n\u0131z\u0131n a\u011fr\u0131mayaca\u011f\u0131n\u0131 d\u00fc\u015f\u00fcnmezsiniz. Ki\u015fisel geli\u015fim de b\u00f6yledir. Hayat boyu devam eder. \u00d6nemli olan sizin tarladan,<span class=\"excerpt-hellip\"> [\u2026]<\/span><\/p>\n","protected":false},"featured_media":0,"template":"","meta":{"_monsterinsights_skip_tracking":false,"_monsterinsights_sitenote_active":false,"_monsterinsights_sitenote_note":"","_monsterinsights_sitenote_category":0},"product_brand":[],"product_cat":[12364,12376],"product_tag":[],"class_list":{"0":"post-722266","1":"product","2":"type-product","3":"status-publish","5":"product_cat-genel-konular","6":"product_cat-kisisel-gelisim","7":"pa_cilt-ciltsiz","8":"pa_tur-kitap","9":"pa_yayinevi-destek-yayinlari","10":"pa_yazar-emine-gardiyanoglu","12":"first","13":"instock","14":"sale","15":"shipping-taxable","16":"purchasable","17":"product-type-simple"},"_links":{"self":[{"href":"https:\/\/roveyayinevi.com.tr\/index.php\/wp-json\/wp\/v2\/product\/722266","targetHints":{"allow":["GET"]}}],"collection":[{"href":"https:\/\/roveyayinevi.com.tr\/index.php\/wp-json\/wp\/v2\/product"}],"about":[{"href":"https:\/\/roveyayinevi.com.tr\/index.php\/wp-json\/wp\/v2\/types\/product"}],"wp:attachment":[{"href":"https:\/\/roveyayinevi.com.tr\/index.php\/wp-json\/wp\/v2\/media?parent=722266"}],"wp:term":[{"taxonomy":"product_brand","embeddable":true,"href":"https:\/\/roveyayinevi.com.tr\/index.php\/wp-json\/wp\/v2\/product_brand?post=722266"},{"taxonomy":"product_cat","embeddable":true,"href":"https:\/\/roveyayinevi.com.tr\/index.php\/wp-json\/wp\/v2\/product_cat?post=722266"},{"taxonomy":"product_tag","embeddable":true,"href":"https:\/\/roveyayinevi.com.tr\/index.php\/wp-json\/wp\/v2\/product_tag?post=722266"}],"curies":[{"name":"wp","href":"https:\/\/api.w.org\/{rel}","templated":true}]}}