{"id":722265,"date":"2025-08-27T19:02:06","date_gmt":"2025-08-27T16:02:06","guid":{"rendered":"https:\/\/roveyayinevi.com.tr\/index.php\/urun\/kaderini-sev-cunku-aslinda-hayatin-bu\/"},"modified":"2026-04-16T02:29:56","modified_gmt":"2026-04-15T23:29:56","slug":"kaderini-sev-cunku-aslinda-hayatin-bu","status":"publish","type":"product","link":"https:\/\/roveyayinevi.com.tr\/index.php\/urun\/kaderini-sev-cunku-aslinda-hayatin-bu\/","title":{"rendered":"Kaderini Sev \u00c7\u00fcnk\u00fc Asl\u0131nda Hayat\u0131n Bu"},"content":{"rendered":"<p>\u201cYanmay\u0131 bilmeyen u\u00e7may\u0131 \u00f6\u011frenemez.\u201dHayat\u0131 boyunca zihinsel ve bedensel ac\u0131lar i\u00e7inde ya\u015famak zorunda kalan \u00fcnl\u00fc Alman filozof Nietzsche\u2019nin insanl\u0131\u011fa sundu\u011fu \u201cEbedi D\u00f6n\u00fc\u015f\u201d, \u201cKaderini Sevmek\/Amor Fati\u201d, \u201c\u00dcstinsan\u201d ve \u201cG\u00fc\u00e7 \u0130stenci\u201d gibi bilgelik kap\u0131lar\u0131, bug\u00fcn bile yeni d\u00fc\u015f\u00fcn\u00fc\u015f bi\u00e7imlerine ilham olmaya devam ediyor. \u0130nsano\u011flunun ya\u015fad\u0131\u011f\u0131 hayat\u0131, \u00fczerine \u00e7\u0131k\u0131lmas\u0131 gereken bir oyun alan\u0131 olarak g\u00f6ren Nietzsche, modern d\u00fcnyan\u0131n sorunlar\u0131yla ba\u015f edebilmek i\u00e7in laz\u0131m gelen oyun kurallar\u0131n\u0131 da a\u00e7\u0131k\u00e7a ortaya koyuyor.<\/p>\n","protected":false},"excerpt":{"rendered":"<p>\u201cYanmay\u0131 bilmeyen u\u00e7may\u0131 \u00f6\u011frenemez.\u201dHayat\u0131 boyunca zihinsel ve bedensel ac\u0131lar i\u00e7inde ya\u015famak zorunda kalan \u00fcnl\u00fc Alman filozof Nietzsche\u2019nin insanl\u0131\u011fa sundu\u011fu \u201cEbedi D\u00f6n\u00fc\u015f\u201d, \u201cKaderini Sevmek\/Amor Fati\u201d, \u201c\u00dcstinsan\u201d ve<span class=\"excerpt-hellip\"> [\u2026]<\/span><\/p>\n","protected":false},"featured_media":0,"template":"","meta":{"_monsterinsights_skip_tracking":false,"_monsterinsights_sitenote_active":false,"_monsterinsights_sitenote_note":"","_monsterinsights_sitenote_category":0},"product_brand":[],"product_cat":[12388],"product_tag":[],"class_list":{"0":"post-722265","1":"product","2":"type-product","3":"status-publish","5":"product_cat-felsefe","6":"pa_cilt-ciltsiz","7":"pa_tur-kitap","8":"pa_yayinevi-destek-yayinlari","9":"pa_yazar-friedrich-nietzsche","11":"first","12":"instock","13":"sale","14":"shipping-taxable","15":"purchasable","16":"product-type-simple"},"_links":{"self":[{"href":"https:\/\/roveyayinevi.com.tr\/index.php\/wp-json\/wp\/v2\/product\/722265","targetHints":{"allow":["GET"]}}],"collection":[{"href":"https:\/\/roveyayinevi.com.tr\/index.php\/wp-json\/wp\/v2\/product"}],"about":[{"href":"https:\/\/roveyayinevi.com.tr\/index.php\/wp-json\/wp\/v2\/types\/product"}],"wp:attachment":[{"href":"https:\/\/roveyayinevi.com.tr\/index.php\/wp-json\/wp\/v2\/media?parent=722265"}],"wp:term":[{"taxonomy":"product_brand","embeddable":true,"href":"https:\/\/roveyayinevi.com.tr\/index.php\/wp-json\/wp\/v2\/product_brand?post=722265"},{"taxonomy":"product_cat","embeddable":true,"href":"https:\/\/roveyayinevi.com.tr\/index.php\/wp-json\/wp\/v2\/product_cat?post=722265"},{"taxonomy":"product_tag","embeddable":true,"href":"https:\/\/roveyayinevi.com.tr\/index.php\/wp-json\/wp\/v2\/product_tag?post=722265"}],"curies":[{"name":"wp","href":"https:\/\/api.w.org\/{rel}","templated":true}]}}