{"id":722262,"date":"2025-08-27T19:02:04","date_gmt":"2025-08-27T16:02:04","guid":{"rendered":"https:\/\/roveyayinevi.com.tr\/index.php\/urun\/zihinden-maddeye\/"},"modified":"2026-04-16T02:29:56","modified_gmt":"2026-04-15T23:29:56","slug":"zihinden-maddeye","status":"publish","type":"product","link":"https:\/\/roveyayinevi.com.tr\/index.php\/urun\/zihinden-maddeye\/","title":{"rendered":"Zihinden Maddeye"},"content":{"rendered":"<p>Bilim, metafizikten daha \u015fa\u015f\u0131rt\u0131c\u0131&#8230;\u201cD\u00fc\u015f\u00fcncelerin madde oldu\u011fu\u201d tezi, pop\u00fcler k\u00fclt\u00fcrde bir fenomene d\u00f6n\u00fc\u015ft\u00fc art\u0131k&#8230;Hatta baz\u0131 spirit\u00fcel \u00f6\u011freticiler, sonsuz g\u00fc\u00e7leri zihne atfediyorlar. Peki, bu iddialar bilimsel olarak do\u011fru mu? \u0130nsan zihninin d\u00fc\u015f\u00fcnceleri ger\u00e7e\u011fe d\u00f6n\u00fc\u015ft\u00fcrme g\u00fcc\u00fc hakk\u0131nda bilimsel kan\u0131tlar ne diyor?Epigenetik, sinirbilimi, elektromanyetizma, psikoloji, simatik (dalga kavramlar\u0131 \u00fczerinde yap\u0131lan \u00e7al\u0131\u015fmalar), halk sa\u011fl\u0131\u011f\u0131 ve kuantum fizik, d\u00fc\u015f\u00fcncelerin derinlemesine ger\u00e7ekten yarat\u0131c\u0131 olabilece\u011fini g\u00f6steriyor.\u00d6d\u00fcll\u00fc yazar Dawson Church Zihinden maddeye adl\u0131 bu kitab\u0131nda, bilimsel ger\u00e7ekleri inceliyor ve zihnin bir maddesel \u015fekli nas\u0131l yaratt\u0131\u011f\u0131n\u0131 g\u00f6steren \u00e7al\u0131\u015fmalar\u0131 ad\u0131m ad\u0131m b\u00fct\u00fcn ayr\u0131nt\u0131lar\u0131yla g\u00f6zden ge\u00e7iriyor. B\u00f6ylece bulmacan\u0131n her par\u00e7as\u0131 yerine oturuyor ve bilimin metafizikten daha \u015fa\u015f\u0131rt\u0131c\u0131 oldu\u011fu ger\u00e7e\u011fi ortaya \u00e7\u0131k\u0131yor.T\u0131p, spor, i\u015f, \u015fifa, sanat ve bilimsel d\u00fcnyada, d\u00fc\u015f\u00fcnceyi maddeye d\u00f6n\u00fc\u015ft\u00fcrme deneyimi ya\u015fam\u0131\u015f olan ki\u015filerin tan\u0131kl\u0131klar\u0131n\u0131 da i\u00e7eren kitap, ba\u015ftan sona ya ilham veriyor ya da y\u00fcrek yak\u0131yor. Zihinden maddeye kitab\u0131, yaratmak i\u00e7in bireysel sorumluluklar\u0131n\u0131 \u00fcstlenen insan t\u00fcr\u00fcn\u00fcn, b\u00fct\u00fcn d\u00fcnyay\u0131 de\u011fi\u015ftirecek potansiyele sahip oldu\u011funun alt\u0131n\u0131 \u00e7iziyor.<\/p>\n","protected":false},"excerpt":{"rendered":"<p>Bilim, metafizikten daha \u015fa\u015f\u0131rt\u0131c\u0131&#8230;\u201cD\u00fc\u015f\u00fcncelerin madde oldu\u011fu\u201d tezi, pop\u00fcler k\u00fclt\u00fcrde bir fenomene d\u00f6n\u00fc\u015ft\u00fc art\u0131k&#8230;Hatta baz\u0131 spirit\u00fcel \u00f6\u011freticiler, sonsuz g\u00fc\u00e7leri zihne atfediyorlar. Peki, bu iddialar bilimsel olarak do\u011fru<span class=\"excerpt-hellip\"> [\u2026]<\/span><\/p>\n","protected":false},"featured_media":0,"template":"","meta":{"_monsterinsights_skip_tracking":false,"_monsterinsights_sitenote_active":false,"_monsterinsights_sitenote_note":"","_monsterinsights_sitenote_category":0},"product_brand":[],"product_cat":[16038,12388],"product_tag":[],"class_list":{"0":"post-722262","1":"product","2":"type-product","3":"status-publish","5":"product_cat-arastirma-inceleme-referans-felsefe","6":"product_cat-felsefe","7":"pa_cilt-ciltsiz","8":"pa_tur-kitap","9":"pa_yayinevi-destek-yayinlari","10":"pa_yazar-dawson-church","12":"first","13":"instock","14":"sale","15":"shipping-taxable","16":"purchasable","17":"product-type-simple"},"_links":{"self":[{"href":"https:\/\/roveyayinevi.com.tr\/index.php\/wp-json\/wp\/v2\/product\/722262","targetHints":{"allow":["GET"]}}],"collection":[{"href":"https:\/\/roveyayinevi.com.tr\/index.php\/wp-json\/wp\/v2\/product"}],"about":[{"href":"https:\/\/roveyayinevi.com.tr\/index.php\/wp-json\/wp\/v2\/types\/product"}],"wp:attachment":[{"href":"https:\/\/roveyayinevi.com.tr\/index.php\/wp-json\/wp\/v2\/media?parent=722262"}],"wp:term":[{"taxonomy":"product_brand","embeddable":true,"href":"https:\/\/roveyayinevi.com.tr\/index.php\/wp-json\/wp\/v2\/product_brand?post=722262"},{"taxonomy":"product_cat","embeddable":true,"href":"https:\/\/roveyayinevi.com.tr\/index.php\/wp-json\/wp\/v2\/product_cat?post=722262"},{"taxonomy":"product_tag","embeddable":true,"href":"https:\/\/roveyayinevi.com.tr\/index.php\/wp-json\/wp\/v2\/product_tag?post=722262"}],"curies":[{"name":"wp","href":"https:\/\/api.w.org\/{rel}","templated":true}]}}