{"id":722261,"date":"2025-08-27T19:02:03","date_gmt":"2025-08-27T16:02:03","guid":{"rendered":"https:\/\/roveyayinevi.com.tr\/index.php\/urun\/gitsem-bir-turlu-kalsam-bir-turlu\/"},"modified":"2026-04-05T02:37:02","modified_gmt":"2026-04-04T23:37:02","slug":"gitsem-bir-turlu-kalsam-bir-turlu","status":"publish","type":"product","link":"https:\/\/roveyayinevi.com.tr\/index.php\/urun\/gitsem-bir-turlu-kalsam-bir-turlu\/","title":{"rendered":"Gitsem Bir T\u00fcrl\u00fc Kalsam Bir T\u00fcrl\u00fc"},"content":{"rendered":"<p>Bar\u0131\u015fmak m\u0131 ayr\u0131lmak m\u0131? Ciddi ya da uzun d\u00f6nemli bir ili\u015fkiniz oldu\u011funda ba\u015fka hi\u00e7bir soru bu denli ba\u015f a\u011fr\u0131s\u0131 ve ku\u015fku yaratm\u0131yordur. Di\u011fer kitaplar size ili\u015fkinizi d\u00fczeltmek i\u00e7in neler yapman\u0131z gerekti\u011fini s\u00f6yler ancak \u00e7\u0131\u011f\u0131r a\u00e7an bu kitapta devam etmek i\u00e7in \u00e7aba g\u00f6stermeniz mi yoksa \u00e7ekip gitmeniz mi gerekti\u011fini \u00fcnl\u00fc psikoterapist Mira Kirshenbaum\u2019un rehberli\u011finde ad\u0131m ad\u0131m ilerleyerek \u00f6\u011freneceksiniz.Dr. Kirshenbaum y\u0131llar s\u00fcren ara\u015ft\u0131rmalara ve ger\u00e7ek hayattan \u00e7iftlerle yapt\u0131\u011f\u0131 \u00e7al\u0131\u015fmalara dayanarak do\u011fru karar\u0131 vermenize yard\u0131mc\u0131 olacak. Ki\u015fisel analiz ile bu \u00f6zel durumunuza te\u015fhis koyacak ve sizi sorunun merkezine g\u00f6t\u00fcrecek olan \u015fu tarz sorulara cevaplar bulacaks\u0131n\u0131z:- Hangi g\u00fcnahlar affedilebilir, hangileri affedilemez?- Partneriniz size kendinizden \u015f\u00fcphe etmenize neden olan sorular m\u0131 soruyor?- Cinsel hayat\u0131n\u0131z asl\u0131nda neye benziyor ve ne kadar \u00f6nemli?- Aran\u0131zda h\u00e2l\u00e2 a\u015fk var m\u0131, bu onda sevmedi\u011finiz di\u011fer \u015feylerle kar\u015f\u0131la\u015ft\u0131r\u0131ld\u0131\u011f\u0131nda sizin i\u00e7in \u00f6nemli mi?<\/p>\n","protected":false},"excerpt":{"rendered":"<p>Bar\u0131\u015fmak m\u0131 ayr\u0131lmak m\u0131? Ciddi ya da uzun d\u00f6nemli bir ili\u015fkiniz oldu\u011funda ba\u015fka hi\u00e7bir soru bu denli ba\u015f a\u011fr\u0131s\u0131 ve ku\u015fku yaratm\u0131yordur. Di\u011fer kitaplar size ili\u015fkinizi<span class=\"excerpt-hellip\"> [\u2026]<\/span><\/p>\n","protected":false},"featured_media":0,"template":"","meta":{"_monsterinsights_skip_tracking":false,"_monsterinsights_sitenote_active":false,"_monsterinsights_sitenote_note":"","_monsterinsights_sitenote_category":0},"product_brand":[],"product_cat":[12364,12376],"product_tag":[],"class_list":{"0":"post-722261","1":"product","2":"type-product","3":"status-publish","5":"product_cat-genel-konular","6":"product_cat-kisisel-gelisim","7":"pa_cilt-ciltsiz","8":"pa_tur-kitap","9":"pa_yayinevi-koridor-yayincilik","10":"pa_yazar-mira-kirshenbaum","12":"first","13":"instock","14":"sale","15":"shipping-taxable","16":"purchasable","17":"product-type-simple"},"_links":{"self":[{"href":"https:\/\/roveyayinevi.com.tr\/index.php\/wp-json\/wp\/v2\/product\/722261","targetHints":{"allow":["GET"]}}],"collection":[{"href":"https:\/\/roveyayinevi.com.tr\/index.php\/wp-json\/wp\/v2\/product"}],"about":[{"href":"https:\/\/roveyayinevi.com.tr\/index.php\/wp-json\/wp\/v2\/types\/product"}],"wp:attachment":[{"href":"https:\/\/roveyayinevi.com.tr\/index.php\/wp-json\/wp\/v2\/media?parent=722261"}],"wp:term":[{"taxonomy":"product_brand","embeddable":true,"href":"https:\/\/roveyayinevi.com.tr\/index.php\/wp-json\/wp\/v2\/product_brand?post=722261"},{"taxonomy":"product_cat","embeddable":true,"href":"https:\/\/roveyayinevi.com.tr\/index.php\/wp-json\/wp\/v2\/product_cat?post=722261"},{"taxonomy":"product_tag","embeddable":true,"href":"https:\/\/roveyayinevi.com.tr\/index.php\/wp-json\/wp\/v2\/product_tag?post=722261"}],"curies":[{"name":"wp","href":"https:\/\/api.w.org\/{rel}","templated":true}]}}