{"id":722260,"date":"2025-08-27T19:02:02","date_gmt":"2025-08-27T16:02:02","guid":{"rendered":"https:\/\/roveyayinevi.com.tr\/index.php\/urun\/bahce\/"},"modified":"2026-02-03T02:44:49","modified_gmt":"2026-02-02T23:44:49","slug":"bahce","status":"publish","type":"product","link":"https:\/\/roveyayinevi.com.tr\/index.php\/urun\/bahce\/","title":{"rendered":"Bah\u00e7e"},"content":{"rendered":"<p>Hayat\u0131 savunmak ad\u0131na durmadan \u00f6l\u00fcme bakmak; iyili\u011fi savunmak ad\u0131na durmadan k\u00f6t\u00fcl\u00fc\u011f\u00fc tartmak zamanla insan\u0131n ruhunu k\u00f6reltebilir. Uzun s\u00fcre karanl\u0131kta kald\u0131ktan sonra g\u00fcne\u015fe \u00e7\u0131kt\u0131\u011f\u0131nda g\u00f6zleri kama\u015fan adam\u0131n k\u00f6rle\u015fmesi gibi. E\u011filmi\u015f g\u00fcndeme bak\u0131yoruz. S\u0131rt\u0131m\u0131z a\u011fr\u0131yor, birbirimize diyebileceklerimizi \u00e7oktan t\u00fckettik. En tehlikelisi, d\u00fcnyayla ili\u015fkimiz tahamm\u00fcl sanat\u0131na d\u00f6n\u00fc\u015ft\u00fc. Ayd\u0131nl\u0131\u011f\u0131 da payla\u015fabilmeliyiz. Bu d\u00fcnyay\u0131 ya\u015fan\u0131las\u0131 k\u0131lan insanlar\u0131n ser\u00fcvenlerine dahil olabilmeliyiz. K\u0131s\u0131r g\u00fcndemlerin aras\u0131nda kuruyup kalmamak i\u00e7in. Bah\u00e7e\u2019de sizinle o insanlar\u0131 payla\u015faca\u011f\u0131m.-Y\u0131ld\u0131r\u0131m T\u00fcrker<\/p>\n","protected":false},"excerpt":{"rendered":"<p>Hayat\u0131 savunmak ad\u0131na durmadan \u00f6l\u00fcme bakmak; iyili\u011fi savunmak ad\u0131na durmadan k\u00f6t\u00fcl\u00fc\u011f\u00fc tartmak zamanla insan\u0131n ruhunu k\u00f6reltebilir. Uzun s\u00fcre karanl\u0131kta kald\u0131ktan sonra g\u00fcne\u015fe \u00e7\u0131kt\u0131\u011f\u0131nda g\u00f6zleri kama\u015fan adam\u0131n<span class=\"excerpt-hellip\"> [\u2026]<\/span><\/p>\n","protected":false},"featured_media":0,"template":"","meta":{"_monsterinsights_skip_tracking":false,"_monsterinsights_sitenote_active":false,"_monsterinsights_sitenote_note":"","_monsterinsights_sitenote_category":0},"product_brand":[],"product_cat":[12777,12291],"product_tag":[],"class_list":{"0":"post-722260","1":"product","2":"type-product","3":"status-publish","5":"product_cat-deneme","6":"product_cat-edebiyat","7":"pa_cilt-ciltsiz","8":"pa_tur-kitap","9":"pa_yayinevi-kara-karga-yayinlari","10":"pa_yazar-yildirim-turker","12":"first","13":"instock","14":"sale","15":"shipping-taxable","16":"purchasable","17":"product-type-simple"},"_links":{"self":[{"href":"https:\/\/roveyayinevi.com.tr\/index.php\/wp-json\/wp\/v2\/product\/722260","targetHints":{"allow":["GET"]}}],"collection":[{"href":"https:\/\/roveyayinevi.com.tr\/index.php\/wp-json\/wp\/v2\/product"}],"about":[{"href":"https:\/\/roveyayinevi.com.tr\/index.php\/wp-json\/wp\/v2\/types\/product"}],"wp:attachment":[{"href":"https:\/\/roveyayinevi.com.tr\/index.php\/wp-json\/wp\/v2\/media?parent=722260"}],"wp:term":[{"taxonomy":"product_brand","embeddable":true,"href":"https:\/\/roveyayinevi.com.tr\/index.php\/wp-json\/wp\/v2\/product_brand?post=722260"},{"taxonomy":"product_cat","embeddable":true,"href":"https:\/\/roveyayinevi.com.tr\/index.php\/wp-json\/wp\/v2\/product_cat?post=722260"},{"taxonomy":"product_tag","embeddable":true,"href":"https:\/\/roveyayinevi.com.tr\/index.php\/wp-json\/wp\/v2\/product_tag?post=722260"}],"curies":[{"name":"wp","href":"https:\/\/api.w.org\/{rel}","templated":true}]}}