{"id":722255,"date":"2025-08-27T19:01:58","date_gmt":"2025-08-27T16:01:58","guid":{"rendered":"https:\/\/roveyayinevi.com.tr\/index.php\/urun\/bilge-kopek-mutfakta\/"},"modified":"2026-04-16T02:29:56","modified_gmt":"2026-04-15T23:29:56","slug":"bilge-kopek-mutfakta","status":"publish","type":"product","link":"https:\/\/roveyayinevi.com.tr\/index.php\/urun\/bilge-kopek-mutfakta\/","title":{"rendered":"Bilge K\u00f6pek Mutfakta"},"content":{"rendered":"<p>Zencefilli bisk\u00fcvi a\u015fk\u0131na! Hayal ederek yar\u0131\u015fma kazan\u0131l\u0131r m\u0131?Pi\u015fi ailesinin de\u011fmeyin keyfine! Her ak\u015fam mutfaklar\u0131ndan harika kokular y\u00fckseliyor. Sabah kahvalt\u0131s\u0131nda pankek, ak\u015fam yeme\u011finde vejetaryen lazanya derken, Pi\u015filer ekmeklerini bile evde haz\u0131rlamaya merak sar\u0131yor. Her g\u00fcn bunca yemek i\u015fi zor gibi g\u00f6r\u00fcnse de, hepsi halinden memnun. \u00c7\u00fcnk\u00fc ailenin t\u00fcm fertleri \u00e7ok iyi yemek pi\u015firebiliyor. Baba Pi\u015fi hari\u00e7! O, yemek yapmay\u0131 hi\u00e7 sevmiyor. Yapt\u0131\u011f\u0131 ekmekler ise tam bir facia! Ve g\u00fcnlerden bir g\u00fcn, Baba Pi\u015fi, mutfaktaki h\u00fcnersizli\u011fine ek olarak, bir de pasta yar\u0131\u015fmas\u0131na kat\u0131lmaya hevesleniyor. \u00dcstelik iki bin \u00fc\u00e7 y\u00fcz odal\u0131 bir saray in\u015fa ederek, hem de zencefilli bisk\u00fcviden! Neyse ki Bilge K\u00f6pek Merlin duruma m\u00fcdahale ediyor da, aileyi hem y\u00fczlerce ki\u015fi \u00f6n\u00fcnde rezil olmaktan hem de evde y\u00fckselen bisk\u00fcvi y\u0131\u011f\u0131n\u0131 alt\u0131nda kalmaktan kurtar\u0131yor&#8230;Do\u011fal ya\u015fam d\u00f6ng\u00fcs\u00fc, sa\u011fl\u0131kl\u0131 beslenme, bilin\u00e7li t\u00fcketim gibi g\u00fcncel konulara dikkat \u00e7eken Pi\u015fi ailesi, t\u00fcm engellemelere ve \u00f6nyarg\u0131lara kar\u015f\u0131n hayal etmenin ve bu u\u011furda her \u015feyi g\u00f6ze alman\u0131n insan hayat\u0131na katt\u0131\u011f\u0131 manevi g\u00fcc\u00fc g\u00f6zler \u00f6n\u00fcne seriyor.Yazar Meg Rosoff\u2019un imzas\u0131n\u0131 ta\u015f\u0131yan Bilge K\u00f6pek Mutfakta, Tudem\u2019in, okumaya isteksiz ve okuma g\u00fc\u00e7l\u00fc\u011f\u00fc \u00e7eken \u00e7ocuklar i\u00e7in \u00f6zel olarak haz\u0131rlad\u0131\u011f\u0131 SEN de OKU koleksiyonundaki yerini al\u0131yor!Kelimelerle m\u00fccadele eden \u00e7ocuklar, Bilge K\u00f6pek Merlin&#8217;le aileyi bir arada tutan de\u011ferler \u00fczerine d\u00fc\u015f\u00fcn\u00fcrken, okuma sevgisi kazan\u0131yor!<\/p>\n","protected":false},"excerpt":{"rendered":"<p>Zencefilli bisk\u00fcvi a\u015fk\u0131na! Hayal ederek yar\u0131\u015fma kazan\u0131l\u0131r m\u0131?Pi\u015fi ailesinin de\u011fmeyin keyfine! Her ak\u015fam mutfaklar\u0131ndan harika kokular y\u00fckseliyor. Sabah kahvalt\u0131s\u0131nda pankek, ak\u015fam yeme\u011finde vejetaryen lazanya derken, Pi\u015filer<span class=\"excerpt-hellip\"> [\u2026]<\/span><\/p>\n","protected":false},"featured_media":0,"template":"","meta":{"_monsterinsights_skip_tracking":false,"_monsterinsights_sitenote_active":false,"_monsterinsights_sitenote_note":"","_monsterinsights_sitenote_category":0},"product_brand":[],"product_cat":[12274,12284],"product_tag":[],"class_list":{"0":"post-722255","1":"product","2":"type-product","3":"status-publish","5":"product_cat-cocuk-ve-genclik-kitaplari","6":"product_cat-hikayeler","7":"pa_cilt-ciltsiz","8":"pa_tur-kitap","9":"pa_yayinevi-tudem-yayinlari","10":"pa_yazar-meg-rosoff","12":"first","13":"instock","14":"sale","15":"shipping-taxable","16":"purchasable","17":"product-type-simple"},"_links":{"self":[{"href":"https:\/\/roveyayinevi.com.tr\/index.php\/wp-json\/wp\/v2\/product\/722255","targetHints":{"allow":["GET"]}}],"collection":[{"href":"https:\/\/roveyayinevi.com.tr\/index.php\/wp-json\/wp\/v2\/product"}],"about":[{"href":"https:\/\/roveyayinevi.com.tr\/index.php\/wp-json\/wp\/v2\/types\/product"}],"wp:attachment":[{"href":"https:\/\/roveyayinevi.com.tr\/index.php\/wp-json\/wp\/v2\/media?parent=722255"}],"wp:term":[{"taxonomy":"product_brand","embeddable":true,"href":"https:\/\/roveyayinevi.com.tr\/index.php\/wp-json\/wp\/v2\/product_brand?post=722255"},{"taxonomy":"product_cat","embeddable":true,"href":"https:\/\/roveyayinevi.com.tr\/index.php\/wp-json\/wp\/v2\/product_cat?post=722255"},{"taxonomy":"product_tag","embeddable":true,"href":"https:\/\/roveyayinevi.com.tr\/index.php\/wp-json\/wp\/v2\/product_tag?post=722255"}],"curies":[{"name":"wp","href":"https:\/\/api.w.org\/{rel}","templated":true}]}}