{"id":722254,"date":"2025-08-27T19:01:57","date_gmt":"2025-08-27T16:01:57","guid":{"rendered":"https:\/\/roveyayinevi.com.tr\/index.php\/urun\/psykhe\/"},"modified":"2026-04-16T02:29:56","modified_gmt":"2026-04-15T23:29:56","slug":"psykhe","status":"publish","type":"product","link":"https:\/\/roveyayinevi.com.tr\/index.php\/urun\/psykhe\/","title":{"rendered":"Psykhe"},"content":{"rendered":"<p>Antik Yunan d\u00fcnyas\u0131 hakk\u0131nda derin bir bilgiye sahip olan Rohde, Psykhe isimli bu ba\u015fyap\u0131t\u0131nda, dinin en ilkel a\u015famas\u0131 mahiyetindeki ruhlar k\u00fclt\u00fcn\u00fc Yunan d\u00fcnyas\u0131 \u00f6zelinde sunar; bu sunumda, \u00e7a\u011fda\u015f antropolojik ve folklorik \u00e7al\u0131\u015fmalardan faydalanmay\u0131 da unutmaz. Homeros ve Hesiodos \u015fiirlerinden mitolojik kahramanlara, din\u00ee tasavvur ve adetlerden Eleusis Gizemlerine, filozoflardan halk edebiyat\u0131na kadar uzanan ve b\u00f6ylece antik Yunan k\u00fclt\u00fcr\u00fcn\u00fcn t\u00fcm\u00fcn\u00fc ku\u015fatan Psykhe, ruha dair erken Yunan d\u00fc\u015f\u00fcncesi \u00fczerine \u00e7a\u011fda\u015f ara\u015ft\u0131rmalar\u0131 ba\u015flatm\u0131\u015f ve k\u0131sa s\u00fcre i\u00e7inde bir klasik haline gelmeyi ba\u015farm\u0131\u015ft\u0131r. Nihayetinde de Friedrich Nietzsche\u2019nin yak\u0131n dostu i\u00e7in s\u00f6yledi\u011fi \u201cB\u00f6yle bir Erwin Rohde ikinci defa d\u00fcnyaya gelmez\u201d s\u00f6z\u00fcn\u00fc bir nevi do\u011frulam\u0131\u015ft\u0131r.<\/p>\n","protected":false},"excerpt":{"rendered":"<p>Antik Yunan d\u00fcnyas\u0131 hakk\u0131nda derin bir bilgiye sahip olan Rohde, Psykhe isimli bu ba\u015fyap\u0131t\u0131nda, dinin en ilkel a\u015famas\u0131 mahiyetindeki ruhlar k\u00fclt\u00fcn\u00fc Yunan d\u00fcnyas\u0131 \u00f6zelinde sunar; bu<span class=\"excerpt-hellip\"> [\u2026]<\/span><\/p>\n","protected":false},"featured_media":0,"template":"","meta":{"_monsterinsights_skip_tracking":false,"_monsterinsights_sitenote_active":false,"_monsterinsights_sitenote_note":"","_monsterinsights_sitenote_category":0},"product_brand":[],"product_cat":[15499,13488],"product_tag":[],"class_list":{"0":"post-722254","1":"product","2":"type-product","3":"status-publish","5":"product_cat-antropoloji","6":"product_cat-toplum-ve-insan","7":"pa_cilt-ciltsiz","8":"pa_tur-kitap","9":"pa_yayinevi-pinhan-yayincilik","10":"pa_yazar-erwin-rohde","12":"first","13":"instock","14":"sale","15":"shipping-taxable","16":"purchasable","17":"product-type-simple"},"_links":{"self":[{"href":"https:\/\/roveyayinevi.com.tr\/index.php\/wp-json\/wp\/v2\/product\/722254","targetHints":{"allow":["GET"]}}],"collection":[{"href":"https:\/\/roveyayinevi.com.tr\/index.php\/wp-json\/wp\/v2\/product"}],"about":[{"href":"https:\/\/roveyayinevi.com.tr\/index.php\/wp-json\/wp\/v2\/types\/product"}],"wp:attachment":[{"href":"https:\/\/roveyayinevi.com.tr\/index.php\/wp-json\/wp\/v2\/media?parent=722254"}],"wp:term":[{"taxonomy":"product_brand","embeddable":true,"href":"https:\/\/roveyayinevi.com.tr\/index.php\/wp-json\/wp\/v2\/product_brand?post=722254"},{"taxonomy":"product_cat","embeddable":true,"href":"https:\/\/roveyayinevi.com.tr\/index.php\/wp-json\/wp\/v2\/product_cat?post=722254"},{"taxonomy":"product_tag","embeddable":true,"href":"https:\/\/roveyayinevi.com.tr\/index.php\/wp-json\/wp\/v2\/product_tag?post=722254"}],"curies":[{"name":"wp","href":"https:\/\/api.w.org\/{rel}","templated":true}]}}