{"id":722252,"date":"2025-08-27T19:01:56","date_gmt":"2025-08-27T16:01:56","guid":{"rendered":"https:\/\/roveyayinevi.com.tr\/index.php\/urun\/ruh-teorileri-insan-ruhu-ve-kisiligi\/"},"modified":"2026-04-16T02:29:56","modified_gmt":"2026-04-15T23:29:56","slug":"ruh-teorileri-insan-ruhu-ve-kisiligi","status":"publish","type":"product","link":"https:\/\/roveyayinevi.com.tr\/index.php\/urun\/ruh-teorileri-insan-ruhu-ve-kisiligi\/","title":{"rendered":"Ruh Teorileri &#8211; \u0130nsan Ruhu ve Ki\u015fili\u011fi"},"content":{"rendered":"<p>20. y\u00fczy\u0131l ba\u015f\u0131ndaki en \u00f6zg\u00fcn filozoflardan biri olan Henri Bergson, sadece yazd\u0131\u011f\u0131 eserlerle de\u011fil, verdi\u011fi dersler ve konferanslarla da \u00e7\u0131\u011f\u0131r a\u00e7an isimlerden biri olmu\u015ftur.Bergson, Ruh Teorileri ba\u015fl\u0131kl\u0131 derslerinde \u00f6nce Aristoteles\u2019e kadar olan s\u00fcreci \u00f6zetler, sonras\u0131nda Aristoteles, Plotinos, Descartes, Malebranche, Spinoza ve Leibniz gibi filozoflar\u0131 ayr\u0131 ayr\u0131 i\u015fler.\u0130nsan Ruhu ve Ki\u015fili\u011fi ise tarihsel s\u00fcre\u00e7ten ziyade g\u00fcncel tart\u0131\u015fmalara odaklan\u0131r, di\u011fer disiplinlerin ve bilimlerin katk\u0131lar\u0131n\u0131 aktar\u0131r ve konunun \u00f6zetini sunmu\u015f olur.<\/p>\n","protected":false},"excerpt":{"rendered":"<p>20. y\u00fczy\u0131l ba\u015f\u0131ndaki en \u00f6zg\u00fcn filozoflardan biri olan Henri Bergson, sadece yazd\u0131\u011f\u0131 eserlerle de\u011fil, verdi\u011fi dersler ve konferanslarla da \u00e7\u0131\u011f\u0131r a\u00e7an isimlerden biri olmu\u015ftur.Bergson, Ruh Teorileri<span class=\"excerpt-hellip\"> [\u2026]<\/span><\/p>\n","protected":false},"featured_media":0,"template":"","meta":{"_monsterinsights_skip_tracking":false,"_monsterinsights_sitenote_active":false,"_monsterinsights_sitenote_note":"","_monsterinsights_sitenote_category":0},"product_brand":[],"product_cat":[16038,12388],"product_tag":[],"class_list":{"0":"post-722252","1":"product","2":"type-product","3":"status-publish","5":"product_cat-arastirma-inceleme-referans-felsefe","6":"product_cat-felsefe","7":"pa_cilt-ciltsiz","8":"pa_tur-kitap","9":"pa_yayinevi-pinhan-yayincilik","10":"pa_yazar-henri-bergson","12":"first","13":"instock","14":"sale","15":"shipping-taxable","16":"purchasable","17":"product-type-simple"},"_links":{"self":[{"href":"https:\/\/roveyayinevi.com.tr\/index.php\/wp-json\/wp\/v2\/product\/722252","targetHints":{"allow":["GET"]}}],"collection":[{"href":"https:\/\/roveyayinevi.com.tr\/index.php\/wp-json\/wp\/v2\/product"}],"about":[{"href":"https:\/\/roveyayinevi.com.tr\/index.php\/wp-json\/wp\/v2\/types\/product"}],"wp:attachment":[{"href":"https:\/\/roveyayinevi.com.tr\/index.php\/wp-json\/wp\/v2\/media?parent=722252"}],"wp:term":[{"taxonomy":"product_brand","embeddable":true,"href":"https:\/\/roveyayinevi.com.tr\/index.php\/wp-json\/wp\/v2\/product_brand?post=722252"},{"taxonomy":"product_cat","embeddable":true,"href":"https:\/\/roveyayinevi.com.tr\/index.php\/wp-json\/wp\/v2\/product_cat?post=722252"},{"taxonomy":"product_tag","embeddable":true,"href":"https:\/\/roveyayinevi.com.tr\/index.php\/wp-json\/wp\/v2\/product_tag?post=722252"}],"curies":[{"name":"wp","href":"https:\/\/api.w.org\/{rel}","templated":true}]}}