{"id":722250,"date":"2025-08-27T19:01:54","date_gmt":"2025-08-27T16:01:54","guid":{"rendered":"https:\/\/roveyayinevi.com.tr\/index.php\/urun\/besinci-melegi-sevmek\/"},"modified":"2026-01-29T02:56:00","modified_gmt":"2026-01-28T23:56:00","slug":"besinci-melegi-sevmek","status":"publish","type":"product","link":"https:\/\/roveyayinevi.com.tr\/index.php\/urun\/besinci-melegi-sevmek\/","title":{"rendered":"Be\u015finci Mele\u011fi Sevmek"},"content":{"rendered":"<p>Kafeslere inat ku\u015f sesleriyle geliyorum \u0130lk veya son de\u011fil, say\u0131s\u0131z g\u00fcn seviyorum Dalal\u0131m eskisi gibi serin sulara Kan\u0131m kaynad\u0131k\u00e7a mertebene geri d\u00f6n\u00fcyorum   Belki dizlerim yeniden kanayacak Belki yerime bir ba\u015fkas\u0131n\u0131 konduracak Sen, belki de olas\u0131l\u0131klar\u0131n en g\u00fczeliyken Belkilerin yerini ke\u015fkeler alacak <\/p>\n","protected":false},"excerpt":{"rendered":"<p>Kafeslere inat ku\u015f sesleriyle geliyorum \u0130lk veya son de\u011fil, say\u0131s\u0131z g\u00fcn seviyorum Dalal\u0131m eskisi gibi serin sulara Kan\u0131m kaynad\u0131k\u00e7a mertebene geri d\u00f6n\u00fcyorum Belki dizlerim yeniden kanayacak<span class=\"excerpt-hellip\"> [\u2026]<\/span><\/p>\n","protected":false},"featured_media":0,"template":"","meta":{"_monsterinsights_skip_tracking":false,"_monsterinsights_sitenote_active":false,"_monsterinsights_sitenote_note":"","_monsterinsights_sitenote_category":0},"product_brand":[],"product_cat":[12291,12509],"product_tag":[],"class_list":{"0":"post-722250","1":"product","2":"type-product","3":"status-publish","5":"product_cat-edebiyat","6":"product_cat-siir","7":"pa_cilt-ciltsiz","8":"pa_tur-kitap","9":"pa_yayinevi-utopya-yayinevi","10":"pa_yazar-kaan-gazioglu","12":"first","13":"instock","14":"sale","15":"shipping-taxable","16":"purchasable","17":"product-type-simple"},"_links":{"self":[{"href":"https:\/\/roveyayinevi.com.tr\/index.php\/wp-json\/wp\/v2\/product\/722250","targetHints":{"allow":["GET"]}}],"collection":[{"href":"https:\/\/roveyayinevi.com.tr\/index.php\/wp-json\/wp\/v2\/product"}],"about":[{"href":"https:\/\/roveyayinevi.com.tr\/index.php\/wp-json\/wp\/v2\/types\/product"}],"wp:attachment":[{"href":"https:\/\/roveyayinevi.com.tr\/index.php\/wp-json\/wp\/v2\/media?parent=722250"}],"wp:term":[{"taxonomy":"product_brand","embeddable":true,"href":"https:\/\/roveyayinevi.com.tr\/index.php\/wp-json\/wp\/v2\/product_brand?post=722250"},{"taxonomy":"product_cat","embeddable":true,"href":"https:\/\/roveyayinevi.com.tr\/index.php\/wp-json\/wp\/v2\/product_cat?post=722250"},{"taxonomy":"product_tag","embeddable":true,"href":"https:\/\/roveyayinevi.com.tr\/index.php\/wp-json\/wp\/v2\/product_tag?post=722250"}],"curies":[{"name":"wp","href":"https:\/\/api.w.org\/{rel}","templated":true}]}}