{"id":722248,"date":"2025-08-27T19:01:53","date_gmt":"2025-08-27T16:01:53","guid":{"rendered":"https:\/\/roveyayinevi.com.tr\/index.php\/urun\/bilgi-dogruluk-ve-twitter\/"},"modified":"2026-01-29T02:56:00","modified_gmt":"2026-01-28T23:56:00","slug":"bilgi-dogruluk-ve-twitter","status":"publish","type":"product","link":"https:\/\/roveyayinevi.com.tr\/index.php\/urun\/bilgi-dogruluk-ve-twitter\/","title":{"rendered":"Bilgi, Do\u011fruluk ve Twitter"},"content":{"rendered":"<p>Francis Bacon\u2019un Novum Organum (1620) adl\u0131 eserinin kapa\u011f\u0131, onyedinci y\u00fczy\u0131l\u0131n bilim ve d\u00fc\u015f\u00fcnce hareketlerine duyulan y\u00fcksek umudu sembolize eder. Uzun y\u00fczy\u0131llardan sonra onyedinci y\u00fczy\u0131lda Cebelitar\u0131k Bo\u011faz\u0131\u2019n\u0131n giri\u015fini \u00e7evreleyen Herk\u00fcl\u2019\u00fcn s\u00fctunlar\u0131 taraf\u0131ndan temsil edilen eski uygarl\u0131klar\u0131n ba\u015far\u0131lar\u0131n\u0131n \u00f6tesine ge\u00e7ilmi\u015ftir. Bir zamanlar bilinen d\u00fcnyan\u0131n sonunu i\u015faretleyen s\u00fctunlar a\u015f\u0131larak yeni d\u00fcnyaya yolculuk ba\u015flam\u0131\u015ft\u0131r. Bu kitapta buradan hareketle, onyedinci y\u00fczy\u0131l\u0131n bilimsel ve d\u00fc\u015f\u00fcnsel hareketleri ile belirlenen d\u00fcnyan\u0131n yeni s\u0131n\u0131rlar\u0131n\u0131n da \u00f6tesine Twitter ve benzeri sosyal a\u011flar\u0131 da kapsayan yeni medya teknolojileri ile ge\u00e7ildi\u011fi vurgulanmaktad\u0131r. Yirmibirinci y\u00fczy\u0131l\u0131n ilk d\u00f6nemi, toplumsal ve k\u00fclt\u00fcrel olarak s\u0131n\u0131r tan\u0131mayan yeni medya teknolojilerinin h\u0131zl\u0131 y\u00fckseli\u015fine tan\u0131k olmu\u015ftur. Ancak s\u0131n\u0131rlar\u0131n a\u015f\u0131lmas\u0131n\u0131n sonu\u00e7lar\u0131 hakk\u0131nda birbirine z\u0131t g\u00f6r\u00fc\u015fler ileri s\u00fcr\u00fclmektedir; Twitter, kimilerine g\u00f6re \u00f6zg\u00fcrle\u015fim sa\u011flarken, kimilerine g\u00f6re ise tahakk\u00fcm\u00fc peki\u015ftirmektedir. Bu kitap kapsam\u0131nda, Twitter\u2019\u0131 farkl\u0131 yakla\u015f\u0131mlarla ele alan ara\u015ft\u0131rmalar \u00fczerinde durulmaktad\u0131r.  Twitter&#8217;\u0131n haber yayma \u00f6zelli\u011finin g\u00fcn ge\u00e7tik\u00e7e daha da yayg\u0131nla\u015ft\u0131\u011f\u0131 d\u00fcnyam\u0131zda her payla\u015f\u0131m\u0131n \u201cdo\u011fru\u201d haber de\u011feri ta\u015f\u0131mad\u0131\u011f\u0131n\u0131n g\u00f6r\u00fcld\u00fc\u011f\u00fcn\u00fc ve bu durumun Twitter&#8217;\u0131n olumsuz \u00f6zelliklerinden biri oldu\u011funu s\u00f6yleyebiliriz. S\u00f6zgelimi bir haberin tweetler yoluyla yorumlanarak ve ard\u0131ndan retweetlerle devaml\u0131 payla\u015f\u0131ma sokulmas\u0131 beraberinde birtak\u0131m dedikodu, asparagas, etik d\u0131\u015f\u0131 s\u00f6ylemlerin yayg\u0131nla\u015fmas\u0131na ve haberin i\u00e7eri\u011fini bozmas\u0131na neden olabilmektedir. Bu da bir bak\u0131ma insanlarda bir do\u011fruluk yitimine yol a\u00e7abilmektedir. Bu kitap kapsam\u0131nda, buradan hareketle bilgi ve do\u011fruluk tart\u0131\u015fmalar\u0131na yer verilmektedir. Ayr\u0131ca, Twitter\u2019\u0131 farkl\u0131 yakla\u015f\u0131mlarla ele alan ara\u015ft\u0131rmalar \u00fczerinde durulmakta, Twitter ara\u015ft\u0131rmalar\u0131 ile ilgili olarak sahte haber, toplumsal hareketler, kriz ileti\u015fimi ve y\u00f6netimi, Twitter gazetecili\u011fi,  siyasal ileti\u015fim ve t\u00fcketim  konular\u0131 ele al\u0131nmaktad\u0131r. <\/p>\n","protected":false},"excerpt":{"rendered":"<p>Francis Bacon\u2019un Novum Organum (1620) adl\u0131 eserinin kapa\u011f\u0131, onyedinci y\u00fczy\u0131l\u0131n bilim ve d\u00fc\u015f\u00fcnce hareketlerine duyulan y\u00fcksek umudu sembolize eder. Uzun y\u00fczy\u0131llardan sonra onyedinci y\u00fczy\u0131lda Cebelitar\u0131k Bo\u011faz\u0131\u2019n\u0131n<span class=\"excerpt-hellip\"> [\u2026]<\/span><\/p>\n","protected":false},"featured_media":0,"template":"","meta":{"_monsterinsights_skip_tracking":false,"_monsterinsights_sitenote_active":false,"_monsterinsights_sitenote_note":"","_monsterinsights_sitenote_category":0},"product_brand":[],"product_cat":[22061,13488],"product_tag":[],"class_list":{"0":"post-722248","1":"product","2":"type-product","3":"status-publish","5":"product_cat-sosyal-medya-ve-iletisim","6":"product_cat-toplum-ve-insan","7":"pa_cilt-ciltsiz","8":"pa_tur-kitap","9":"pa_yayinevi-utopya-yayinevi","10":"pa_yazar-himmet-hulur-cem-yasin","12":"first","13":"instock","14":"sale","15":"shipping-taxable","16":"purchasable","17":"product-type-simple"},"_links":{"self":[{"href":"https:\/\/roveyayinevi.com.tr\/index.php\/wp-json\/wp\/v2\/product\/722248","targetHints":{"allow":["GET"]}}],"collection":[{"href":"https:\/\/roveyayinevi.com.tr\/index.php\/wp-json\/wp\/v2\/product"}],"about":[{"href":"https:\/\/roveyayinevi.com.tr\/index.php\/wp-json\/wp\/v2\/types\/product"}],"wp:attachment":[{"href":"https:\/\/roveyayinevi.com.tr\/index.php\/wp-json\/wp\/v2\/media?parent=722248"}],"wp:term":[{"taxonomy":"product_brand","embeddable":true,"href":"https:\/\/roveyayinevi.com.tr\/index.php\/wp-json\/wp\/v2\/product_brand?post=722248"},{"taxonomy":"product_cat","embeddable":true,"href":"https:\/\/roveyayinevi.com.tr\/index.php\/wp-json\/wp\/v2\/product_cat?post=722248"},{"taxonomy":"product_tag","embeddable":true,"href":"https:\/\/roveyayinevi.com.tr\/index.php\/wp-json\/wp\/v2\/product_tag?post=722248"}],"curies":[{"name":"wp","href":"https:\/\/api.w.org\/{rel}","templated":true}]}}