{"id":722246,"date":"2025-08-27T19:01:52","date_gmt":"2025-08-27T16:01:52","guid":{"rendered":"https:\/\/roveyayinevi.com.tr\/index.php\/urun\/twitter-arastirmalari\/"},"modified":"2026-01-29T02:56:00","modified_gmt":"2026-01-28T23:56:00","slug":"twitter-arastirmalari","status":"publish","type":"product","link":"https:\/\/roveyayinevi.com.tr\/index.php\/urun\/twitter-arastirmalari\/","title":{"rendered":"Twitter Ara\u015ft\u0131rmalar\u0131"},"content":{"rendered":"<p>Kurulmas\u0131ndan bu yana Twitter ileti\u015fim ara\u015ft\u0131rmalar\u0131 i\u00e7erisinde di\u011fer sosyal medya platformlar\u0131na g\u00f6re daha fazla ara\u015ft\u0131rmaya konu olmu\u015ftur. Twitter di\u011fer sosyal medya ortamlar\u0131 ile kar\u015f\u0131la\u015ft\u0131r\u0131ld\u0131\u011f\u0131nda siyasal ileti\u015fim s\u00fcre\u00e7leri, gazetecilik pratikleri, g\u00fcndem belirleme ve g\u00fcndem olu\u015fturma faaliyetleri i\u00e7in daha elveri\u015flidir. Bu yap\u0131s\u0131 Twitter i\u00e7eriklerini di\u011fer sosyal medya mecralar\u0131na g\u00f6re siyasal, toplumsal ve ekonomik iktidar ile daha fazla ili\u015fkili veya iktidar yap\u0131lar\u0131 \u00fczerinde daha etkili k\u0131lmaktad\u0131r. \u0130leti\u015fim kuramlar\u0131n\u0131n Twitter \u00e7al\u0131\u015fmas\u0131na uyarlanmas\u0131 ve bu kuramlar\u0131n Twitter ara\u015ft\u0131rmalar\u0131nda y\u00f6ntemsel kar\u015f\u0131l\u0131\u011f\u0131 ve ara\u015ft\u0131rmalara konu olan teknikler ve kuramlar bu kitaptaki \u00e7al\u0131\u015fmalar\u0131n konusunu olu\u015fturmaktad\u0131r. <\/p>\n","protected":false},"excerpt":{"rendered":"<p>Kurulmas\u0131ndan bu yana Twitter ileti\u015fim ara\u015ft\u0131rmalar\u0131 i\u00e7erisinde di\u011fer sosyal medya platformlar\u0131na g\u00f6re daha fazla ara\u015ft\u0131rmaya konu olmu\u015ftur. Twitter di\u011fer sosyal medya ortamlar\u0131 ile kar\u015f\u0131la\u015ft\u0131r\u0131ld\u0131\u011f\u0131nda siyasal ileti\u015fim<span class=\"excerpt-hellip\"> [\u2026]<\/span><\/p>\n","protected":false},"featured_media":0,"template":"","meta":{"_monsterinsights_skip_tracking":false,"_monsterinsights_sitenote_active":false,"_monsterinsights_sitenote_note":"","_monsterinsights_sitenote_category":0},"product_brand":[],"product_cat":[22061,13488],"product_tag":[],"class_list":{"0":"post-722246","1":"product","2":"type-product","3":"status-publish","5":"product_cat-sosyal-medya-ve-iletisim","6":"product_cat-toplum-ve-insan","7":"pa_cilt-ciltsiz","8":"pa_tur-kitap","9":"pa_yayinevi-utopya-yayinevi","10":"pa_yazar-himmet-hulur-cem-yasin","12":"first","13":"instock","14":"sale","15":"shipping-taxable","16":"purchasable","17":"product-type-simple"},"_links":{"self":[{"href":"https:\/\/roveyayinevi.com.tr\/index.php\/wp-json\/wp\/v2\/product\/722246","targetHints":{"allow":["GET"]}}],"collection":[{"href":"https:\/\/roveyayinevi.com.tr\/index.php\/wp-json\/wp\/v2\/product"}],"about":[{"href":"https:\/\/roveyayinevi.com.tr\/index.php\/wp-json\/wp\/v2\/types\/product"}],"wp:attachment":[{"href":"https:\/\/roveyayinevi.com.tr\/index.php\/wp-json\/wp\/v2\/media?parent=722246"}],"wp:term":[{"taxonomy":"product_brand","embeddable":true,"href":"https:\/\/roveyayinevi.com.tr\/index.php\/wp-json\/wp\/v2\/product_brand?post=722246"},{"taxonomy":"product_cat","embeddable":true,"href":"https:\/\/roveyayinevi.com.tr\/index.php\/wp-json\/wp\/v2\/product_cat?post=722246"},{"taxonomy":"product_tag","embeddable":true,"href":"https:\/\/roveyayinevi.com.tr\/index.php\/wp-json\/wp\/v2\/product_tag?post=722246"}],"curies":[{"name":"wp","href":"https:\/\/api.w.org\/{rel}","templated":true}]}}