{"id":722245,"date":"2025-08-27T19:01:51","date_gmt":"2025-08-27T16:01:51","guid":{"rendered":"https:\/\/roveyayinevi.com.tr\/index.php\/urun\/calinan-poe\/"},"modified":"2025-12-30T10:28:14","modified_gmt":"2025-12-30T07:28:14","slug":"calinan-poe","status":"publish","type":"product","link":"https:\/\/roveyayinevi.com.tr\/index.php\/urun\/calinan-poe\/","title":{"rendered":"\u00c7al\u0131nan Poe"},"content":{"rendered":"<p>\u2026 \u00f6zneleraras\u0131 karma\u015fay\u0131 kavramak i\u00e7in, kendisini tehlikeden korumaya \u00e7al\u0131\u015fan deveku\u015funa atfedilen \u00fcnl\u00fc teknikteki bir modeli bilin\u00e7li olarak ara\u015ft\u0131raca\u011f\u0131z; \u00e7\u00fcnk\u00fc bu teknik, burada oldu\u011fu gibi \u00fc\u00e7 ortak aras\u0131nda payla\u015f\u0131lan bu teknik, nihayetinde politik olarak nitelendirilebilir: birincisi kafas\u0131n\u0131 kuma g\u00f6md\u00fc\u011f\u00fcnden dolay\u0131, kendisinin g\u00f6r\u00fcnmez oldu\u011funa inanan ve her zaman \u00fc\u00e7\u00fcnc\u00fcs\u00fcn\u00fcn kendi arkas\u0131ndan so\u011fukkanl\u0131l\u0131kla t\u00fcy \u00e7almas\u0131na izin veren ikincisi; bizim yaln\u0131zca, deveku\u015funun kendisinin daima yeni bir anlam \u00fcstlenmesi i\u00e7in la politique de l\u2019autruiche [deveku\u015fu politikas\u0131] \u00fcreterek, onun herkes\u00e7e bilinen isimlendirili\u015fini bir mektup arac\u0131l\u0131\u011f\u0131yla geli\u015ftirmemiz gerekiyor. Jacques Lacan  Yaln\u0131zca deveku\u015flar\u0131 vard\u0131r, kimse yolunmaktan kurtulamaz ve insan ne kadar \u00e7ok efendi olursa, arkas\u0131n\u0131 o kadar \u00e7ok sunar. Bu durum, Dupin\u2019le \u00f6zde\u015fle\u015fen herkes i\u00e7in do\u011fru olacakt\u0131r. Jacques Derrida <\/p>\n","protected":false},"excerpt":{"rendered":"<p>\u2026 \u00f6zneleraras\u0131 karma\u015fay\u0131 kavramak i\u00e7in, kendisini tehlikeden korumaya \u00e7al\u0131\u015fan deveku\u015funa atfedilen \u00fcnl\u00fc teknikteki bir modeli bilin\u00e7li olarak ara\u015ft\u0131raca\u011f\u0131z; \u00e7\u00fcnk\u00fc bu teknik, burada oldu\u011fu gibi \u00fc\u00e7 ortak<span class=\"excerpt-hellip\"> [\u2026]<\/span><\/p>\n","protected":false},"featured_media":0,"template":"","meta":{"_monsterinsights_skip_tracking":false,"_monsterinsights_sitenote_active":false,"_monsterinsights_sitenote_note":"","_monsterinsights_sitenote_category":0},"product_brand":[],"product_cat":[12389,12388],"product_tag":[],"class_list":{"0":"post-722245","1":"product","2":"type-product","3":"status-publish","5":"product_cat-diger-felsefe","6":"product_cat-felsefe","7":"pa_cilt-ciltsiz","8":"pa_tur-kitap","9":"pa_yayinevi-ketebe-yayinlari","10":"pa_yazar-kolektif","12":"first","13":"outofstock","14":"sale","15":"shipping-taxable","16":"purchasable","17":"product-type-simple"},"_links":{"self":[{"href":"https:\/\/roveyayinevi.com.tr\/index.php\/wp-json\/wp\/v2\/product\/722245","targetHints":{"allow":["GET"]}}],"collection":[{"href":"https:\/\/roveyayinevi.com.tr\/index.php\/wp-json\/wp\/v2\/product"}],"about":[{"href":"https:\/\/roveyayinevi.com.tr\/index.php\/wp-json\/wp\/v2\/types\/product"}],"wp:attachment":[{"href":"https:\/\/roveyayinevi.com.tr\/index.php\/wp-json\/wp\/v2\/media?parent=722245"}],"wp:term":[{"taxonomy":"product_brand","embeddable":true,"href":"https:\/\/roveyayinevi.com.tr\/index.php\/wp-json\/wp\/v2\/product_brand?post=722245"},{"taxonomy":"product_cat","embeddable":true,"href":"https:\/\/roveyayinevi.com.tr\/index.php\/wp-json\/wp\/v2\/product_cat?post=722245"},{"taxonomy":"product_tag","embeddable":true,"href":"https:\/\/roveyayinevi.com.tr\/index.php\/wp-json\/wp\/v2\/product_tag?post=722245"}],"curies":[{"name":"wp","href":"https:\/\/api.w.org\/{rel}","templated":true}]}}