{"id":722244,"date":"2025-08-27T19:01:50","date_gmt":"2025-08-27T16:01:50","guid":{"rendered":"https:\/\/roveyayinevi.com.tr\/index.php\/urun\/edebiyat-dersleri-2\/"},"modified":"2026-04-16T02:29:56","modified_gmt":"2026-04-15T23:29:56","slug":"edebiyat-dersleri-2","status":"publish","type":"product","link":"https:\/\/roveyayinevi.com.tr\/index.php\/urun\/edebiyat-dersleri-2\/","title":{"rendered":"Edebiyat Dersleri"},"content":{"rendered":"<p>Okuma yazma bilmezli\u011fin b\u00fcsb\u00fct\u00fcn bir erkek hastal\u0131\u011f\u0131 oldu\u011funu da d\u00fc\u015f\u00fcn\u00fcyorum. Kad\u0131nlar genelde daha fazla okuyor, daha fazla yaz\u0131yorlar. Mektup \u00f6rne\u011fin. Kar\u0131s\u0131na s\u00fcrekli hi\u00e7bir \u015fey anlamad\u0131\u011f\u0131n\u0131 ve aptal biri oldu\u011funu s\u00f6yleyen koca, t\u00fcm resmi evraklar\u0131n kad\u0131nlar taraf\u0131ndan dolduruldu\u011funun bilincindedir. Ayn\u0131 kad\u0131n, kocas\u0131n\u0131n uzak yerlerdeki akrabalar\u0131ndan do\u011fum g\u00fcn\u00fcnde ald\u0131\u011f\u0131 hediye i\u00e7in bir \u015feyler yazarak te\u015fekk\u00fcr eder. Ayn\u0131 kad\u0131n genellikle \u00e7ocuklar\u0131na masallar anlat\u0131r. Ailelerde, babalardan \u00e7ok annelerin \u2018Dinleyin!\u2019 deyip bir \u015feyler okudu\u011fu dikkatimi \u00e7ekiyor. Eski zamanlarda oldu\u011fu gibi okuma ve yazma yine sadece erkeklere \u00f6\u011fretilmi\u015f olsayd\u0131, edebiyat\u0131n \u015fimdiye kadar \u00e7oktan \u00f6lm\u00fc\u015f olaca\u011f\u0131na inan\u0131yorum. Tabii ki \u00e7ocu\u011funu s\u00fcrekli okuma ediminde g\u00f6ren cahil baban\u0131n huzursuzlu\u011fu, o\u011flunun kad\u0131ns\u0131 olaca\u011f\u0131, ger\u00e7ek bir erkek olmayaca\u011f\u0131, zay\u0131f yeti\u015fece\u011fi korkusuyla ba\u011f\u0131nt\u0131l\u0131d\u0131r. O\u011fullar\u0131n\u0131 bask\u0131c\u0131 bir e\u011fitimden uzak tutan ve kitap okumalar\u0131 i\u00e7in onlara izin veren, onlara sabreden ve onlar\u0131 babalar\u0131na kar\u015f\u0131 koruyan ve savunan hep annelerdir.<\/p>\n","protected":false},"excerpt":{"rendered":"<p>Okuma yazma bilmezli\u011fin b\u00fcsb\u00fct\u00fcn bir erkek hastal\u0131\u011f\u0131 oldu\u011funu da d\u00fc\u015f\u00fcn\u00fcyorum. Kad\u0131nlar genelde daha fazla okuyor, daha fazla yaz\u0131yorlar. Mektup \u00f6rne\u011fin. Kar\u0131s\u0131na s\u00fcrekli hi\u00e7bir \u015fey anlamad\u0131\u011f\u0131n\u0131 ve<span class=\"excerpt-hellip\"> [\u2026]<\/span><\/p>\n","protected":false},"featured_media":0,"template":"","meta":{"_monsterinsights_skip_tracking":false,"_monsterinsights_sitenote_active":false,"_monsterinsights_sitenote_note":"","_monsterinsights_sitenote_category":0},"product_brand":[],"product_cat":[13072,12291],"product_tag":[],"class_list":{"0":"post-722244","1":"product","2":"type-product","3":"status-publish","5":"product_cat-arastirma-inceleme-referans","6":"product_cat-edebiyat","7":"pa_cilt-ciltsiz","8":"pa_tur-kitap","9":"pa_yayinevi-ketebe-yayinlari","10":"pa_yazar-peter-bichsel","12":"first","13":"instock","14":"sale","15":"shipping-taxable","16":"purchasable","17":"product-type-simple"},"_links":{"self":[{"href":"https:\/\/roveyayinevi.com.tr\/index.php\/wp-json\/wp\/v2\/product\/722244","targetHints":{"allow":["GET"]}}],"collection":[{"href":"https:\/\/roveyayinevi.com.tr\/index.php\/wp-json\/wp\/v2\/product"}],"about":[{"href":"https:\/\/roveyayinevi.com.tr\/index.php\/wp-json\/wp\/v2\/types\/product"}],"wp:attachment":[{"href":"https:\/\/roveyayinevi.com.tr\/index.php\/wp-json\/wp\/v2\/media?parent=722244"}],"wp:term":[{"taxonomy":"product_brand","embeddable":true,"href":"https:\/\/roveyayinevi.com.tr\/index.php\/wp-json\/wp\/v2\/product_brand?post=722244"},{"taxonomy":"product_cat","embeddable":true,"href":"https:\/\/roveyayinevi.com.tr\/index.php\/wp-json\/wp\/v2\/product_cat?post=722244"},{"taxonomy":"product_tag","embeddable":true,"href":"https:\/\/roveyayinevi.com.tr\/index.php\/wp-json\/wp\/v2\/product_tag?post=722244"}],"curies":[{"name":"wp","href":"https:\/\/api.w.org\/{rel}","templated":true}]}}