{"id":722243,"date":"2025-08-27T19:01:49","date_gmt":"2025-08-27T16:01:49","guid":{"rendered":"https:\/\/roveyayinevi.com.tr\/index.php\/urun\/gorunusleri-kurtarmak\/"},"modified":"2026-04-16T02:29:56","modified_gmt":"2026-04-15T23:29:56","slug":"gorunusleri-kurtarmak","status":"publish","type":"product","link":"https:\/\/roveyayinevi.com.tr\/index.php\/urun\/gorunusleri-kurtarmak\/","title":{"rendered":"G\u00f6r\u00fcn\u00fc\u015fleri Kurtarmak"},"content":{"rendered":"<p>Owen Barfield, yirminci y\u00fczy\u0131l\u0131n en \u00f6nemli yazar ve filozoflar\u0131 aras\u0131nda g\u00f6sterilmektedir. G\u00f6r\u00fcn\u00fc\u015fleri Kurtarmak, bizim g\u00f6rd\u00fc\u011f\u00fcm\u00fcz d\u00fcnya ve ger\u00e7ekteki d\u00fcnya aras\u0131ndaki fark ile ilgili. Din, do\u011fa, evrim ve bilin\u00e7 kavramlar\u0131 kitapta geni\u015f bir \u015fekilde tart\u0131\u015f\u0131l\u0131yor ve modern \u00e7a\u011f\u0131n putlar\u0131 bir bir ortaya seriliyor. Barfield, bizi insan d\u00fc\u015f\u00fcncesinin tarihiyle birlikte destans\u0131 bir yolculu\u011fa \u00e7\u0131kar\u0131yor. \u0130lkel insan\u0131n bilinci ile \u015fimdiki zamanlar\u0131n bilinci, antropoloji, fizik, teoloji ve dilbilimden g\u00f6ndermelerle ele al\u0131n\u0131yor. \u201c\u0130lahilerde eski idoller i\u00e7in yaz\u0131lanlar modern \u00e7a\u011f idolleri i\u00e7in de ge\u00e7erlidir. \u2018Onlar\u0131 kendilerine benzetirler.\u2019 Ruh bir anlamda her \u015feydir ve yaratt\u0131\u011f\u0131m\u0131z putlar, \u00e7ocuklar\u0131m\u0131z\u0131n ruhlar\u0131nda kuruludur. Onlar da kendilerini, i\u00e7leri gittik\u00e7e bo\u015falan nesneler aras\u0131ndaki nesneler olarak d\u00fc\u015f\u00fcnmekteler. Uzun vadede g\u00f6r\u00fcn\u00fc\u015fleri kurtarmadan, ruhlar\u0131m\u0131z\u0131 kurtaramay\u0131z. Bu k\u00f6t\u00fc hataya d\u00fc\u015fersek tahmin edilebilecek en k\u00f6t\u00fc sonu\u00e7lar\u0131 elde ederiz.<\/p>\n","protected":false},"excerpt":{"rendered":"<p>Owen Barfield, yirminci y\u00fczy\u0131l\u0131n en \u00f6nemli yazar ve filozoflar\u0131 aras\u0131nda g\u00f6sterilmektedir. G\u00f6r\u00fcn\u00fc\u015fleri Kurtarmak, bizim g\u00f6rd\u00fc\u011f\u00fcm\u00fcz d\u00fcnya ve ger\u00e7ekteki d\u00fcnya aras\u0131ndaki fark ile ilgili. Din, do\u011fa, evrim<span class=\"excerpt-hellip\"> [\u2026]<\/span><\/p>\n","protected":false},"featured_media":0,"template":"","meta":{"_monsterinsights_skip_tracking":false,"_monsterinsights_sitenote_active":false,"_monsterinsights_sitenote_note":"","_monsterinsights_sitenote_category":0},"product_brand":[],"product_cat":[12389,12388],"product_tag":[],"class_list":{"0":"post-722243","1":"product","2":"type-product","3":"status-publish","5":"product_cat-diger-felsefe","6":"product_cat-felsefe","7":"pa_cilt-ciltsiz","8":"pa_tur-kitap","9":"pa_yayinevi-ketebe-yayinlari","10":"pa_yazar-owen-barfield","12":"first","13":"instock","14":"sale","15":"shipping-taxable","16":"purchasable","17":"product-type-simple"},"_links":{"self":[{"href":"https:\/\/roveyayinevi.com.tr\/index.php\/wp-json\/wp\/v2\/product\/722243","targetHints":{"allow":["GET"]}}],"collection":[{"href":"https:\/\/roveyayinevi.com.tr\/index.php\/wp-json\/wp\/v2\/product"}],"about":[{"href":"https:\/\/roveyayinevi.com.tr\/index.php\/wp-json\/wp\/v2\/types\/product"}],"wp:attachment":[{"href":"https:\/\/roveyayinevi.com.tr\/index.php\/wp-json\/wp\/v2\/media?parent=722243"}],"wp:term":[{"taxonomy":"product_brand","embeddable":true,"href":"https:\/\/roveyayinevi.com.tr\/index.php\/wp-json\/wp\/v2\/product_brand?post=722243"},{"taxonomy":"product_cat","embeddable":true,"href":"https:\/\/roveyayinevi.com.tr\/index.php\/wp-json\/wp\/v2\/product_cat?post=722243"},{"taxonomy":"product_tag","embeddable":true,"href":"https:\/\/roveyayinevi.com.tr\/index.php\/wp-json\/wp\/v2\/product_tag?post=722243"}],"curies":[{"name":"wp","href":"https:\/\/api.w.org\/{rel}","templated":true}]}}