{"id":722242,"date":"2025-08-27T19:01:48","date_gmt":"2025-08-27T16:01:48","guid":{"rendered":"https:\/\/roveyayinevi.com.tr\/index.php\/urun\/hepimizden-cok-korkuyorum\/"},"modified":"2026-04-16T02:29:56","modified_gmt":"2026-04-15T23:29:56","slug":"hepimizden-cok-korkuyorum","status":"publish","type":"product","link":"https:\/\/roveyayinevi.com.tr\/index.php\/urun\/hepimizden-cok-korkuyorum\/","title":{"rendered":"Hepimizden \u00c7ok Korkuyorum"},"content":{"rendered":"<p>Ertu\u011frul Emin Akg\u00fcn\u2019\u00fcn ilk kitab\u0131 Hepimizden Korkuyorum, 2015 y\u0131l\u0131nda \u00e7\u0131km\u0131\u015ft\u0131. \u00c7\u0131k\u0131\u015f\u0131yla edebiyat d\u00fcnyas\u0131nda yer yerinden oynad\u0131 m\u0131 bilmem ama en az\u0131ndan birka\u00e7 minik \u00e7ak\u0131l ta\u015f\u0131n\u0131n hafif\u00e7e k\u0131p\u0131rdad\u0131\u011f\u0131n\u0131 ben bu g\u00f6zlerle g\u00f6rd\u00fcm. Do\u011frusunu isterseniz, tedirgin edici bir deneyimdi. Bilemiyorum, belki de ta\u015flar yerinden oynamam\u0131\u015ft\u0131 da yazar, \u201ckorku\u201dsunu bana yani okura bula\u015ft\u0131rmakta ustayd\u0131.\u0130yi haber: Hepimizden Korkuyorum\u2019un yazar\u0131 geri d\u00f6nd\u00fc. K\u00f6t\u00fc haber: O bula\u015f\u0131c\u0131 korkuyu da pe\u015finden s\u00fcr\u00fckledi. \u00dcstelik bu defa kar\u015f\u0131m\u0131zda daha \u201c\u00e7ok\u201d \u00f6yk\u00fc var. Yani \u015fimdi bu, EEA\u2019n\u0131n ikinci kitab\u0131 ama asl\u0131nda ilk kitab\u0131 gibi de. Yani ilk kitab\u0131yla ikinci aras\u0131ndaki fark bir \u201c\u00e7ok\u201d. \u00c7ok daha fazla \u00f6yk\u00fc ve \u00e7ok daha fazla korku. Yani kar\u015f\u0131m\u0131zda, yazar\u0131n ilk kitab\u0131n\u0131 da i\u00e7ine alan ve bahisleri y\u00fckselten bir ikinci kitap var. Hat\u0131rl\u0131yorum, onun ilk kitab\u0131 i\u00e7in \u015f\u00f6yle bir \u015feyler demi\u015ftim: \u201cPeki Ertu\u011frul Emin Akg\u00fcn i\u00e7in o gizli ilk kent neresi? B\u00fcy\u00fck\u00e7ekmece de\u011filse bu gizli kentin ad\u0131, kesin korku! \u00d6yk\u00fclerinde fiilen g\u00f6r\u00fclmeyen ama derinlerde bir dip ak\u0131nt\u0131 gibi varl\u0131\u011f\u0131n\u0131 hissettiren korku. O bizden korkuyor. Hepimizden. Ve korkun\u00e7 g\u00f6zl\u00fckleriyle bize bak\u0131yor. G\u00f6r\u00fcyor. Biz de ondan korkmal\u0131y\u0131z.\u201d H\u00e2l\u00e2 ayn\u0131 fikirdeyim. \u00dcstelik \u015fimdi daha\u2026 \u201c\u00c7ok\u201d.<\/p>\n","protected":false},"excerpt":{"rendered":"<p>Ertu\u011frul Emin Akg\u00fcn\u2019\u00fcn ilk kitab\u0131 Hepimizden Korkuyorum, 2015 y\u0131l\u0131nda \u00e7\u0131km\u0131\u015ft\u0131. \u00c7\u0131k\u0131\u015f\u0131yla edebiyat d\u00fcnyas\u0131nda yer yerinden oynad\u0131 m\u0131 bilmem ama en az\u0131ndan birka\u00e7 minik \u00e7ak\u0131l ta\u015f\u0131n\u0131n hafif\u00e7e<span class=\"excerpt-hellip\"> [\u2026]<\/span><\/p>\n","protected":false},"featured_media":0,"template":"","meta":{"_monsterinsights_skip_tracking":false,"_monsterinsights_sitenote_active":false,"_monsterinsights_sitenote_note":"","_monsterinsights_sitenote_category":0},"product_brand":[],"product_cat":[12291,12711],"product_tag":[],"class_list":{"0":"post-722242","1":"product","2":"type-product","3":"status-publish","5":"product_cat-edebiyat","6":"product_cat-roman-oyku","7":"pa_cilt-ciltsiz","8":"pa_tur-kitap","9":"pa_yayinevi-ketebe-yayinlari","10":"pa_yazar-ertugrul-emin-akgun","12":"first","13":"instock","14":"sale","15":"shipping-taxable","16":"purchasable","17":"product-type-simple"},"_links":{"self":[{"href":"https:\/\/roveyayinevi.com.tr\/index.php\/wp-json\/wp\/v2\/product\/722242","targetHints":{"allow":["GET"]}}],"collection":[{"href":"https:\/\/roveyayinevi.com.tr\/index.php\/wp-json\/wp\/v2\/product"}],"about":[{"href":"https:\/\/roveyayinevi.com.tr\/index.php\/wp-json\/wp\/v2\/types\/product"}],"wp:attachment":[{"href":"https:\/\/roveyayinevi.com.tr\/index.php\/wp-json\/wp\/v2\/media?parent=722242"}],"wp:term":[{"taxonomy":"product_brand","embeddable":true,"href":"https:\/\/roveyayinevi.com.tr\/index.php\/wp-json\/wp\/v2\/product_brand?post=722242"},{"taxonomy":"product_cat","embeddable":true,"href":"https:\/\/roveyayinevi.com.tr\/index.php\/wp-json\/wp\/v2\/product_cat?post=722242"},{"taxonomy":"product_tag","embeddable":true,"href":"https:\/\/roveyayinevi.com.tr\/index.php\/wp-json\/wp\/v2\/product_tag?post=722242"}],"curies":[{"name":"wp","href":"https:\/\/api.w.org\/{rel}","templated":true}]}}