{"id":722240,"date":"2025-08-27T19:01:47","date_gmt":"2025-08-27T16:01:47","guid":{"rendered":"https:\/\/roveyayinevi.com.tr\/index.php\/urun\/kosem-sultan-2\/"},"modified":"2026-04-16T02:29:56","modified_gmt":"2026-04-15T23:29:56","slug":"kosem-sultan-2","status":"publish","type":"product","link":"https:\/\/roveyayinevi.com.tr\/index.php\/urun\/kosem-sultan-2\/","title":{"rendered":"K\u00f6sem Sultan"},"content":{"rendered":"<p>O gece, daha g\u00f6zleri bile a\u00e7\u0131lmam\u0131\u015f \u015fehzadesini, k\u0131ymetli ta\u015flarla s\u00fcsl\u00fc be\u015fi\u011finin i\u00e7inde, hatta Ey\u00fcp Sultan Camii\u2019nde d\u00fczenlenecek t\u00f6renle Hz Osman\u2019\u0131n \u00fcnl\u00fc k\u0131l\u0131c\u0131n\u0131 ku\u015fan\u0131rken tasavvur etmi\u015fti. O gece, \u015fehzadesinin c\u00fcl\u00fbs t\u00f6renini hayal ettik\u00e7e, ne\u015fesiz y\u0131ld\u0131zlar bile ona p\u0131r\u0131l p\u0131r\u0131l g\u00f6r\u00fcnm\u00fc\u015ft\u00fc. \u0130\u015fte on sekiz koca y\u0131l\u0131n ard\u0131ndan hayali ger\u00e7ek olmu\u015ftu. H\u00e2nedan art\u0131k onun evl\u00e2tlar\u0131ndan devam edecekti.Valide Handan Sultan, Mahfir\u00fbze, Sultan Osman, Deli Mustafa, onun ak\u0131ls\u0131z annesi\u2026 Hepsinin hayali g\u00f6z\u00fcn\u00fcn \u00f6n\u00fcnden birer birer ge\u00e7ti\u2026 G\u00fcl\u00fcmsedi\u2026 Kurdu kurda bo\u011fdurmu\u015ftu\u2026 Ye\u015fil g\u00f6zlerini salona \u00e7evirdi. Bu dairenin duvarlar\u0131 da haremdeki dairelerin \u00e7o\u011funda oldu\u011fu gibi, birbirinden harika, \u00fczerlerinde l\u00e2le, karanfil, yaprak desenleri bulunan \u00e7inilerle kapl\u0131yd\u0131. \u00c7inilerdeki mavi renkler o kadar tatl\u0131 ve canl\u0131yd\u0131 ki, insan kendini \u00e7i\u00e7eklerle bezenmi\u015f bir bah\u00e7ede san\u0131rd\u0131. Odada kal\u0131n mavi kadife perdeler vard\u0131. Kenarlar\u0131na alt\u0131n sar\u0131s\u0131 s\u0131rmalarla s\u00fcsler yap\u0131lm\u0131\u015ft\u0131. C\u00e2riyeler, alt\u0131n \u015famdanlar\u0131n mumlar\u0131n\u0131 \u00e7oktan yakm\u0131\u015f, salonu lo\u015f bir ayd\u0131nl\u0131k kaplam\u0131\u015ft\u0131.<\/p>\n","protected":false},"excerpt":{"rendered":"<p>O gece, daha g\u00f6zleri bile a\u00e7\u0131lmam\u0131\u015f \u015fehzadesini, k\u0131ymetli ta\u015flarla s\u00fcsl\u00fc be\u015fi\u011finin i\u00e7inde, hatta Ey\u00fcp Sultan Camii\u2019nde d\u00fczenlenecek t\u00f6renle Hz Osman\u2019\u0131n \u00fcnl\u00fc k\u0131l\u0131c\u0131n\u0131 ku\u015fan\u0131rken tasavvur etmi\u015fti. O<span class=\"excerpt-hellip\"> [\u2026]<\/span><\/p>\n","protected":false},"featured_media":0,"template":"","meta":{"_monsterinsights_skip_tracking":false,"_monsterinsights_sitenote_active":false,"_monsterinsights_sitenote_note":"","_monsterinsights_sitenote_category":0},"product_brand":[],"product_cat":[12291,12711],"product_tag":[],"class_list":{"0":"post-722240","1":"product","2":"type-product","3":"status-publish","5":"product_cat-edebiyat","6":"product_cat-roman-oyku","7":"pa_cilt-ciltsiz","8":"pa_tur-kitap","9":"pa_yayinevi-ketebe-yayinlari","10":"pa_yazar-can-alpguvenc","12":"first","13":"instock","14":"sale","15":"shipping-taxable","16":"purchasable","17":"product-type-simple"},"_links":{"self":[{"href":"https:\/\/roveyayinevi.com.tr\/index.php\/wp-json\/wp\/v2\/product\/722240","targetHints":{"allow":["GET"]}}],"collection":[{"href":"https:\/\/roveyayinevi.com.tr\/index.php\/wp-json\/wp\/v2\/product"}],"about":[{"href":"https:\/\/roveyayinevi.com.tr\/index.php\/wp-json\/wp\/v2\/types\/product"}],"wp:attachment":[{"href":"https:\/\/roveyayinevi.com.tr\/index.php\/wp-json\/wp\/v2\/media?parent=722240"}],"wp:term":[{"taxonomy":"product_brand","embeddable":true,"href":"https:\/\/roveyayinevi.com.tr\/index.php\/wp-json\/wp\/v2\/product_brand?post=722240"},{"taxonomy":"product_cat","embeddable":true,"href":"https:\/\/roveyayinevi.com.tr\/index.php\/wp-json\/wp\/v2\/product_cat?post=722240"},{"taxonomy":"product_tag","embeddable":true,"href":"https:\/\/roveyayinevi.com.tr\/index.php\/wp-json\/wp\/v2\/product_tag?post=722240"}],"curies":[{"name":"wp","href":"https:\/\/api.w.org\/{rel}","templated":true}]}}