{"id":722237,"date":"2025-08-27T19:01:44","date_gmt":"2025-08-27T16:01:44","guid":{"rendered":"https:\/\/roveyayinevi.com.tr\/index.php\/urun\/siir-sanati\/"},"modified":"2026-04-16T02:29:56","modified_gmt":"2026-04-15T23:29:56","slug":"siir-sanati","status":"publish","type":"product","link":"https:\/\/roveyayinevi.com.tr\/index.php\/urun\/siir-sanati\/","title":{"rendered":"\u015eiir Sanat\u0131"},"content":{"rendered":"<p>Valery\u2019nin yaz\u0131lar\u0131 neden okumaya de\u011ferdir ve bu yaz\u0131lar\u0131 hangi beklentilerle okumal\u0131y\u0131z? E\u011fer bu yaz\u0131lar var olan bir kategoriye s\u0131\u011f\u0131yor olsayd\u0131 bu sorular\u0131n cevab\u0131 da kolay olurdu. Biz Val\u00e9ry\u2019nin \u015fiir sanat\u0131n\u0131, \u015fiir yazmay\u0131 veya okumay\u0131 \u00f6\u011frenmek i\u00e7in okumuyoruz. Hatta bu metinleri, Val\u00e9ry\u2019nin \u015fiirini daha iyi anlamak i\u00e7in de okumuyoruz: Kesin olan \u015fu ki bu d\u00fczyaz\u0131lar nas\u0131l Val\u00e9ry\u2019nin \u015fiirini ayd\u0131nlat\u0131yorsa, \u015fiirleri de bu d\u00fczyaz\u0131lar\u0131 ayd\u0131nlat\u0131yor. Bu metinleri okumam\u0131z ve okumaya devam etmemizin sebebi Val\u00e9ry\u2019yi tek ba\u015f\u0131na ilgin\u00e7, gizemli ve huzursuz edici bir yazar olarak g\u00f6rd\u00fc\u011f\u00fcm\u00fcz i\u00e7indir. Bu \u015fair, \u015fair i\u00e7in \u00f6yle bir rol bulmu\u015ftur ki hayat\u0131 ve eserleri boyunca bu kavram\u0131 i\u015flemi\u015f ve b\u00f6ylece mitolojik bir konuma y\u00fckselmi\u015ftir. Bu metinleri okuyoruz \u00e7\u00fcnk\u00fc Val\u00e9ry\u2019nin de dedi\u011fi gibi, \u201cBir otobiyografi par\u00e7as\u0131ndan yola \u00e7\u0131karak detayl\u0131ca haz\u0131rlanmayan hi\u00e7bir teori yoktur.\u201d T. S. Eliot<\/p>\n","protected":false},"excerpt":{"rendered":"<p>Valery\u2019nin yaz\u0131lar\u0131 neden okumaya de\u011ferdir ve bu yaz\u0131lar\u0131 hangi beklentilerle okumal\u0131y\u0131z? E\u011fer bu yaz\u0131lar var olan bir kategoriye s\u0131\u011f\u0131yor olsayd\u0131 bu sorular\u0131n cevab\u0131 da kolay olurdu.<span class=\"excerpt-hellip\"> [\u2026]<\/span><\/p>\n","protected":false},"featured_media":0,"template":"","meta":{"_monsterinsights_skip_tracking":false,"_monsterinsights_sitenote_active":false,"_monsterinsights_sitenote_note":"","_monsterinsights_sitenote_category":0},"product_brand":[],"product_cat":[12291,12509],"product_tag":[],"class_list":{"0":"post-722237","1":"product","2":"type-product","3":"status-publish","5":"product_cat-edebiyat","6":"product_cat-siir","7":"pa_cilt-ciltsiz","8":"pa_tur-kitap","9":"pa_yayinevi-ketebe-yayinlari","10":"pa_yazar-paul-valey","12":"first","13":"instock","14":"sale","15":"shipping-taxable","16":"purchasable","17":"product-type-simple"},"_links":{"self":[{"href":"https:\/\/roveyayinevi.com.tr\/index.php\/wp-json\/wp\/v2\/product\/722237","targetHints":{"allow":["GET"]}}],"collection":[{"href":"https:\/\/roveyayinevi.com.tr\/index.php\/wp-json\/wp\/v2\/product"}],"about":[{"href":"https:\/\/roveyayinevi.com.tr\/index.php\/wp-json\/wp\/v2\/types\/product"}],"wp:attachment":[{"href":"https:\/\/roveyayinevi.com.tr\/index.php\/wp-json\/wp\/v2\/media?parent=722237"}],"wp:term":[{"taxonomy":"product_brand","embeddable":true,"href":"https:\/\/roveyayinevi.com.tr\/index.php\/wp-json\/wp\/v2\/product_brand?post=722237"},{"taxonomy":"product_cat","embeddable":true,"href":"https:\/\/roveyayinevi.com.tr\/index.php\/wp-json\/wp\/v2\/product_cat?post=722237"},{"taxonomy":"product_tag","embeddable":true,"href":"https:\/\/roveyayinevi.com.tr\/index.php\/wp-json\/wp\/v2\/product_tag?post=722237"}],"curies":[{"name":"wp","href":"https:\/\/api.w.org\/{rel}","templated":true}]}}