{"id":722236,"date":"2025-08-27T19:01:43","date_gmt":"2025-08-27T16:01:43","guid":{"rendered":"https:\/\/roveyayinevi.com.tr\/index.php\/urun\/gece-lambasi\/"},"modified":"2026-04-16T02:29:56","modified_gmt":"2026-04-15T23:29:56","slug":"gece-lambasi","status":"publish","type":"product","link":"https:\/\/roveyayinevi.com.tr\/index.php\/urun\/gece-lambasi\/","title":{"rendered":"Gece Lambas\u0131"},"content":{"rendered":"<p>Saklamal\u0131 geceyi ama nas\u0131l? D\u00fcnyaya desem dur d\u00f6nme diye? Yok! M\u00fcmk\u00fcn de\u011fil b\u0131rakmaz g\u00f6revini. G\u00fcne\u015f desen dinlemez beni, hi\u00e7 bozmaz d\u00fczenini. Ama ne yap\u0131p etmeli, \u015fu geceden kurtulmal\u0131. <\/p>\n","protected":false},"excerpt":{"rendered":"<p>Saklamal\u0131 geceyi ama nas\u0131l? D\u00fcnyaya desem dur d\u00f6nme diye? Yok! M\u00fcmk\u00fcn de\u011fil b\u0131rakmaz g\u00f6revini. G\u00fcne\u015f desen dinlemez beni, hi\u00e7 bozmaz d\u00fczenini. Ama ne yap\u0131p etmeli, \u015fu<span class=\"excerpt-hellip\"> [\u2026]<\/span><\/p>\n","protected":false},"featured_media":0,"template":"","meta":{"_monsterinsights_skip_tracking":false,"_monsterinsights_sitenote_active":false,"_monsterinsights_sitenote_note":"","_monsterinsights_sitenote_category":0},"product_brand":[],"product_cat":[12274,12284],"product_tag":[],"class_list":{"0":"post-722236","1":"product","2":"type-product","3":"status-publish","5":"product_cat-cocuk-ve-genclik-kitaplari","6":"product_cat-hikayeler","7":"pa_cilt-ciltsiz","8":"pa_tur-kitap","9":"pa_yayinevi-yapi-kredi-yayinlari","10":"pa_yazar-selman-ozkececi","12":"first","13":"instock","14":"sale","15":"shipping-taxable","16":"purchasable","17":"product-type-simple"},"_links":{"self":[{"href":"https:\/\/roveyayinevi.com.tr\/index.php\/wp-json\/wp\/v2\/product\/722236","targetHints":{"allow":["GET"]}}],"collection":[{"href":"https:\/\/roveyayinevi.com.tr\/index.php\/wp-json\/wp\/v2\/product"}],"about":[{"href":"https:\/\/roveyayinevi.com.tr\/index.php\/wp-json\/wp\/v2\/types\/product"}],"wp:attachment":[{"href":"https:\/\/roveyayinevi.com.tr\/index.php\/wp-json\/wp\/v2\/media?parent=722236"}],"wp:term":[{"taxonomy":"product_brand","embeddable":true,"href":"https:\/\/roveyayinevi.com.tr\/index.php\/wp-json\/wp\/v2\/product_brand?post=722236"},{"taxonomy":"product_cat","embeddable":true,"href":"https:\/\/roveyayinevi.com.tr\/index.php\/wp-json\/wp\/v2\/product_cat?post=722236"},{"taxonomy":"product_tag","embeddable":true,"href":"https:\/\/roveyayinevi.com.tr\/index.php\/wp-json\/wp\/v2\/product_tag?post=722236"}],"curies":[{"name":"wp","href":"https:\/\/api.w.org\/{rel}","templated":true}]}}