{"id":722235,"date":"2025-08-27T19:01:42","date_gmt":"2025-08-27T16:01:42","guid":{"rendered":"https:\/\/roveyayinevi.com.tr\/index.php\/urun\/tuhfe-i-natik\/"},"modified":"2026-04-16T02:29:56","modified_gmt":"2026-04-15T23:29:56","slug":"tuhfe-i-natik","status":"publish","type":"product","link":"https:\/\/roveyayinevi.com.tr\/index.php\/urun\/tuhfe-i-natik\/","title":{"rendered":"Tuhfe-i Nat\u0131k"},"content":{"rendered":"<p>Uzun bir yolculu\u011fun menzillerinin anlatan eserler, bir yandan yol g\u00fczerg\u00e2h\u0131 hakk\u0131nda bilgi verirken di\u011fer yandan bu menzillerdeki insanlar\u0131n ya\u015fant\u0131lar\u0131ndan ve geleneklerinden bahseden sosyok\u00fclt\u00fcrel kaynaklard\u0131r. Asl\u0131nda bu durum, seyahatnamelerin eski d\u00f6nemlerde co\u011frafya ve astronomi eserleri ile i\u00e7 i\u00e7e olmalar\u0131 ile ilgilidir. Seyahatnameler, yazar\u0131n seyahati s\u0131ras\u0131ndaki co\u011frafi ve kozmolojik g\u00f6zlemlerinin yan\u0131 s\u0131ra o co\u011frafyaya ait mitolojik anlat\u0131lar\u0131 da i\u00e7eren metinler olup zamanla co\u011fraf\u00ee eserlerden ayr\u0131larak edeb\u00ee bir t\u00fcr \u015feklinde ba\u011f\u0131ms\u0131zla\u015fm\u0131\u015ft\u0131r. Hac seyahatnamelerinin bir di\u011fer \u00f6zelli\u011fi de hac ibadeti s\u0131ras\u0131nda neler yap\u0131lmas\u0131 gerekti\u011fini anlatan birer rehber olmalar\u0131d\u0131r. Bu eserler, tavaf\u0131n nas\u0131l yap\u0131laca\u011f\u0131 ve hac ibadetinde dikkat edilmesi gereken hususlar hakk\u0131nda bilgi verir. N\u00e2t\u0131k\u2019\u0131n Tuhfe-i N\u00e2t\u0131k\u2019\u0131 da hac rehberi olma \u00f6zelli\u011fine sahiptir. Fakat onu benzerlerinden ay\u0131ran y\u00f6n, yolculu\u011fu s\u0131ras\u0131nda u\u011frad\u0131\u011f\u0131 \u015fehirler ve o \u015fehirlerde ya\u015fayan insanlar hakk\u0131nda verdi\u011fi g\u00f6zleme dayanan bilgilerdir. 2797 beyitlik bir mesnevi olan N\u00e2t\u0131k\u2019\u0131n Tuhfe-i N\u00e2t\u0131k\u2019\u0131 da, Hac yolculu\u011fu s\u0131ras\u0131nda u\u011fran\u0131lan \u015fehirler, bu \u015fehirlerin mimari yap\u0131s\u0131, mescitler, ziyaret yerleri, peygamber ve evliya kabirleri ile orada ya\u015fayan insanlar\u0131n \u00e2det ve geleneklerine dair bilgiler veren bir eserdir. Bu tarz \u00e2detler aras\u0131nda geceleri \u00e7ad\u0131rlarda kandiller yak\u0131lmas\u0131, \u015ferbet i\u00e7ilmesi, fi\u015fek g\u00f6sterilerinden bahsedilir. \u0130\u015fte ilk \u00f6rne\u011fi Ahmed Fakih\u2019in Kitabu Evsaf-\u0131 Mes\u00e2cidi\u2019\u015f-\u015eer\u00eefe ile g\u00f6r\u00fclen Osmanl\u0131 Edebiyat\u0131\u2019ndaki hac seyahatnamelerinin ku\u015fkusuz \u201cen renkli hac seyahati\u201d olan Edirneli N\u00e2t\u0131k\u2019\u0131n Tuhfe-i N\u00e2t\u0131k\u2019\u0131 siz de\u011ferli okuyucular\u0131n istifadesine sunulmaktad\u0131r.<\/p>\n","protected":false},"excerpt":{"rendered":"<p>Uzun bir yolculu\u011fun menzillerinin anlatan eserler, bir yandan yol g\u00fczerg\u00e2h\u0131 hakk\u0131nda bilgi verirken di\u011fer yandan bu menzillerdeki insanlar\u0131n ya\u015fant\u0131lar\u0131ndan ve geleneklerinden bahseden sosyok\u00fclt\u00fcrel kaynaklard\u0131r. Asl\u0131nda bu<span class=\"excerpt-hellip\"> [\u2026]<\/span><\/p>\n","protected":false},"featured_media":0,"template":"","meta":{"_monsterinsights_skip_tracking":false,"_monsterinsights_sitenote_active":false,"_monsterinsights_sitenote_note":"","_monsterinsights_sitenote_category":0},"product_brand":[],"product_cat":[18545,12291],"product_tag":[],"class_list":{"0":"post-722235","1":"product","2":"type-product","3":"status-publish","5":"product_cat-anlati","6":"product_cat-edebiyat","7":"pa_cilt-ciltsiz","8":"pa_tur-kitap","9":"pa_yayinevi-ketebe-yayinlari","10":"pa_yazar-i-hakki-aksoyak","12":"first","13":"instock","14":"sale","15":"shipping-taxable","16":"purchasable","17":"product-type-simple"},"_links":{"self":[{"href":"https:\/\/roveyayinevi.com.tr\/index.php\/wp-json\/wp\/v2\/product\/722235","targetHints":{"allow":["GET"]}}],"collection":[{"href":"https:\/\/roveyayinevi.com.tr\/index.php\/wp-json\/wp\/v2\/product"}],"about":[{"href":"https:\/\/roveyayinevi.com.tr\/index.php\/wp-json\/wp\/v2\/types\/product"}],"wp:attachment":[{"href":"https:\/\/roveyayinevi.com.tr\/index.php\/wp-json\/wp\/v2\/media?parent=722235"}],"wp:term":[{"taxonomy":"product_brand","embeddable":true,"href":"https:\/\/roveyayinevi.com.tr\/index.php\/wp-json\/wp\/v2\/product_brand?post=722235"},{"taxonomy":"product_cat","embeddable":true,"href":"https:\/\/roveyayinevi.com.tr\/index.php\/wp-json\/wp\/v2\/product_cat?post=722235"},{"taxonomy":"product_tag","embeddable":true,"href":"https:\/\/roveyayinevi.com.tr\/index.php\/wp-json\/wp\/v2\/product_tag?post=722235"}],"curies":[{"name":"wp","href":"https:\/\/api.w.org\/{rel}","templated":true}]}}