{"id":722234,"date":"2025-08-27T19:01:41","date_gmt":"2025-08-27T16:01:41","guid":{"rendered":"https:\/\/roveyayinevi.com.tr\/index.php\/urun\/bir-yalniz-100-dogum-yilinda-ilhan-berk\/"},"modified":"2026-04-16T02:29:56","modified_gmt":"2026-04-15T23:29:56","slug":"bir-yalniz-100-dogum-yilinda-ilhan-berk","status":"publish","type":"product","link":"https:\/\/roveyayinevi.com.tr\/index.php\/urun\/bir-yalniz-100-dogum-yilinda-ilhan-berk\/","title":{"rendered":"Bir Yaln\u0131z -100. Do\u011fum Y\u0131l\u0131nda \u0130lhan Berk"},"content":{"rendered":"<p>2018 y\u0131l\u0131ndaki \u0130lhan Berk\u2019in 100. do\u011fum y\u0131ld\u00f6n\u00fcm\u00fc etkinliklerinden biri Yap\u0131 Kredi K\u00fclt\u00fcr Sanat binas\u0131ndaki \u201c\u0130lhan Berk Gezegeni: Etkile\u015fim, \u0130leri-Geri Ad\u0131mlar, Sonsuz Aray\u0131\u015f\u201d, \u00f6b\u00fcr\u00fc de \u0130stanbul Arel \u00dcniversitesi\u2019ndeki \u201cBir yaln\u0131z\/ G\u00f6ky\u00fcz\u00fcn\u00fcn s\u00f6zl\u00fc\u011f\u00fcnde\u201d ba\u015fl\u0131kl\u0131 sempozyumlard\u0131. Her iki etkinlikteki oturumlarda sunulan metinlerden se\u00e7ilen Bir Yaln\u0131z, on yedi yazar\u0131n kat\u0131l\u0131m\u0131yla ortaya \u00e7\u0131kt\u0131: Abdullah U\u00e7man, Ahmet Berk, Ahmet C\u00fcneyt Iss\u0131, Asuman Susam, Aykut K\u00f6ksal, Bahanur Garan G\u00f6k\u015fen, B\u00e2ki Asilt\u00fcrk, Burcu Y\u0131lmaz \u00c7ebin, Gonca \u00d6zmen, G\u00fclce Ba\u015fer, Mehmet Can Do\u011fan, Muharrem Dayan\u00e7, Mustafa Kurt, \u00d6mer Erdem, Sabri G\u00fcrses, \u015eaban \u00c7obano\u011flu, Yal\u00e7\u0131n Arma\u011fan. Bir Yaln\u0131z, \u0130lhan Berk \u015fiiri \u00fcst\u00fcne yap\u0131lacak \u00e7al\u0131\u015fmalara yeni bir kaynak olmas\u0131 amac\u0131yla yay\u0131mlan\u0131yor. <\/p>\n","protected":false},"excerpt":{"rendered":"<p>2018 y\u0131l\u0131ndaki \u0130lhan Berk\u2019in 100. do\u011fum y\u0131ld\u00f6n\u00fcm\u00fc etkinliklerinden biri Yap\u0131 Kredi K\u00fclt\u00fcr Sanat binas\u0131ndaki \u201c\u0130lhan Berk Gezegeni: Etkile\u015fim, \u0130leri-Geri Ad\u0131mlar, Sonsuz Aray\u0131\u015f\u201d, \u00f6b\u00fcr\u00fc de \u0130stanbul Arel<span class=\"excerpt-hellip\"> [\u2026]<\/span><\/p>\n","protected":false},"featured_media":0,"template":"","meta":{"_monsterinsights_skip_tracking":false,"_monsterinsights_sitenote_active":false,"_monsterinsights_sitenote_note":"","_monsterinsights_sitenote_category":0},"product_brand":[],"product_cat":[13072,12291],"product_tag":[],"class_list":{"0":"post-722234","1":"product","2":"type-product","3":"status-publish","5":"product_cat-arastirma-inceleme-referans","6":"product_cat-edebiyat","7":"pa_cilt-ciltsiz","8":"pa_tur-kitap","9":"pa_yayinevi-yapi-kredi-yayinlari","10":"pa_yazar-bahanur-garan-goksen-murat-yalcin","12":"first","13":"instock","14":"sale","15":"shipping-taxable","16":"purchasable","17":"product-type-simple"},"_links":{"self":[{"href":"https:\/\/roveyayinevi.com.tr\/index.php\/wp-json\/wp\/v2\/product\/722234","targetHints":{"allow":["GET"]}}],"collection":[{"href":"https:\/\/roveyayinevi.com.tr\/index.php\/wp-json\/wp\/v2\/product"}],"about":[{"href":"https:\/\/roveyayinevi.com.tr\/index.php\/wp-json\/wp\/v2\/types\/product"}],"wp:attachment":[{"href":"https:\/\/roveyayinevi.com.tr\/index.php\/wp-json\/wp\/v2\/media?parent=722234"}],"wp:term":[{"taxonomy":"product_brand","embeddable":true,"href":"https:\/\/roveyayinevi.com.tr\/index.php\/wp-json\/wp\/v2\/product_brand?post=722234"},{"taxonomy":"product_cat","embeddable":true,"href":"https:\/\/roveyayinevi.com.tr\/index.php\/wp-json\/wp\/v2\/product_cat?post=722234"},{"taxonomy":"product_tag","embeddable":true,"href":"https:\/\/roveyayinevi.com.tr\/index.php\/wp-json\/wp\/v2\/product_tag?post=722234"}],"curies":[{"name":"wp","href":"https:\/\/api.w.org\/{rel}","templated":true}]}}