{"id":722233,"date":"2025-08-27T19:01:40","date_gmt":"2025-08-27T16:01:40","guid":{"rendered":"https:\/\/roveyayinevi.com.tr\/index.php\/urun\/karagoz-turkish-shadow-theatre\/"},"modified":"2026-04-16T02:29:56","modified_gmt":"2026-04-15T23:29:56","slug":"karagoz-turkish-shadow-theatre","status":"publish","type":"product","link":"https:\/\/roveyayinevi.com.tr\/index.php\/urun\/karagoz-turkish-shadow-theatre\/","title":{"rendered":"Karag\u00f6z -Turkish Shadow Theatre"},"content":{"rendered":"<p>Metin And\u2019\u0131n (1927-2008) \u0130ngilizce yazd\u0131\u011f\u0131 Karag\u00f6z: Turkish Shadow Theatre adl\u0131 kitap, ilk yay\u0131mlan\u0131\u015f\u0131ndan on d\u00f6rt y\u0131l sonra yeniden okurla bulu\u015fuyor. T\u00fcrk g\u00f6lge oyunu alan\u0131ndaki \u00e7al\u0131\u015fmalar\u0131n\u0131 hayat\u0131n\u0131n sonuna dek s\u00fcrd\u00fcren And, bu tiyatro t\u00fcr\u00fcn\u00fcn d\u00fcnyada da tan\u0131nmas\u0131 i\u00e7in etkinlikler d\u00fczenlemi\u015f, yabanc\u0131 dillerde incelemeler, kitaplar yazm\u0131\u015ft\u0131. \u0130\u015fte bu \u00e7aban\u0131n \u00fcr\u00fcnlerinden biri olan Karag\u00f6z: Turkish Shadow Theatre, geleneksel g\u00f6lge oyunumuzu k\u00f6kenlerinden malzemelerine, belli ba\u015fl\u0131 oyunlar\u0131ndan karakterlerine etrafl\u0131ca ele almas\u0131n\u0131n yan\u0131 s\u0131ra, T\u00fcrk tiyatrosunun ba\u015fka t\u00fcrleriyle \u2013\u00f6zellikle de T\u00fcrkiye\u2019de kukla tiyatrosuyla\u2013 ilgili bilgiler i\u00e7eriyor. Kitab\u0131n g\u00f6zden ge\u00e7irilmi\u015f bas\u0131m\u0131na, bir Karag\u00f6z oyununun \u0130ngilizce \u00e7evirisi ile \u00f6nemli Karag\u00f6z oynat\u0131c\u0131lar\u0131ndan Rag\u0131p Tu\u011ftekin\u2019le yap\u0131lm\u0131\u015f bir s\u00f6yle\u015fi eklendi. Bu yeni bas\u0131m\u0131n en \u00f6nemli \u00f6zelli\u011fi ise, Metin And\u2019\u0131n kitab\u0131n\u0131n g\u00f6rsel a\u00e7\u0131dan yeniden ele al\u0131nmas\u0131 oldu: Yap\u0131 Kredi M\u00fczesi\u2019nin Karag\u00f6z Koleksiyonu\u2019nda yer alan Karag\u00f6z tasvirleri, \u201cY\u0131kt\u0131n Perdeyi Eyledin V\u00eer\u00e2n \/ Yap\u0131 Kredi Karag\u00f6z Koleksiyonu\u201d sergisinin 2004 y\u0131l\u0131nda yay\u0131mlanan katalo\u011fundan sonra ilk kez bu kitapta yeniden Karag\u00f6z merakl\u0131lar\u0131n\u0131n kar\u015f\u0131s\u0131na \u00e7\u0131k\u0131yor.For over fifty years, Metin And championed Turkish theatre, traditional performing arts, festivities, and the art of Ottoman miniature in dozens of articles and titles in Turkish and other languages. In Karag\u00f6z: Turkish Shadow Theatre, originally written in English for an international audience in mind, he turns to one of the most original and colourful art forms that developed in and spread through the Ottoman Empire.Starting with an overview of traditions of theatre in Turkey, Metin And moves on to a thorough investigation of Karag\u00f6z, Turkish shadow theatre named after its protagonist: Its origins and development, the techniques involved in making of the figures and props, detailed studies of the stock characters and plots, and the form\u2019s function as political comment in the Ottoman Empire, ending with an account of shadow theatre\u2019s decline and later influence in the Westernizing Turkey. This revised edition includes full-colour reproductions of figures found in the rich Karag\u00f6z archive of Yap\u0131 Kredi Museum, as well as an appendix on the Turkish puppet and marionette theatre written by Metin And, the full text of a Karag\u00f6z play, and an interview with one of the last Karag\u00f6z performers in Turkey.Highly informative and hugely entertaining, Karag\u00f6z: Turkish Shadow Theatre is an indispensable reference book on the subject.<\/p>\n","protected":false},"excerpt":{"rendered":"<p>Metin And\u2019\u0131n (1927-2008) \u0130ngilizce yazd\u0131\u011f\u0131 Karag\u00f6z: Turkish Shadow Theatre adl\u0131 kitap, ilk yay\u0131mlan\u0131\u015f\u0131ndan on d\u00f6rt y\u0131l sonra yeniden okurla bulu\u015fuyor. T\u00fcrk g\u00f6lge oyunu alan\u0131ndaki \u00e7al\u0131\u015fmalar\u0131n\u0131 hayat\u0131n\u0131n<span class=\"excerpt-hellip\"> [\u2026]<\/span><\/p>\n","protected":false},"featured_media":0,"template":"","meta":{"_monsterinsights_skip_tracking":false,"_monsterinsights_sitenote_active":false,"_monsterinsights_sitenote_note":"","_monsterinsights_sitenote_category":0},"product_brand":[],"product_cat":[12409,12408],"product_tag":[],"class_list":{"0":"post-722233","1":"product","2":"type-product","3":"status-publish","5":"product_cat-fotograf-sinema-tiyatro","6":"product_cat-sanat","7":"pa_cilt-ciltsiz","8":"pa_tur-kitap","9":"pa_yayinevi-yapi-kredi-yayinlari-kultur","10":"pa_yazar-metin-and","12":"first","13":"instock","14":"sale","15":"shipping-taxable","16":"purchasable","17":"product-type-simple"},"_links":{"self":[{"href":"https:\/\/roveyayinevi.com.tr\/index.php\/wp-json\/wp\/v2\/product\/722233","targetHints":{"allow":["GET"]}}],"collection":[{"href":"https:\/\/roveyayinevi.com.tr\/index.php\/wp-json\/wp\/v2\/product"}],"about":[{"href":"https:\/\/roveyayinevi.com.tr\/index.php\/wp-json\/wp\/v2\/types\/product"}],"wp:attachment":[{"href":"https:\/\/roveyayinevi.com.tr\/index.php\/wp-json\/wp\/v2\/media?parent=722233"}],"wp:term":[{"taxonomy":"product_brand","embeddable":true,"href":"https:\/\/roveyayinevi.com.tr\/index.php\/wp-json\/wp\/v2\/product_brand?post=722233"},{"taxonomy":"product_cat","embeddable":true,"href":"https:\/\/roveyayinevi.com.tr\/index.php\/wp-json\/wp\/v2\/product_cat?post=722233"},{"taxonomy":"product_tag","embeddable":true,"href":"https:\/\/roveyayinevi.com.tr\/index.php\/wp-json\/wp\/v2\/product_tag?post=722233"}],"curies":[{"name":"wp","href":"https:\/\/api.w.org\/{rel}","templated":true}]}}