{"id":722230,"date":"2025-08-27T19:01:38","date_gmt":"2025-08-27T16:01:38","guid":{"rendered":"https:\/\/roveyayinevi.com.tr\/index.php\/urun\/baska-dunyalarda-yasam-var-mi\/"},"modified":"2026-04-16T02:29:56","modified_gmt":"2026-04-15T23:29:56","slug":"baska-dunyalarda-yasam-var-mi","status":"publish","type":"product","link":"https:\/\/roveyayinevi.com.tr\/index.php\/urun\/baska-dunyalarda-yasam-var-mi\/","title":{"rendered":"Ba\u015fka D\u00fcnyalarda Ya\u015fam Var m\u0131?"},"content":{"rendered":"<p>Osman Nuri Eralp\u2019in 1918 tarihli bu kitab\u0131, Tu\u0308rkiye\u2019de kaleme al\u0131nm\u0131\u015f muhtemel ilk astrobiyoloji metni ve bilim ve d\u00fc\u015f\u00fcnce tarih\u00e7ili\u011fimiz a\u00e7\u0131s\u0131ndan son derece ilgin\u00e7 ve heyecan verici bir eser. As\u0131rlard\u0131r insan zihnini me\u015fgul eden, mavi gezegenimizin d\u0131\u015f\u0131nda bizden ba\u015fka ya\u015fam olup olmad\u0131\u011f\u0131 sorusunun cevab\u0131n\u0131 Gu\u0308ne\u015f sistemindeki gezegenlerin tarihine bakarak arayan bu k\u00fc\u00e7\u00fck kitap, yery\u00fcz\u00fcndeki evrimin tarihini \u00e7er\u00e7eve olarak kullan\u0131yor ve bu surecin ba\u015fka gezegenler i\u00e7in de ge\u00e7erli oldu\u011funu \u015fiirsel bir u\u0308slupla dile getiriyor. Osman Nuri, d\u00f6neminin popu\u0308lerle\u015fmi\u015f bilgisi e\u015fli\u011finde, pek \u00e7ok mitolojide ki\u015fiselle\u015ftirilmi\u015f, g\u00fc\u00e7 ve g\u00fczellik simgeleri olarak kar\u015f\u0131m\u0131za \u00e7\u0131kan, Kopernik\u2019in ala\u015fa\u011f\u0131 etti\u011fi bo\u015f gururumuzdan modern g\u00f6kbilimi kavray\u0131\u015f\u0131m\u0131z\u0131n ilk andaki nesnelerine d\u00f6n\u00fc\u015fen G\u00fcne\u015f sistemi ve gezegenleri e\u015fli\u011finde, ba\u015fka d\u00fcnyalardaki ya\u015fam\u0131, d\u00fcnya d\u0131\u015f\u0131 zeki varl\u0131klar\u0131n pek\u00e2l\u00e2 m\u00fcmk\u00fcn olabilece\u011fini vurguluyor. <\/p>\n","protected":false},"excerpt":{"rendered":"<p>Osman Nuri Eralp\u2019in 1918 tarihli bu kitab\u0131, Tu\u0308rkiye\u2019de kaleme al\u0131nm\u0131\u015f muhtemel ilk astrobiyoloji metni ve bilim ve d\u00fc\u015f\u00fcnce tarih\u00e7ili\u011fimiz a\u00e7\u0131s\u0131ndan son derece ilgin\u00e7 ve heyecan verici<span class=\"excerpt-hellip\"> [\u2026]<\/span><\/p>\n","protected":false},"featured_media":0,"template":"","meta":{"_monsterinsights_skip_tracking":false,"_monsterinsights_sitenote_active":false,"_monsterinsights_sitenote_note":"","_monsterinsights_sitenote_category":0},"product_brand":[],"product_cat":[13005,13006],"product_tag":[],"class_list":{"0":"post-722230","1":"product","2":"type-product","3":"status-publish","5":"product_cat-bilim-muhendislik","6":"product_cat-populer-bilim","7":"pa_cilt-ciltsiz","8":"pa_tur-kitap","9":"pa_yayinevi-say-yayinlari","10":"pa_yazar-osman-nuri-eralp","12":"first","13":"instock","14":"sale","15":"shipping-taxable","16":"purchasable","17":"product-type-simple"},"_links":{"self":[{"href":"https:\/\/roveyayinevi.com.tr\/index.php\/wp-json\/wp\/v2\/product\/722230","targetHints":{"allow":["GET"]}}],"collection":[{"href":"https:\/\/roveyayinevi.com.tr\/index.php\/wp-json\/wp\/v2\/product"}],"about":[{"href":"https:\/\/roveyayinevi.com.tr\/index.php\/wp-json\/wp\/v2\/types\/product"}],"wp:attachment":[{"href":"https:\/\/roveyayinevi.com.tr\/index.php\/wp-json\/wp\/v2\/media?parent=722230"}],"wp:term":[{"taxonomy":"product_brand","embeddable":true,"href":"https:\/\/roveyayinevi.com.tr\/index.php\/wp-json\/wp\/v2\/product_brand?post=722230"},{"taxonomy":"product_cat","embeddable":true,"href":"https:\/\/roveyayinevi.com.tr\/index.php\/wp-json\/wp\/v2\/product_cat?post=722230"},{"taxonomy":"product_tag","embeddable":true,"href":"https:\/\/roveyayinevi.com.tr\/index.php\/wp-json\/wp\/v2\/product_tag?post=722230"}],"curies":[{"name":"wp","href":"https:\/\/api.w.org\/{rel}","templated":true}]}}