{"id":722229,"date":"2025-08-27T19:01:30","date_gmt":"2025-08-27T16:01:30","guid":{"rendered":"https:\/\/roveyayinevi.com.tr\/index.php\/urun\/hermeneutik\/"},"modified":"2026-04-16T02:29:56","modified_gmt":"2026-04-15T23:29:56","slug":"hermeneutik","status":"publish","type":"product","link":"https:\/\/roveyayinevi.com.tr\/index.php\/urun\/hermeneutik\/","title":{"rendered":"Hermeneutik"},"content":{"rendered":"<p>Hermeneutik gu\u0308nlu\u0308k ya\u015famlar\u0131m\u0131z\u0131n vazge\u00e7ilmez unsurlar\u0131ndan olan yorumlamay\u0131 ele alan bir bilgi dal\u0131d\u0131r. Biz insanlar gazete makalelerini, kitaplar\u0131, hukuki meseleleri, dini metinleri, siyasi nutuklar\u0131, elektronik postalar\u0131 ve hatta yemek masas\u0131nda d\u00f6nmekte olan sohbetleri \u00e7\u00f6zmeye, anlamaya \u00e7abalar\u0131z. Bu formlar arac\u0131l\u0131\u011f\u0131yla bilgi nas\u0131l sa\u011flan\u0131r? Yorumlama su\u0308recini in\u015fa eden nedir? Ve etraf\u0131m\u0131zdaki du\u0308nyadan nas\u0131l bir mana tu\u0308retiyoruz ki bu manayla du\u0308nyada ki yerimizi anlama ihtimalimizi olu\u015fturuyoruz?   Elinizdeki k\u0131sa, giri\u015f niteli\u011findeki bu eserde Zimmermann hermeneutic kuram\u0131n tarihsel izini su\u0308ru\u0308yor, bunu yaparken de kilit rol oynayan unsurlardan yola \u00e7\u0131k\u0131yor ve bu unsurlar\u0131n teoloji, edebiyat, hukuk ve bilim gibi disiplinlerde nas\u0131l bir uygulama alan\u0131na kavu\u015ftu\u011funu g\u00f6steriyor. Yorumlaman\u0131n \u00e7oktand\u0131r var olan ve geni\u015f bir etki alan\u0131na sahip gereklili\u011fini sunan yazar mevcut toplumsal ve siyasi alandaki ehemmiyetini de a\u00e7\u0131\u011fa \u00e7\u0131kar\u0131yor. <\/p>\n","protected":false},"excerpt":{"rendered":"<p>Hermeneutik gu\u0308nlu\u0308k ya\u015famlar\u0131m\u0131z\u0131n vazge\u00e7ilmez unsurlar\u0131ndan olan yorumlamay\u0131 ele alan bir bilgi dal\u0131d\u0131r. Biz insanlar gazete makalelerini, kitaplar\u0131, hukuki meseleleri, dini metinleri, siyasi nutuklar\u0131, elektronik postalar\u0131 ve<span class=\"excerpt-hellip\"> [\u2026]<\/span><\/p>\n","protected":false},"featured_media":0,"template":"","meta":{"_monsterinsights_skip_tracking":false,"_monsterinsights_sitenote_active":false,"_monsterinsights_sitenote_note":"","_monsterinsights_sitenote_category":0},"product_brand":[],"product_cat":[12389,12388],"product_tag":[],"class_list":{"0":"post-722229","1":"product","2":"type-product","3":"status-publish","5":"product_cat-diger-felsefe","6":"product_cat-felsefe","7":"pa_cilt-ciltsiz","8":"pa_tur-kitap","9":"pa_yayinevi-say-yayinlari","10":"pa_yazar-jens-zimmermann","12":"first","13":"instock","14":"sale","15":"shipping-taxable","16":"purchasable","17":"product-type-simple"},"_links":{"self":[{"href":"https:\/\/roveyayinevi.com.tr\/index.php\/wp-json\/wp\/v2\/product\/722229","targetHints":{"allow":["GET"]}}],"collection":[{"href":"https:\/\/roveyayinevi.com.tr\/index.php\/wp-json\/wp\/v2\/product"}],"about":[{"href":"https:\/\/roveyayinevi.com.tr\/index.php\/wp-json\/wp\/v2\/types\/product"}],"wp:attachment":[{"href":"https:\/\/roveyayinevi.com.tr\/index.php\/wp-json\/wp\/v2\/media?parent=722229"}],"wp:term":[{"taxonomy":"product_brand","embeddable":true,"href":"https:\/\/roveyayinevi.com.tr\/index.php\/wp-json\/wp\/v2\/product_brand?post=722229"},{"taxonomy":"product_cat","embeddable":true,"href":"https:\/\/roveyayinevi.com.tr\/index.php\/wp-json\/wp\/v2\/product_cat?post=722229"},{"taxonomy":"product_tag","embeddable":true,"href":"https:\/\/roveyayinevi.com.tr\/index.php\/wp-json\/wp\/v2\/product_tag?post=722229"}],"curies":[{"name":"wp","href":"https:\/\/api.w.org\/{rel}","templated":true}]}}