{"id":722227,"date":"2025-08-27T19:01:29","date_gmt":"2025-08-27T16:01:29","guid":{"rendered":"https:\/\/roveyayinevi.com.tr\/index.php\/urun\/cocuk-koruma-ve-sosyal-hizmet\/"},"modified":"2026-04-16T02:29:55","modified_gmt":"2026-04-15T23:29:55","slug":"cocuk-koruma-ve-sosyal-hizmet","status":"publish","type":"product","link":"https:\/\/roveyayinevi.com.tr\/index.php\/urun\/cocuk-koruma-ve-sosyal-hizmet\/","title":{"rendered":"\u00c7ocuk Koruma ve Sosyal Hizmet"},"content":{"rendered":"<p>Her \u00e7ocu\u011fun, \u00e7ocuk olmas\u0131 nedeniyle korunma ihtiyac\u0131 bulunmaktad\u0131r. Bununla birlikte, \u00f6zel olarak korunmas\u0131 gereken \u00e7ocuklar da vard\u0131r. \u00c7ocuklar\u0131n korunma ihtiyac\u0131n\u0131 ortaya \u00e7\u0131karan nedenler her ne olursa olsun, onlar\u0131n sosyal ya\u015fama d\u00e2hil edilmesi i\u00e7in de\u011fi\u015fik politikalar\u0131n uygulanmas\u0131 bu kitab\u0131n temelini olu\u015fturmaktad\u0131r.Yazar kitapta, toplum i\u00e7in elzem olan sosyal politika ara\u00e7lar\u0131n\u0131n korunma ihtiyac\u0131 bulunan \u00e7ocuklar\u0131n ya\u015famlar\u0131n\u0131 nas\u0131l etkiledi\u011fini ortaya koyarak, sosyal hizmetlerin uygulay\u0131c\u0131s\u0131 olan sosyal idarenin politikalar\u0131n\u0131, devlet korumas\u0131ndan ayr\u0131lan kurum bak\u0131m\u0131 alm\u0131\u015f bireyler \u00fczerinden tart\u0131\u015fmaya \u00e7al\u0131\u015fmaktad\u0131r. Bu ba\u011flamda kitab\u0131n, sosyal hizmet \u00f6\u011frencileri, sosyal hizmet kurulu\u015flar\u0131nda \u00e7al\u0131\u015fan meslek uzmanlar\u0131, sosyal hizmet ve sosyal politika ile u\u011fra\u015fan bilim insanlar\u0131na yard\u0131mc\u0131 olaca\u011f\u0131 d\u00fc\u015f\u00fcn\u00fclmektedir.<\/p>\n","protected":false},"excerpt":{"rendered":"<p>Her \u00e7ocu\u011fun, \u00e7ocuk olmas\u0131 nedeniyle korunma ihtiyac\u0131 bulunmaktad\u0131r. Bununla birlikte, \u00f6zel olarak korunmas\u0131 gereken \u00e7ocuklar da vard\u0131r. \u00c7ocuklar\u0131n korunma ihtiyac\u0131n\u0131 ortaya \u00e7\u0131karan nedenler her ne olursa<span class=\"excerpt-hellip\"> [\u2026]<\/span><\/p>\n","protected":false},"featured_media":0,"template":"","meta":{"_monsterinsights_skip_tracking":false,"_monsterinsights_sitenote_active":false,"_monsterinsights_sitenote_note":"","_monsterinsights_sitenote_category":0},"product_brand":[],"product_cat":[12325,12324],"product_tag":[],"class_list":{"0":"post-722227","1":"product","2":"type-product","3":"status-publish","5":"product_cat-diger-sosyoloji","6":"product_cat-sosyoloji","7":"pa_cilt-ciltsiz","8":"pa_tur-kitap","9":"pa_yayinevi-nika-yayinevi","10":"pa_yazar-ergun-yazici","12":"first","13":"instock","14":"sale","15":"shipping-taxable","16":"purchasable","17":"product-type-simple"},"_links":{"self":[{"href":"https:\/\/roveyayinevi.com.tr\/index.php\/wp-json\/wp\/v2\/product\/722227","targetHints":{"allow":["GET"]}}],"collection":[{"href":"https:\/\/roveyayinevi.com.tr\/index.php\/wp-json\/wp\/v2\/product"}],"about":[{"href":"https:\/\/roveyayinevi.com.tr\/index.php\/wp-json\/wp\/v2\/types\/product"}],"wp:attachment":[{"href":"https:\/\/roveyayinevi.com.tr\/index.php\/wp-json\/wp\/v2\/media?parent=722227"}],"wp:term":[{"taxonomy":"product_brand","embeddable":true,"href":"https:\/\/roveyayinevi.com.tr\/index.php\/wp-json\/wp\/v2\/product_brand?post=722227"},{"taxonomy":"product_cat","embeddable":true,"href":"https:\/\/roveyayinevi.com.tr\/index.php\/wp-json\/wp\/v2\/product_cat?post=722227"},{"taxonomy":"product_tag","embeddable":true,"href":"https:\/\/roveyayinevi.com.tr\/index.php\/wp-json\/wp\/v2\/product_tag?post=722227"}],"curies":[{"name":"wp","href":"https:\/\/api.w.org\/{rel}","templated":true}]}}