{"id":722224,"date":"2025-08-27T19:01:26","date_gmt":"2025-08-27T16:01:26","guid":{"rendered":"https:\/\/roveyayinevi.com.tr\/index.php\/urun\/olumun-anne-yuzu\/"},"modified":"2026-04-16T02:29:55","modified_gmt":"2026-04-15T23:29:55","slug":"olumun-anne-yuzu","status":"publish","type":"product","link":"https:\/\/roveyayinevi.com.tr\/index.php\/urun\/olumun-anne-yuzu\/","title":{"rendered":"\u00d6l\u00fcm\u00fcn Anne Y\u00fcz\u00fc"},"content":{"rendered":"<p>Gen\u00e7 ya\u015fta hayat\u0131n\u0131 kaybeden \u015fairlerimizden Didem Madak, Grapon K\u00e2\u011f\u0131tlar\u0131, Ah\u2019lar A\u011fac\u0131, Pulbiber Mahallesi olmak \u00fczere geride \u00fc\u00e7 \u015fiir kitab\u0131 b\u0131rakm\u0131\u015ft\u0131r. Erken denilebilecek bir ya\u015fta annesini kaybeden ve bu kayb\u0131n sonucunda, hayata tutunmaya \u00e7al\u0131\u015f\u0131rken bir\u00e7ok zorlukla ve engelle kar\u015f\u0131la\u015fan \u015fairin, \u00f6l\u00fcm kavram\u0131na bak\u0131\u015f\u0131 da de\u011fi\u015fmi\u015f, annesini tan\u0131mlayan, b\u00fct\u00fcnleyen ve hatta onunla \u00f6zde\u015fle\u015fen bir kavram olarak hayat\u0131na girmi\u015ftir.\u015eiirlerinde \u00f6z ya\u015fam \u00f6yk\u00fcs\u00fcnden derin izler bulunan \u015fairin, \u00e7ocukluk d\u00f6neminin incelenmesi ise bir gereklilik olarak edebiyat ara\u015ft\u0131rmac\u0131s\u0131n\u0131n kar\u015f\u0131s\u0131nda durmaktad\u0131r. Bir sanat\u00e7\u0131n\u0131n \u00fcretim ediminin tam olarak anlamland\u0131r\u0131lmas\u0131 ve derinliklerinde yatan nedenleri ortaya koymas\u0131 bak\u0131m\u0131ndan psikanaliz incelemenin b\u00fcy\u00fck bir \u00f6nemi vard\u0131r.\u00d6l\u00fcm\u00fcn Anne Y\u00fcz\u00fc isimli bu eser, \u015fairin \u015fiirlerinde hissedilen anne ve \u00f6l\u00fcm aras\u0131ndaki ili\u015fkiyi psikanalizin \u0131\u015f\u0131\u011f\u0131nda a\u00e7\u0131klamaya \u00e7al\u0131\u015fmaktad\u0131r.<\/p>\n","protected":false},"excerpt":{"rendered":"<p>Gen\u00e7 ya\u015fta hayat\u0131n\u0131 kaybeden \u015fairlerimizden Didem Madak, Grapon K\u00e2\u011f\u0131tlar\u0131, Ah\u2019lar A\u011fac\u0131, Pulbiber Mahallesi olmak \u00fczere geride \u00fc\u00e7 \u015fiir kitab\u0131 b\u0131rakm\u0131\u015ft\u0131r. Erken denilebilecek bir ya\u015fta annesini kaybeden<span class=\"excerpt-hellip\"> [\u2026]<\/span><\/p>\n","protected":false},"featured_media":0,"template":"","meta":{"_monsterinsights_skip_tracking":false,"_monsterinsights_sitenote_active":false,"_monsterinsights_sitenote_note":"","_monsterinsights_sitenote_category":0},"product_brand":[],"product_cat":[13072,12291],"product_tag":[],"class_list":{"0":"post-722224","1":"product","2":"type-product","3":"status-publish","5":"product_cat-arastirma-inceleme-referans","6":"product_cat-edebiyat","7":"pa_cilt-ciltsiz","8":"pa_tur-kitap","9":"pa_yayinevi-ideal-kultur-yayincilik","10":"pa_yazar-ozden-savas","12":"first","13":"instock","14":"sale","15":"shipping-taxable","16":"purchasable","17":"product-type-simple"},"_links":{"self":[{"href":"https:\/\/roveyayinevi.com.tr\/index.php\/wp-json\/wp\/v2\/product\/722224","targetHints":{"allow":["GET"]}}],"collection":[{"href":"https:\/\/roveyayinevi.com.tr\/index.php\/wp-json\/wp\/v2\/product"}],"about":[{"href":"https:\/\/roveyayinevi.com.tr\/index.php\/wp-json\/wp\/v2\/types\/product"}],"wp:attachment":[{"href":"https:\/\/roveyayinevi.com.tr\/index.php\/wp-json\/wp\/v2\/media?parent=722224"}],"wp:term":[{"taxonomy":"product_brand","embeddable":true,"href":"https:\/\/roveyayinevi.com.tr\/index.php\/wp-json\/wp\/v2\/product_brand?post=722224"},{"taxonomy":"product_cat","embeddable":true,"href":"https:\/\/roveyayinevi.com.tr\/index.php\/wp-json\/wp\/v2\/product_cat?post=722224"},{"taxonomy":"product_tag","embeddable":true,"href":"https:\/\/roveyayinevi.com.tr\/index.php\/wp-json\/wp\/v2\/product_tag?post=722224"}],"curies":[{"name":"wp","href":"https:\/\/api.w.org\/{rel}","templated":true}]}}