{"id":722222,"date":"2025-08-27T19:01:25","date_gmt":"2025-08-27T16:01:25","guid":{"rendered":"https:\/\/roveyayinevi.com.tr\/index.php\/urun\/tiroit-tedavisi\/"},"modified":"2026-04-16T02:29:55","modified_gmt":"2026-04-15T23:29:55","slug":"tiroit-tedavisi","status":"publish","type":"product","link":"https:\/\/roveyayinevi.com.tr\/index.php\/urun\/tiroit-tedavisi\/","title":{"rendered":"Tiroit Tedavisi"},"content":{"rendered":"<p>B\u00fcy\u00fck tart\u0131\u015fmalar yaratan Medikal Medyum\u2019un yazar\u0131 \u015fimdi de tiroit bezi hakk\u0131ndaki ger\u00e7ekleri anlat\u0131yor!Bebeklerden ebeveynlere, ya\u015fl\u0131lardan \u00e7ocuklara her ya\u015ftan insan -\u00f6zellikle de kad\u0131nlar- yorgunluk, kilo alma, zihin bulan\u0131kl\u0131\u011f\u0131, haf\u0131za sorunlar\u0131, a\u011fr\u0131 ve s\u0131z\u0131lar, kar\u0131ncalanma ve uyu\u015fma, uykusuzluk, sa\u00e7 d\u00f6k\u00fclmesi, ate\u015f basmas\u0131, so\u011fu\u011fa kar\u015f\u0131 hassasiyet, kab\u0131zl\u0131k, \u015fi\u015fkinlik, gerginlik, bunal\u0131m, kalp \u00e7arp\u0131nt\u0131lar\u0131, libido eksikli\u011fi, huzursuz bacak sendromu ve daha bir\u00e7ok rahats\u0131zl\u0131\u011f\u0131n kayna\u011f\u0131n\u0131n tiroit bezi oldu\u011funu biliyor. Herkes kendini bu tiroit tuza\u011f\u0131ndan kurtarmak istiyor.Fakat dikkatlerden ka\u00e7an \u00f6nemli bir ger\u00e7ek var: Bir rahats\u0131zl\u0131\u011f\u0131n en b\u00fcy\u00fck sebebi tiroit bezi olmayabilir. Yine de sorunlu bir tiroit, boyundaki k\u00fc\u00e7\u00fck bir bezden beklenmeyecek kadar b\u00fcy\u00fck sorunlar yaratabilir.Anthony William, Medikal Medyum Tiroit Tedavisi \u2019nde tiroit hastal\u0131\u011f\u0131na yeni bir yakla\u015f\u0131m getiriyor. Okuyucular\u0131n\u0131, kendi tiroitlerinin uzman\u0131 olma yolunda y\u00fcreklendirirken as\u0131l sorunun ne oldu\u011funu t\u00fcm ayr\u0131nt\u0131lar\u0131yla a\u00e7\u0131kl\u0131yor ve hayat de\u011fi\u015ftiren birtak\u0131m \u00f6neriler ile tarifler sunuyor.Okuyacaklar\u0131n\u0131z, bug\u00fcne kadar g\u00f6rd\u00fcklerinizden \u00e7ok farkl\u0131. Art\u0131k kontrol\u00fc ele alma zaman\u0131. Bu kitaptaki bilgilerle a\u015fa\u011f\u0131daki rahats\u0131zl\u0131k ve belirtilerin ger\u00e7ek nedenlerini ve iyile\u015fme yollar\u0131n\u0131 ke\u015ffedeceksiniz:\u00b7 A\u011fr\u0131 Ve S\u0131z\u0131lar\u00b7 Gerginlik Ve Bunal\u0131m\u00b7 Otoimm\u00fcn Hastal\u0131klar\u00b7 Zihin Bulan\u0131kl\u0131\u011f\u0131 Ve Odaklanma\u00b7 Kanser\u00b7 Epste\u0131n-Barr Vir\u00fcs\u00b7 Uyku Bozukluklar\u0131\u00b7 Gebelik Sorunlar\u0131\u00b7 Yorgunluk\u00b7 Monon\u00fckleoz\u00b7 Fibromiyalji\u00b7 Kronik Yorgunluk Sendromu\u00b7 Sa\u00e7 D\u00f6k\u00fclmesi Ve \u0130ncelmesi\u00b7 Gizli Kilo Al\u0131m\u0131\u00b7 Hash\u0131moto Tiroiditi\u00b7 Ba\u015f A\u011fr\u0131s\u0131 Ve Migren\u00b7 Kalp \u00c7arp\u0131nt\u0131lar\u0131\u00b7 Vertigo\u00b7 Hipertiroidizm\u00b7 Hipotiroidizm\u00b7 Menopoz Belirtileri<\/p>\n","protected":false},"excerpt":{"rendered":"<p>B\u00fcy\u00fck tart\u0131\u015fmalar yaratan Medikal Medyum\u2019un yazar\u0131 \u015fimdi de tiroit bezi hakk\u0131ndaki ger\u00e7ekleri anlat\u0131yor!Bebeklerden ebeveynlere, ya\u015fl\u0131lardan \u00e7ocuklara her ya\u015ftan insan -\u00f6zellikle de kad\u0131nlar- yorgunluk, kilo alma, zihin<span class=\"excerpt-hellip\"> [\u2026]<\/span><\/p>\n","protected":false},"featured_media":0,"template":"","meta":{"_monsterinsights_skip_tracking":false,"_monsterinsights_sitenote_active":false,"_monsterinsights_sitenote_note":"","_monsterinsights_sitenote_category":0},"product_brand":[],"product_cat":[16965,13365],"product_tag":[],"class_list":{"0":"post-722222","1":"product","2":"type-product","3":"status-publish","5":"product_cat-genel-saglik-kitaplari","6":"product_cat-saglik","7":"pa_cilt-ciltsiz","8":"pa_tur-kitap","9":"pa_yayinevi-nemesis-kitap","10":"pa_yazar-anthony-william","12":"first","13":"instock","14":"sale","15":"shipping-taxable","16":"purchasable","17":"product-type-simple"},"_links":{"self":[{"href":"https:\/\/roveyayinevi.com.tr\/index.php\/wp-json\/wp\/v2\/product\/722222","targetHints":{"allow":["GET"]}}],"collection":[{"href":"https:\/\/roveyayinevi.com.tr\/index.php\/wp-json\/wp\/v2\/product"}],"about":[{"href":"https:\/\/roveyayinevi.com.tr\/index.php\/wp-json\/wp\/v2\/types\/product"}],"wp:attachment":[{"href":"https:\/\/roveyayinevi.com.tr\/index.php\/wp-json\/wp\/v2\/media?parent=722222"}],"wp:term":[{"taxonomy":"product_brand","embeddable":true,"href":"https:\/\/roveyayinevi.com.tr\/index.php\/wp-json\/wp\/v2\/product_brand?post=722222"},{"taxonomy":"product_cat","embeddable":true,"href":"https:\/\/roveyayinevi.com.tr\/index.php\/wp-json\/wp\/v2\/product_cat?post=722222"},{"taxonomy":"product_tag","embeddable":true,"href":"https:\/\/roveyayinevi.com.tr\/index.php\/wp-json\/wp\/v2\/product_tag?post=722222"}],"curies":[{"name":"wp","href":"https:\/\/api.w.org\/{rel}","templated":true}]}}