{"id":722220,"date":"2025-08-27T19:01:23","date_gmt":"2025-08-27T16:01:23","guid":{"rendered":"https:\/\/roveyayinevi.com.tr\/index.php\/urun\/turkiye-ekonomisi-3\/"},"modified":"2026-04-16T02:29:55","modified_gmt":"2026-04-15T23:29:55","slug":"turkiye-ekonomisi-3","status":"publish","type":"product","link":"https:\/\/roveyayinevi.com.tr\/index.php\/urun\/turkiye-ekonomisi-3\/","title":{"rendered":"T\u00fcrkiye Ekonomisi"},"content":{"rendered":"<p>Ekonominin yap\u0131sal sorunlar\u0131na farkl\u0131 bir bak\u0131\u015f&#8230; Bu kitap, T\u00fcrkiye ekonomisi \u00fczerine yaz\u0131lm\u0131\u015f kitaplardan farkl\u0131 bir bak\u0131\u015f a\u00e7\u0131s\u0131 getiriyor. T\u00fcrkiye\u2019nin ekonomik yap\u0131s\u0131n\u0131, T\u00fcrk Liras\u0131n\u0131 ve parasal d\u00fczeni, ekonomi y\u00f6netiminde g\u00f6rev alan kurumlar\u0131, T\u00fcrkiye\u2019nin d\u0131\u015f ekonomik ili\u015fkilerini ve bor\u00e7lulu\u011funu da i\u00e7eren kapsaml\u0131 bir ekonomik \u00e7er\u00e7eve \u00e7iziyor.T\u00fcrkiye ekonomisi, ekonomi ve ekonomi politikas\u0131 uygulamalar\u0131 a\u00e7\u0131s\u0131ndan bir laboratuvar gibi. Hemen her g\u00fcn ekonomiyi etkileyen farkl\u0131 geli\u015fmeler ya\u015fan\u0131yor ve bu geli\u015fmelere politika yap\u0131c\u0131lardan ve uygulay\u0131c\u0131lardan farkl\u0131 tepkiler geliyor. Bu nedenle kitab\u0131n son b\u00f6l\u00fcm\u00fcnde T\u00fcrkiye ekonomisinin g\u00fcncel sorunlar\u0131na da yer veriliyor. <\/p>\n","protected":false},"excerpt":{"rendered":"<p>Ekonominin yap\u0131sal sorunlar\u0131na farkl\u0131 bir bak\u0131\u015f&#8230; Bu kitap, T\u00fcrkiye ekonomisi \u00fczerine yaz\u0131lm\u0131\u015f kitaplardan farkl\u0131 bir bak\u0131\u015f a\u00e7\u0131s\u0131 getiriyor. T\u00fcrkiye\u2019nin ekonomik yap\u0131s\u0131n\u0131, T\u00fcrk Liras\u0131n\u0131 ve parasal d\u00fczeni,<span class=\"excerpt-hellip\"> [\u2026]<\/span><\/p>\n","protected":false},"featured_media":0,"template":"","meta":{"_monsterinsights_skip_tracking":false,"_monsterinsights_sitenote_active":false,"_monsterinsights_sitenote_note":"","_monsterinsights_sitenote_category":0},"product_brand":[],"product_cat":[13043,14144],"product_tag":[],"class_list":{"0":"post-722220","1":"product","2":"type-product","3":"status-publish","5":"product_cat-ekonomi","6":"product_cat-turkiye-ekonomisi","7":"pa_cilt-ciltsiz","8":"pa_tur-kitap","9":"pa_yayinevi-remzi-kitabevi","10":"pa_yazar-mahfi-egilmez","12":"first","13":"instock","14":"sale","15":"shipping-taxable","16":"purchasable","17":"product-type-simple"},"_links":{"self":[{"href":"https:\/\/roveyayinevi.com.tr\/index.php\/wp-json\/wp\/v2\/product\/722220","targetHints":{"allow":["GET"]}}],"collection":[{"href":"https:\/\/roveyayinevi.com.tr\/index.php\/wp-json\/wp\/v2\/product"}],"about":[{"href":"https:\/\/roveyayinevi.com.tr\/index.php\/wp-json\/wp\/v2\/types\/product"}],"wp:attachment":[{"href":"https:\/\/roveyayinevi.com.tr\/index.php\/wp-json\/wp\/v2\/media?parent=722220"}],"wp:term":[{"taxonomy":"product_brand","embeddable":true,"href":"https:\/\/roveyayinevi.com.tr\/index.php\/wp-json\/wp\/v2\/product_brand?post=722220"},{"taxonomy":"product_cat","embeddable":true,"href":"https:\/\/roveyayinevi.com.tr\/index.php\/wp-json\/wp\/v2\/product_cat?post=722220"},{"taxonomy":"product_tag","embeddable":true,"href":"https:\/\/roveyayinevi.com.tr\/index.php\/wp-json\/wp\/v2\/product_tag?post=722220"}],"curies":[{"name":"wp","href":"https:\/\/api.w.org\/{rel}","templated":true}]}}