{"id":722219,"date":"2025-08-27T19:01:23","date_gmt":"2025-08-27T16:01:23","guid":{"rendered":"https:\/\/roveyayinevi.com.tr\/index.php\/urun\/ucret-fiyat-ve-kar-2\/"},"modified":"2026-04-16T02:29:55","modified_gmt":"2026-04-15T23:29:55","slug":"ucret-fiyat-ve-kar-2","status":"publish","type":"product","link":"https:\/\/roveyayinevi.com.tr\/index.php\/urun\/ucret-fiyat-ve-kar-2\/","title":{"rendered":"\u00dccret, Fiyat ve Kar"},"content":{"rendered":"<p>\u00dccretler ve fiyatlar nas\u0131l belirlenir? Emek ile emek g\u00fcc\u00fc aras\u0131ndaki fark nedir? Kapitalistler nas\u0131l k\u00e2r eder? \u0130\u015f\u00e7ilerin \u00fccretleri y\u00fckseltmek ve \u00e7al\u0131\u015fma s\u00fcrelerini k\u0131saltmak i\u00e7in y\u00fcr\u00fctt\u00fc\u011f\u00fc m\u00fccadeleler bo\u015funa m\u0131d\u0131r? \u201cAdil \u00fccret\u201d talebi anlaml\u0131 m\u0131d\u0131r? \u0130\u015f\u00e7iler, \u00fccret m\u00fccadelesiyle yetinebilir mi? Kapital\u2019in haz\u0131rl\u0131k \u00e7al\u0131\u015fmalar\u0131n\u0131 1850\u2019li ve 60\u2019l\u0131 y\u0131llarda y\u00fcr\u00fcten Karl Marx, bu eserin birinci cildinin yay\u0131mlanmas\u0131ndan iki y\u0131l \u00f6nce, yani 1865 y\u0131l\u0131nda, Birinci Enternasyonal\u2019in y\u00f6neticilerine, i\u015f\u00e7i s\u0131n\u0131f\u0131n\u0131n iktisadi m\u00fccadeleleri hakk\u0131nda bir sunum yapm\u0131\u015ft\u0131. Kapital\u2019de derinlikli olarak incelenen pek \u00e7ok konu ve kavram, bu sunumda, iktisat alan\u0131nda birikimli olmayanlar\u0131n da anlayabilece\u011fi bir \u015fekilde ele al\u0131nm\u0131\u015ft\u0131. Bir ba\u015fka deyi\u015fle, \u00dccret, Fiyat ve K\u00e2r, bir \u201cKapital\u2019e giri\u015f\u201d \u00e7al\u0131\u015fmas\u0131 olarak da okunabilir. \u0130lk bask\u0131s\u0131 Marksizmin kurucular\u0131n\u0131n \u00f6l\u00fcmlerinden sonra yay\u0131mlanan bu \u00e7al\u0131\u015fma \u0130ngilizce olarak kaleme al\u0131nm\u0131\u015ft\u0131.   <\/p>\n","protected":false},"excerpt":{"rendered":"<p>\u00dccretler ve fiyatlar nas\u0131l belirlenir? Emek ile emek g\u00fcc\u00fc aras\u0131ndaki fark nedir? Kapitalistler nas\u0131l k\u00e2r eder? \u0130\u015f\u00e7ilerin \u00fccretleri y\u00fckseltmek ve \u00e7al\u0131\u015fma s\u00fcrelerini k\u0131saltmak i\u00e7in y\u00fcr\u00fctt\u00fc\u011f\u00fc m\u00fccadeleler<span class=\"excerpt-hellip\"> [\u2026]<\/span><\/p>\n","protected":false},"featured_media":0,"template":"","meta":{"_monsterinsights_skip_tracking":false,"_monsterinsights_sitenote_active":false,"_monsterinsights_sitenote_note":"","_monsterinsights_sitenote_category":0},"product_brand":[],"product_cat":[13590,12337],"product_tag":[],"class_list":{"0":"post-722219","1":"product","2":"type-product","3":"status-publish","5":"product_cat-arastirma-inceleme-politika-siyaset","6":"product_cat-politika-siyaset","7":"pa_cilt-ciltsiz","8":"pa_tur-kitap","9":"pa_yayinevi-yordam-kitap","10":"pa_yazar-karl-marx","12":"first","13":"instock","14":"sale","15":"shipping-taxable","16":"purchasable","17":"product-type-simple"},"_links":{"self":[{"href":"https:\/\/roveyayinevi.com.tr\/index.php\/wp-json\/wp\/v2\/product\/722219","targetHints":{"allow":["GET"]}}],"collection":[{"href":"https:\/\/roveyayinevi.com.tr\/index.php\/wp-json\/wp\/v2\/product"}],"about":[{"href":"https:\/\/roveyayinevi.com.tr\/index.php\/wp-json\/wp\/v2\/types\/product"}],"wp:attachment":[{"href":"https:\/\/roveyayinevi.com.tr\/index.php\/wp-json\/wp\/v2\/media?parent=722219"}],"wp:term":[{"taxonomy":"product_brand","embeddable":true,"href":"https:\/\/roveyayinevi.com.tr\/index.php\/wp-json\/wp\/v2\/product_brand?post=722219"},{"taxonomy":"product_cat","embeddable":true,"href":"https:\/\/roveyayinevi.com.tr\/index.php\/wp-json\/wp\/v2\/product_cat?post=722219"},{"taxonomy":"product_tag","embeddable":true,"href":"https:\/\/roveyayinevi.com.tr\/index.php\/wp-json\/wp\/v2\/product_tag?post=722219"}],"curies":[{"name":"wp","href":"https:\/\/api.w.org\/{rel}","templated":true}]}}