{"id":722218,"date":"2025-08-27T19:01:22","date_gmt":"2025-08-27T16:01:22","guid":{"rendered":"https:\/\/roveyayinevi.com.tr\/index.php\/urun\/friedrich-engels\/"},"modified":"2026-04-16T02:29:55","modified_gmt":"2026-04-15T23:29:55","slug":"friedrich-engels","status":"publish","type":"product","link":"https:\/\/roveyayinevi.com.tr\/index.php\/urun\/friedrich-engels\/","title":{"rendered":"Friedrich Engels"},"content":{"rendered":"<p>Marksizmin kurucular\u0131ndan Friedrich Engels hakk\u0131ndaki bu kapsaml\u0131 ya\u015fam\u00f6yk\u00fcs\u00fcnde, onun yaln\u0131zca siyasal m\u00fccadelesi ve d\u00fc\u015f\u00fcnsel \u00fcretimi de\u011fil, Karl Marx\u2019la ili\u015fkileri, gazetecili\u011fi, i\u015f ya\u015fam\u0131, Burns karde\u015flerle \u201c\u00f6zel ili\u015fkiler\u201di, \u015fairli\u011fi ve hatta \u015farap sevgisi de ele al\u0131n\u0131yor. Ba\u015flang\u0131\u00e7ta \u201csomut siyasal stratejiler\u201de \u00f6ncelik veren Engels, ya\u015fam\u0131n\u0131n son y\u0131llar\u0131nda felsefe ve y\u00f6ntem tart\u0131\u015fmalar\u0131na neden a\u011f\u0131rl\u0131k verdi, bu alanlardaki incelemeleriyle Marksizme ne gibi bir katk\u0131da bulunmaya \u00e7al\u0131\u015ft\u0131? Engels, \u201cGeneral\u201d lakab\u0131n\u0131 nas\u0131l ald\u0131? Kapital\u2019in yaz\u0131ld\u0131\u011f\u0131 y\u0131llarda Marx\u2019\u0131n \u201czorlu\u201d kuramsal dilini ve yakla\u015f\u0131m\u0131n\u0131 \u201cbasitle\u015ftirmeye\u201d mi \u00e7al\u0131\u015ft\u0131? Aile \u015firketi ve ge\u00e7im derdi onu nas\u0131l etkiledi? 1844\u2019teki ikinci bulu\u015fmalar\u0131n\u0131n ard\u0131ndan hep uyum i\u00e7inde \u00e7al\u0131\u015fan Engels ile Marx\u2019\u0131n ili\u015fkisi, Mary Burns\u2019\u00fcn \u00f6l\u00fcm\u00fcn\u00fcn ard\u0131ndan neden bozuldu, sonra nas\u0131l toparland\u0131? Terrell Carver\u2019\u0131n geni\u015f bir kaynak taramas\u0131na dayanarak ula\u015ft\u0131\u011f\u0131 yan\u0131tlar Engels\u2019i daha yak\u0131ndan tan\u0131mam\u0131za yard\u0131mc\u0131 oluyor. Engels\u2019in Marx\u2019a 1845 tarihli bir mektubundan: \u201cYa\u015fayan ger\u00e7ek halk\u0131n do\u011frudan do\u011fruya kar\u015f\u0131s\u0131na ge\u00e7mek ve b\u00f6ylece, seni g\u00f6ru\u0308p duymalar\u0131n\u0131 sa\u011flamak, \u2018akl\u0131n g\u00f6zu\u0308\u2019yle g\u00f6rdu\u0308\u011fu\u0308n soyut okurlara \u015feytanca kalem oynatmaktan \u00e7ok farkl\u0131d\u0131r.\u201d <\/p>\n","protected":false},"excerpt":{"rendered":"<p>Marksizmin kurucular\u0131ndan Friedrich Engels hakk\u0131ndaki bu kapsaml\u0131 ya\u015fam\u00f6yk\u00fcs\u00fcnde, onun yaln\u0131zca siyasal m\u00fccadelesi ve d\u00fc\u015f\u00fcnsel \u00fcretimi de\u011fil, Karl Marx\u2019la ili\u015fkileri, gazetecili\u011fi, i\u015f ya\u015fam\u0131, Burns karde\u015flerle \u201c\u00f6zel ili\u015fkiler\u201di,<span class=\"excerpt-hellip\"> [\u2026]<\/span><\/p>\n","protected":false},"featured_media":0,"template":"","meta":{"_monsterinsights_skip_tracking":false,"_monsterinsights_sitenote_active":false,"_monsterinsights_sitenote_note":"","_monsterinsights_sitenote_category":0},"product_brand":[],"product_cat":[14009,12291],"product_tag":[],"class_list":{"0":"post-722218","1":"product","2":"type-product","3":"status-publish","5":"product_cat-biyografi-otobiyografi-edebiyat","6":"product_cat-edebiyat","7":"pa_cilt-ciltsiz","8":"pa_tur-kitap","9":"pa_yayinevi-yordam-kitap","10":"pa_yazar-terrell-carver","12":"first","13":"instock","14":"sale","15":"shipping-taxable","16":"purchasable","17":"product-type-simple"},"_links":{"self":[{"href":"https:\/\/roveyayinevi.com.tr\/index.php\/wp-json\/wp\/v2\/product\/722218","targetHints":{"allow":["GET"]}}],"collection":[{"href":"https:\/\/roveyayinevi.com.tr\/index.php\/wp-json\/wp\/v2\/product"}],"about":[{"href":"https:\/\/roveyayinevi.com.tr\/index.php\/wp-json\/wp\/v2\/types\/product"}],"wp:attachment":[{"href":"https:\/\/roveyayinevi.com.tr\/index.php\/wp-json\/wp\/v2\/media?parent=722218"}],"wp:term":[{"taxonomy":"product_brand","embeddable":true,"href":"https:\/\/roveyayinevi.com.tr\/index.php\/wp-json\/wp\/v2\/product_brand?post=722218"},{"taxonomy":"product_cat","embeddable":true,"href":"https:\/\/roveyayinevi.com.tr\/index.php\/wp-json\/wp\/v2\/product_cat?post=722218"},{"taxonomy":"product_tag","embeddable":true,"href":"https:\/\/roveyayinevi.com.tr\/index.php\/wp-json\/wp\/v2\/product_tag?post=722218"}],"curies":[{"name":"wp","href":"https:\/\/api.w.org\/{rel}","templated":true}]}}