{"id":722217,"date":"2025-08-27T19:01:21","date_gmt":"2025-08-27T16:01:21","guid":{"rendered":"https:\/\/roveyayinevi.com.tr\/index.php\/urun\/merhaba-minik-kurbaga\/"},"modified":"2026-04-16T02:29:55","modified_gmt":"2026-04-15T23:29:55","slug":"merhaba-minik-kurbaga","status":"publish","type":"product","link":"https:\/\/roveyayinevi.com.tr\/index.php\/urun\/merhaba-minik-kurbaga\/","title":{"rendered":"Merhaba Minik Kurba\u011fa!"},"content":{"rendered":"<p>\u0130ki ya\u015f ve \u00fczeri minikler, hem minik dostlarla tan\u0131\u015facak hem de e\u011flenceli ve basit resimlerle \u00e7ok e\u011flenecekler. K\u00fc\u00e7\u00fck ellerine uygun 50 \u00e7\u0131kartmadan do\u011fru olanlar\u0131n\u0131 bulup yerlerine yap\u0131\u015ft\u0131r\u0131rken g\u00f6zlem ve el becerileri geli\u015fecek. Sevimli boyama sayfalar\u0131yla her t\u00fcrden hayvan\u0131 tan\u0131yacaklar.<\/p>\n","protected":false},"excerpt":{"rendered":"<p>\u0130ki ya\u015f ve \u00fczeri minikler, hem minik dostlarla tan\u0131\u015facak hem de e\u011flenceli ve basit resimlerle \u00e7ok e\u011flenecekler. K\u00fc\u00e7\u00fck ellerine uygun 50 \u00e7\u0131kartmadan do\u011fru olanlar\u0131n\u0131 bulup yerlerine<span class=\"excerpt-hellip\"> [\u2026]<\/span><\/p>\n","protected":false},"featured_media":0,"template":"","meta":{"_monsterinsights_skip_tracking":false,"_monsterinsights_sitenote_active":false,"_monsterinsights_sitenote_note":"","_monsterinsights_sitenote_category":0},"product_brand":[],"product_cat":[12644,12274],"product_tag":[],"class_list":{"0":"post-722217","1":"product","2":"type-product","3":"status-publish","5":"product_cat-boyama-kitaplari","6":"product_cat-cocuk-ve-genclik-kitaplari","7":"pa_cilt-ciltsiz","8":"pa_tur-kitap","9":"pa_yayinevi-dogan-egmont-yayincilik","10":"pa_yazar-kolektif","12":"first","13":"instock","14":"sale","15":"shipping-taxable","16":"purchasable","17":"product-type-simple"},"_links":{"self":[{"href":"https:\/\/roveyayinevi.com.tr\/index.php\/wp-json\/wp\/v2\/product\/722217","targetHints":{"allow":["GET"]}}],"collection":[{"href":"https:\/\/roveyayinevi.com.tr\/index.php\/wp-json\/wp\/v2\/product"}],"about":[{"href":"https:\/\/roveyayinevi.com.tr\/index.php\/wp-json\/wp\/v2\/types\/product"}],"wp:attachment":[{"href":"https:\/\/roveyayinevi.com.tr\/index.php\/wp-json\/wp\/v2\/media?parent=722217"}],"wp:term":[{"taxonomy":"product_brand","embeddable":true,"href":"https:\/\/roveyayinevi.com.tr\/index.php\/wp-json\/wp\/v2\/product_brand?post=722217"},{"taxonomy":"product_cat","embeddable":true,"href":"https:\/\/roveyayinevi.com.tr\/index.php\/wp-json\/wp\/v2\/product_cat?post=722217"},{"taxonomy":"product_tag","embeddable":true,"href":"https:\/\/roveyayinevi.com.tr\/index.php\/wp-json\/wp\/v2\/product_tag?post=722217"}],"curies":[{"name":"wp","href":"https:\/\/api.w.org\/{rel}","templated":true}]}}