{"id":722215,"date":"2025-08-27T19:01:20","date_gmt":"2025-08-27T16:01:20","guid":{"rendered":"https:\/\/roveyayinevi.com.tr\/index.php\/urun\/kendin-olmanin-dayanilmaz-hafifligi\/"},"modified":"2026-04-11T13:48:40","modified_gmt":"2026-04-11T10:48:40","slug":"kendin-olmanin-dayanilmaz-hafifligi","status":"publish","type":"product","link":"https:\/\/roveyayinevi.com.tr\/index.php\/urun\/kendin-olmanin-dayanilmaz-hafifligi\/","title":{"rendered":"Kendin Olman\u0131n Dayan\u0131lmaz Hafifli\u011fi"},"content":{"rendered":"<p>Varolu\u015f\u00e7u psikoterapi ve felsefeyle hayata dair 40 mesele. Bu d\u00fcnyada kendimizden ba\u015fka evimiz yok. Hatta Heidegger\u2019e ve Sartre\u2019a g\u00f6re hi\u00e7 evimiz yok; lakin kendilik dedi\u011fimiz de s\u00fcrekli de\u011fi\u015fen, d\u00f6n\u00fc\u015fen ve \u00e7eli\u015fkili bir olgu olarak pek g\u00fcvenli bir liman de\u011fildir. Ancak bu d\u00fcnyada daha canl\u0131 hissetmek istiyorsak, hayatlar\u0131m\u0131z\u0131 daha dolu dolu, doygun ya\u015famak istiyorsak, elimizden gelen tek bir \u015fey var; kendimizi ve i\u00e7inde ya\u015fad\u0131\u011f\u0131m\u0131z d\u00fcnyay\u0131 yak\u0131ndan tan\u0131mak. Kendimize sorular sorman\u0131n, merakla bakman\u0131n ve haz\u0131r cevaplara yerle\u015fmemenin bize getirece\u011fi en b\u00fcy\u00fck hediye, kendimizi ve i\u00e7inde ya\u015fad\u0131\u011f\u0131m\u0131z d\u00fcnyay\u0131 daha yak\u0131ndan tan\u0131mak olacakt\u0131r. Bunu ba\u015farabildi\u011fimiz \u00f6l\u00e7\u00fcde hayatta ak\u0131\u015f\u0131 yakalamak ve canl\u0131 hissetmek m\u00fcmk\u00fcn olur. Bu konuda Sokrates\u2019\u00e7iyim. Ger\u00e7ekten de incelenmeyen hayat ya\u015famaya de\u011fmez hale gelir.   Bu kitapta size kesin \u00e7\u00f6z\u00fcmler, form\u00fcller veya izlenecek yollar vaat etmiyorum. Hatta herhangi bir \u015fey vaat etmiyorum. Yazd\u0131klar\u0131m\u0131 harfiyen uygularsan\u0131z hayat m\u00fcthi\u015f kolay olacak, her an\u0131n\u0131z mutluluk dolacak demeyi isterdim ama bu sizi kand\u0131rmaktan ba\u015fka bir i\u015fe yaramazd\u0131. Sadece bir \u00f6nerim var, o da daha uyan\u0131k ya\u015fad\u0131\u011f\u0131n\u0131zda ula\u015faca\u011f\u0131n\u0131z \u00e7ok \u00e7ekici, reddetmesi zor, dayan\u0131lmaz bir hafiflik. Kendin olman\u0131n o \u015fahane ve dayan\u0131lmaz hafifli\u011fi. Ama uyarmadan edemeyece\u011fim, bu hafiflik \u00f6zg\u00fcrle\u015ftirdi\u011fi gibi korkutur da. <\/p>\n","protected":false},"excerpt":{"rendered":"<p>Varolu\u015f\u00e7u psikoterapi ve felsefeyle hayata dair 40 mesele. Bu d\u00fcnyada kendimizden ba\u015fka evimiz yok. Hatta Heidegger\u2019e ve Sartre\u2019a g\u00f6re hi\u00e7 evimiz yok; lakin kendilik dedi\u011fimiz de<span class=\"excerpt-hellip\"> [\u2026]<\/span><\/p>\n","protected":false},"featured_media":0,"template":"","meta":{"_monsterinsights_skip_tracking":false,"_monsterinsights_sitenote_active":false,"_monsterinsights_sitenote_note":"","_monsterinsights_sitenote_category":0},"product_brand":[],"product_cat":[12364,12376],"product_tag":[],"class_list":{"0":"post-722215","1":"product","2":"type-product","3":"status-publish","5":"product_cat-genel-konular","6":"product_cat-kisisel-gelisim","7":"pa_cilt-ciltsiz","8":"pa_tur-kitap","9":"pa_yayinevi-dogan-novus","10":"pa_yazar-ferhat-jak-icoz","12":"first","13":"instock","14":"sale","15":"shipping-taxable","16":"purchasable","17":"product-type-simple"},"_links":{"self":[{"href":"https:\/\/roveyayinevi.com.tr\/index.php\/wp-json\/wp\/v2\/product\/722215","targetHints":{"allow":["GET"]}}],"collection":[{"href":"https:\/\/roveyayinevi.com.tr\/index.php\/wp-json\/wp\/v2\/product"}],"about":[{"href":"https:\/\/roveyayinevi.com.tr\/index.php\/wp-json\/wp\/v2\/types\/product"}],"wp:attachment":[{"href":"https:\/\/roveyayinevi.com.tr\/index.php\/wp-json\/wp\/v2\/media?parent=722215"}],"wp:term":[{"taxonomy":"product_brand","embeddable":true,"href":"https:\/\/roveyayinevi.com.tr\/index.php\/wp-json\/wp\/v2\/product_brand?post=722215"},{"taxonomy":"product_cat","embeddable":true,"href":"https:\/\/roveyayinevi.com.tr\/index.php\/wp-json\/wp\/v2\/product_cat?post=722215"},{"taxonomy":"product_tag","embeddable":true,"href":"https:\/\/roveyayinevi.com.tr\/index.php\/wp-json\/wp\/v2\/product_tag?post=722215"}],"curies":[{"name":"wp","href":"https:\/\/api.w.org\/{rel}","templated":true}]}}