{"id":722213,"date":"2025-08-27T19:01:18","date_gmt":"2025-08-27T16:01:18","guid":{"rendered":"https:\/\/roveyayinevi.com.tr\/index.php\/urun\/kehanet-serisi-1-lotusun-izinde-1\/"},"modified":"2026-04-16T02:29:55","modified_gmt":"2026-04-15T23:29:55","slug":"kehanet-serisi-1-lotusun-izinde-1","status":"publish","type":"product","link":"https:\/\/roveyayinevi.com.tr\/index.php\/urun\/kehanet-serisi-1-lotusun-izinde-1\/","title":{"rendered":"Kehanet Serisi 1 &#8211; Lotus&#8217;un \u0130zinde 1"},"content":{"rendered":"<p>Gelecekte ya\u015fanacak t\u00fcm olaylar\u0131n a\u011f\u0131rl\u0131\u011f\u0131 ba\u015fkalar\u0131 taraf\u0131ndan omuzlar\u0131na y\u00fcklenen G\u00fcm\u00fc\u015f Sa\u00e7l\u0131 K\u0131z, bu y\u00fck\u00fc ta\u015f\u0131may\u0131 reddederek kendi umuduna do\u011fru yola koyuldu. Bu yolda hem ezeli d\u00fc\u015fman\u0131n\u0131 hem de ebedi a\u015fk\u0131n\u0131 bulurken, g\u00fcvenebilece\u011fi tek \u015feyin \u201cg\u00fcvensizlik\u201d oldu\u011funu \u00f6\u011frendi. Att\u0131\u011f\u0131 her ad\u0131m bilmedi\u011fi bir diyara do\u011fru g\u00f6t\u00fcr\u00fcyordu onu. T\u00fcm ya\u015fanacaklar ya\u015fan\u0131p bitti\u011fi anda, kanl\u0131 bir sava\u015f\u0131n ve ac\u0131yla kabullenmek zorunda kald\u0131\u011f\u0131 \u00f6l\u00fcmlerin tam ortas\u0131nda can buldu. Kehanet s\u00f6ylenmi\u015fti, kader yaz\u0131lm\u0131\u015ft\u0131\u2026 De\u011fi\u015ftirilemezdi. Peki, ger\u00e7ek bilinenden mi ibaretti, yoksa hi\u00e7 a\u00e7\u0131lmam\u0131\u015f kap\u0131lar\u0131n ard\u0131nda m\u0131 gizliydi?<\/p>\n","protected":false},"excerpt":{"rendered":"<p>Gelecekte ya\u015fanacak t\u00fcm olaylar\u0131n a\u011f\u0131rl\u0131\u011f\u0131 ba\u015fkalar\u0131 taraf\u0131ndan omuzlar\u0131na y\u00fcklenen G\u00fcm\u00fc\u015f Sa\u00e7l\u0131 K\u0131z, bu y\u00fck\u00fc ta\u015f\u0131may\u0131 reddederek kendi umuduna do\u011fru yola koyuldu. Bu yolda hem ezeli d\u00fc\u015fman\u0131n\u0131<span class=\"excerpt-hellip\"> [\u2026]<\/span><\/p>\n","protected":false},"featured_media":0,"template":"","meta":{"_monsterinsights_skip_tracking":false,"_monsterinsights_sitenote_active":false,"_monsterinsights_sitenote_note":"","_monsterinsights_sitenote_category":0},"product_brand":[],"product_cat":[12291,12711],"product_tag":[],"class_list":{"0":"post-722213","1":"product","2":"type-product","3":"status-publish","5":"product_cat-edebiyat","6":"product_cat-roman-oyku","7":"pa_cilt-ciltsiz","8":"pa_tur-kitap","9":"pa_yayinevi-la-kitap-yayinlari","10":"pa_yazar-pinar-uzun","12":"first","13":"instock","14":"sale","15":"shipping-taxable","16":"purchasable","17":"product-type-simple"},"_links":{"self":[{"href":"https:\/\/roveyayinevi.com.tr\/index.php\/wp-json\/wp\/v2\/product\/722213","targetHints":{"allow":["GET"]}}],"collection":[{"href":"https:\/\/roveyayinevi.com.tr\/index.php\/wp-json\/wp\/v2\/product"}],"about":[{"href":"https:\/\/roveyayinevi.com.tr\/index.php\/wp-json\/wp\/v2\/types\/product"}],"wp:attachment":[{"href":"https:\/\/roveyayinevi.com.tr\/index.php\/wp-json\/wp\/v2\/media?parent=722213"}],"wp:term":[{"taxonomy":"product_brand","embeddable":true,"href":"https:\/\/roveyayinevi.com.tr\/index.php\/wp-json\/wp\/v2\/product_brand?post=722213"},{"taxonomy":"product_cat","embeddable":true,"href":"https:\/\/roveyayinevi.com.tr\/index.php\/wp-json\/wp\/v2\/product_cat?post=722213"},{"taxonomy":"product_tag","embeddable":true,"href":"https:\/\/roveyayinevi.com.tr\/index.php\/wp-json\/wp\/v2\/product_tag?post=722213"}],"curies":[{"name":"wp","href":"https:\/\/api.w.org\/{rel}","templated":true}]}}