{"id":722212,"date":"2025-08-27T19:01:17","date_gmt":"2025-08-27T16:01:17","guid":{"rendered":"https:\/\/roveyayinevi.com.tr\/index.php\/urun\/anadoluda-turk-asiretleri\/"},"modified":"2026-04-16T02:29:55","modified_gmt":"2026-04-15T23:29:55","slug":"anadoluda-turk-asiretleri","status":"publish","type":"product","link":"https:\/\/roveyayinevi.com.tr\/index.php\/urun\/anadoluda-turk-asiretleri\/","title":{"rendered":"Anadolu&#8217;da T\u00fcrk A\u015firetleri"},"content":{"rendered":"<p>Anadolu\u2019da ya\u015fayan T\u00fcrk a\u015firetleri hakk\u0131nda Divan\u0131 H\u00fcmayun m\u00fchimme defterlerinde mukayyet h\u00fck\u00fcmleri havidir. Bu h\u00fck\u00fcmlerde b\u00fct\u00fcn a\u015firetler hakk\u0131nda malumat yoktur; \u00e7\u00fcnk\u00fc her h\u00fck\u00fcm ancak bu a\u015firetler herhangi bir vazifeye me\u2019mur olduklar\u0131 veya a\u015firetler aras\u0131nda yaylak ve k\u0131\u015flak y\u00fcz\u00fcnden bir m\u00fcnazea vukua geldi\u011fi ve her hangi bir a\u015firet di\u011ferinin tecav\u00fcz\u00fcne maruz kald\u0131\u011f\u0131 ve yahut isk\u00e2n olunan a\u015firetler isk\u00e2n mahallerinden ka\u00e7\u0131p Anadolu\u2019nun \u00f6tesinde berisinde \u015fekavetle me\u015fgul olduklar\u0131 zaman bu hallerin \u00f6n\u00fcn\u00fc almak i\u00e7in yaz\u0131lm\u0131\u015ft\u0131r. T\u00fcrk a\u015firetlerinin \u00e7o\u011fu Anadolu\u2019da, bir k\u0131sm\u0131 da Rumeli\u2019ndedir. Has, ziamet ve timarlarda ya\u015fayan b\u00fct\u00fcn reaya hakk\u0131nda oldu\u011fu gibi, bu a\u015firetleri de nizam ve inzibat alt\u0131na almak, imparatorlu\u011fun m\u00fcdafaas\u0131 i\u00e7in onlar\u0131n da kuvvet ve kudretlerinden istifade etmek i\u00e7in kanun ve nizamlar vaz\u2019edilmi\u015ftir. Y\u00f6r\u00fckler konar g\u00f6\u00e7erlikten vaz ge\u00e7erler ve davarlar\u0131n\u0131 da\u011f\u0131darak ziraat ve hirasetle me\u015fgul olurlarsa, art\u0131k y\u00f6r\u00fckl\u00fckten \u00e7\u0131karlar, raiyyet olurlard\u0131. A\u015firetler uzun m\u00fcddet konar g\u00f6\u00e7er bir halde ya\u015fad\u0131lar. Hicri on birinci as\u0131rdan itibaren bunlar\u0131n isk\u00e2n\u0131na ba\u015fland\u0131. \u0130sk\u00e2n mahalli olmak \u00fczere Raka havalisi m\u00fcnasip g\u00f6r\u00fcld\u00fc. Fakat bunlar isk\u00e2n\u0131 bir t\u00fcrl\u00fc kabul etmiyorlard\u0131. Ekserisi m\u00fcsellah kuvvetlerle Raka\u2019ya sevk edilirler, aradan bir m\u00fcddet ge\u00e7er ge\u00e7mez tekrar ka\u00e7arlar, Anadolu i\u00e7lerinde ba\u015fka cemaatlerin i\u00e7lerine s\u0131\u011f\u0131n\u0131rlard\u0131. \u0130\u015fte bu kitap, Rumeli\u2019nde ve Anadolu\u2019da ya\u015fayan Y\u00fcr\u00fcklerle T\u00fcrkmen cemaatleri hakk\u0131nda Divan\u0131 h\u00fcmayun taraf\u0131ndan yaz\u0131lan h\u00fck\u00fcmleri cami\u2019dir.<\/p>\n","protected":false},"excerpt":{"rendered":"<p>Anadolu\u2019da ya\u015fayan T\u00fcrk a\u015firetleri hakk\u0131nda Divan\u0131 H\u00fcmayun m\u00fchimme defterlerinde mukayyet h\u00fck\u00fcmleri havidir. Bu h\u00fck\u00fcmlerde b\u00fct\u00fcn a\u015firetler hakk\u0131nda malumat yoktur; \u00e7\u00fcnk\u00fc her h\u00fck\u00fcm ancak bu a\u015firetler herhangi<span class=\"excerpt-hellip\"> [\u2026]<\/span><\/p>\n","protected":false},"featured_media":0,"template":"","meta":{"_monsterinsights_skip_tracking":false,"_monsterinsights_sitenote_active":false,"_monsterinsights_sitenote_note":"","_monsterinsights_sitenote_category":0},"product_brand":[],"product_cat":[12304,13650],"product_tag":[],"class_list":{"0":"post-722212","1":"product","2":"type-product","3":"status-publish","5":"product_cat-tarih","6":"product_cat-turk-tarihi-arastirmalari","7":"pa_cilt-ciltsiz","8":"pa_tur-kitap","9":"pa_yayinevi-la-kitap-yayinlari","10":"pa_yazar-ahmet-refik","12":"first","13":"instock","14":"sale","15":"shipping-taxable","16":"purchasable","17":"product-type-simple"},"_links":{"self":[{"href":"https:\/\/roveyayinevi.com.tr\/index.php\/wp-json\/wp\/v2\/product\/722212","targetHints":{"allow":["GET"]}}],"collection":[{"href":"https:\/\/roveyayinevi.com.tr\/index.php\/wp-json\/wp\/v2\/product"}],"about":[{"href":"https:\/\/roveyayinevi.com.tr\/index.php\/wp-json\/wp\/v2\/types\/product"}],"wp:attachment":[{"href":"https:\/\/roveyayinevi.com.tr\/index.php\/wp-json\/wp\/v2\/media?parent=722212"}],"wp:term":[{"taxonomy":"product_brand","embeddable":true,"href":"https:\/\/roveyayinevi.com.tr\/index.php\/wp-json\/wp\/v2\/product_brand?post=722212"},{"taxonomy":"product_cat","embeddable":true,"href":"https:\/\/roveyayinevi.com.tr\/index.php\/wp-json\/wp\/v2\/product_cat?post=722212"},{"taxonomy":"product_tag","embeddable":true,"href":"https:\/\/roveyayinevi.com.tr\/index.php\/wp-json\/wp\/v2\/product_tag?post=722212"}],"curies":[{"name":"wp","href":"https:\/\/api.w.org\/{rel}","templated":true}]}}