{"id":722208,"date":"2025-08-27T19:01:14","date_gmt":"2025-08-27T16:01:14","guid":{"rendered":"https:\/\/roveyayinevi.com.tr\/index.php\/urun\/kivilcimlar\/"},"modified":"2026-04-16T02:29:55","modified_gmt":"2026-04-15T23:29:55","slug":"kivilcimlar","status":"publish","type":"product","link":"https:\/\/roveyayinevi.com.tr\/index.php\/urun\/kivilcimlar\/","title":{"rendered":"K\u0131v\u0131lc\u0131mlar"},"content":{"rendered":"<p>Bu kitapta \u201cBizim k\u00f6ydeki k\u0131zlardan ya \u00f6\u011fretmen olmalar\u0131 ya da evlenmeleri beklenirdi\u201d diyen; \u015fimdi biyom\u00fchendislik okuyan, projeleriyle \u00f6d\u00fcller kazanan Zehra\u2019n\u0131n hik\u00e2yesini okuyacaks\u0131n\u0131z&#8230;   Telefonda ne diyece\u011fini bilemedi\u011fi i\u00e7in eve su istemeyi bile beceremedi\u011fini anlatan; K\u0131v\u0131lc\u0131mlarla ge\u00e7irdi\u011fi y\u0131l\u0131n sonunda sahnede, 100 ki\u015finin \u00f6n\u00fcnde, elinde mikrofon konu\u015fan Ece\u2019nin hayret veren geli\u015fimini g\u00f6receksiniz\u2026   70 ki\u015filik k\u00f6y\u00fcnde ke\u00e7ilere \u00e7obanl\u0131k yapan, \u201c\u00dcniversite i\u00e7in \u0130zmir\u2019e gitti\u011fimde otob\u00fcse bile binmeyi bilmiyordum\u201d diyen gen\u00e7 bir hem\u015firenin; ailesinin onu okula g\u00f6ndermesi i\u00e7in daha 6 ya\u015f\u0131ndayken aylar boyunca a\u011flayarak m\u00fccadeleye ba\u015flayan en sonunda \u00fcniversite mezunu olan ba\u015fka bir K\u0131v\u0131lc\u0131m\u2019\u0131n de\u011fi\u015fimine tan\u0131k olacaks\u0131n\u0131z.   DLD\u2019nin K\u0131v\u0131lc\u0131mlar program\u0131ndaki gen\u00e7 kad\u0131nlar\u0131n \u00f6yk\u00fclerini okurken \u201cBen yapamam\u201d ya da \u201cYapmasam da olur\u201d diyen gen\u00e7 kad\u0131nlar\u0131n program sonras\u0131 nas\u0131l \u201cBen de yapabilirim\u201d, \u201cDaha yapacak \u00e7ok \u015fey var\u201d dediklerini g\u00f6r\u00fcp \u201cHepimiz yapabiliriz\u201d diyece\u011fiz.<\/p>\n","protected":false},"excerpt":{"rendered":"<p>Bu kitapta \u201cBizim k\u00f6ydeki k\u0131zlardan ya \u00f6\u011fretmen olmalar\u0131 ya da evlenmeleri beklenirdi\u201d diyen; \u015fimdi biyom\u00fchendislik okuyan, projeleriyle \u00f6d\u00fcller kazanan Zehra\u2019n\u0131n hik\u00e2yesini okuyacaks\u0131n\u0131z&#8230; Telefonda ne diyece\u011fini bilemedi\u011fi<span class=\"excerpt-hellip\"> [\u2026]<\/span><\/p>\n","protected":false},"featured_media":0,"template":"","meta":{"_monsterinsights_skip_tracking":false,"_monsterinsights_sitenote_active":false,"_monsterinsights_sitenote_note":"","_monsterinsights_sitenote_category":0},"product_brand":[],"product_cat":[12291,30969],"product_tag":[],"class_list":{"0":"post-722208","1":"product","2":"type-product","3":"status-publish","5":"product_cat-edebiyat","6":"product_cat-soylesi-edebiyat","7":"pa_cilt-ciltsiz","8":"pa_tur-kitap","9":"pa_yayinevi-dogan-kitap","10":"pa_yazar-sema-basol-asli-cakir","12":"first","13":"instock","14":"sale","15":"shipping-taxable","16":"purchasable","17":"product-type-simple"},"_links":{"self":[{"href":"https:\/\/roveyayinevi.com.tr\/index.php\/wp-json\/wp\/v2\/product\/722208","targetHints":{"allow":["GET"]}}],"collection":[{"href":"https:\/\/roveyayinevi.com.tr\/index.php\/wp-json\/wp\/v2\/product"}],"about":[{"href":"https:\/\/roveyayinevi.com.tr\/index.php\/wp-json\/wp\/v2\/types\/product"}],"wp:attachment":[{"href":"https:\/\/roveyayinevi.com.tr\/index.php\/wp-json\/wp\/v2\/media?parent=722208"}],"wp:term":[{"taxonomy":"product_brand","embeddable":true,"href":"https:\/\/roveyayinevi.com.tr\/index.php\/wp-json\/wp\/v2\/product_brand?post=722208"},{"taxonomy":"product_cat","embeddable":true,"href":"https:\/\/roveyayinevi.com.tr\/index.php\/wp-json\/wp\/v2\/product_cat?post=722208"},{"taxonomy":"product_tag","embeddable":true,"href":"https:\/\/roveyayinevi.com.tr\/index.php\/wp-json\/wp\/v2\/product_tag?post=722208"}],"curies":[{"name":"wp","href":"https:\/\/api.w.org\/{rel}","templated":true}]}}