{"id":722207,"date":"2025-08-27T19:01:13","date_gmt":"2025-08-27T16:01:13","guid":{"rendered":"https:\/\/roveyayinevi.com.tr\/index.php\/urun\/ya-hic-karsilasmasaydik\/"},"modified":"2026-03-16T12:15:50","modified_gmt":"2026-03-16T09:15:50","slug":"ya-hic-karsilasmasaydik","status":"publish","type":"product","link":"https:\/\/roveyayinevi.com.tr\/index.php\/urun\/ya-hic-karsilasmasaydik\/","title":{"rendered":"Ya Hi\u00e7 Kar\u015f\u0131la\u015fmasayd\u0131k"},"content":{"rendered":"<p>Kendimizle ve \u00f6tekiyle kar\u015f\u0131la\u015fmalar. Kar\u015f\u0131la\u015fmalar hep s\u00fcrer. Bir \u015feyle kar\u015f\u0131la\u015fmam\u0131z\u0131n bitti\u011fini sand\u0131\u011f\u0131m\u0131zda bile art\u0131k o \u015feyin yoklu\u011fuyla kar\u015f\u0131la\u015f\u0131r\u0131z. Hem i\u00e7 hem de d\u0131\u015f d\u00fcnyam\u0131zda&#8230; Bu kar\u015f\u0131la\u015fmalarla d\u00f6n\u00fc\u015f\u00fcr, birle\u015fir, ayr\u0131l\u0131r; hayat\u0131m\u0131z\u0131 bu kar\u015f\u0131la\u015fmalardan in\u015fa ederiz. Kar\u015f\u0131la\u015fma dedi\u011fimiz, \u00f6tekiyle bir araya gelmeyi, y\u00fczle\u015fmeyi, kendini a\u00e7may\u0131 ve kar\u015f\u0131 taraf\u0131n a\u00e7\u0131lmas\u0131n\u0131 i\u00e7eriyor. Kar\u015f\u0131la\u015fmalar ili\u015fkileri do\u011furuyor, birlikteli\u011fi sa\u011fl\u0131yor. Kar\u015f\u0131la\u015fmalarla beraber de\u011fi\u015fiyoruz, ili\u015fkilerin d\u00f6n\u00fc\u015ft\u00fcr\u00fcc\u00fc i\u015flevi sayesinde ba\u015fka bi\u00e7imler al\u0131yoruz.   Psikoterapist Tu\u011f\u00e7e Is\u0131yel, kendimiz ve \u00f6tekiyle kurdu\u011fumuz ili\u015fkilere, ya\u015famdaki t\u00fcrl\u00fc kar\u015f\u0131la\u015fmalara dair yazd\u0131\u011f\u0131 denemeleri okurlarla bulu\u015fturuyor.   Psikoterapi odas\u0131nda, sokakta, evde g\u00f6zlemlenen insan hallerinin edebiyattan psikanalize, sinemadan mimariye uzanan bi\u00e7imlerini ele al\u0131yor. \u0130nsan\u0131n ve ili\u015fkilerinin karanl\u0131kla ayd\u0131nl\u0131k taraflar\u0131na, var olu\u015fun s\u00fcreklili\u011fi ve de\u011fi\u015fkenli\u011fine incelikle g\u00f6z at\u0131p bilin\u00e7d\u0131\u015f\u0131n\u0131n izini s\u00fcrme konusunda cesaretlendiriyor. \u0130\u00e7imizdeki bize, ona ve ba\u015fkalar\u0131na yeni bir pencereden bakma f\u0131rsat\u0131 veriyor\u2026 <\/p>\n","protected":false},"excerpt":{"rendered":"<p>Kendimizle ve \u00f6tekiyle kar\u015f\u0131la\u015fmalar. Kar\u015f\u0131la\u015fmalar hep s\u00fcrer. Bir \u015feyle kar\u015f\u0131la\u015fmam\u0131z\u0131n bitti\u011fini sand\u0131\u011f\u0131m\u0131zda bile art\u0131k o \u015feyin yoklu\u011fuyla kar\u015f\u0131la\u015f\u0131r\u0131z. Hem i\u00e7 hem de d\u0131\u015f d\u00fcnyam\u0131zda&#8230; Bu kar\u015f\u0131la\u015fmalarla<span class=\"excerpt-hellip\"> [\u2026]<\/span><\/p>\n","protected":false},"featured_media":0,"template":"","meta":{"_monsterinsights_skip_tracking":false,"_monsterinsights_sitenote_active":false,"_monsterinsights_sitenote_note":"","_monsterinsights_sitenote_category":0},"product_brand":[],"product_cat":[12364,12376],"product_tag":[],"class_list":{"0":"post-722207","1":"product","2":"type-product","3":"status-publish","5":"product_cat-genel-konular","6":"product_cat-kisisel-gelisim","7":"pa_cilt-ciltsiz","8":"pa_tur-kitap","9":"pa_yayinevi-dogan-kitap","10":"pa_yazar-tugce-isiyel","12":"first","13":"instock","14":"sale","15":"shipping-taxable","16":"purchasable","17":"product-type-simple"},"_links":{"self":[{"href":"https:\/\/roveyayinevi.com.tr\/index.php\/wp-json\/wp\/v2\/product\/722207","targetHints":{"allow":["GET"]}}],"collection":[{"href":"https:\/\/roveyayinevi.com.tr\/index.php\/wp-json\/wp\/v2\/product"}],"about":[{"href":"https:\/\/roveyayinevi.com.tr\/index.php\/wp-json\/wp\/v2\/types\/product"}],"wp:attachment":[{"href":"https:\/\/roveyayinevi.com.tr\/index.php\/wp-json\/wp\/v2\/media?parent=722207"}],"wp:term":[{"taxonomy":"product_brand","embeddable":true,"href":"https:\/\/roveyayinevi.com.tr\/index.php\/wp-json\/wp\/v2\/product_brand?post=722207"},{"taxonomy":"product_cat","embeddable":true,"href":"https:\/\/roveyayinevi.com.tr\/index.php\/wp-json\/wp\/v2\/product_cat?post=722207"},{"taxonomy":"product_tag","embeddable":true,"href":"https:\/\/roveyayinevi.com.tr\/index.php\/wp-json\/wp\/v2\/product_tag?post=722207"}],"curies":[{"name":"wp","href":"https:\/\/api.w.org\/{rel}","templated":true}]}}