{"id":722206,"date":"2025-08-27T19:01:12","date_gmt":"2025-08-27T16:01:12","guid":{"rendered":"https:\/\/roveyayinevi.com.tr\/index.php\/urun\/dar-koridor\/"},"modified":"2026-04-16T02:29:55","modified_gmt":"2026-04-15T23:29:55","slug":"dar-koridor","status":"publish","type":"product","link":"https:\/\/roveyayinevi.com.tr\/index.php\/urun\/dar-koridor\/","title":{"rendered":"Dar Koridor"},"content":{"rendered":"<p>Baz\u0131 toplumlar \u00f6zg\u00fcrken, di\u011ferleri neden otoriter y\u00f6netimler alt\u0131nda veya anar\u015fi i\u00e7inde ya\u015fad\u0131lar ve ya\u015f\u0131yorlar?   \u00d6zg\u00fcrl\u00fck Bat\u0131\u2019ya \u00f6zg\u00fc bir durum mu?   \u00d6zg\u00fcrl\u00fc\u011f\u00fcn ve demokrasinin ak\u0131beti ne olacak?   Daron Acemo\u011flu ve James A. Robinson\u2019a g\u00f6re \u00f6zg\u00fcrl\u00fck \u201cdo\u011fal\u201d bir durum de\u011fil\u2026 G\u00fc\u00e7l\u00fc bir sivil toplum ile g\u00fc\u00e7l\u00fc ama prangalanm\u0131\u015f bir devletin birbirlerini dengelemesiyle, s\u00fcre\u00e7 i\u00e7inde elde edilen bir kazan\u0131m. Bu zor \u015fartlar sa\u011fland\u0131\u011f\u0131nda girilen \u201cdar koridor\u201dda kalmak ise s\u00fcrekli bir \u00e7aba gerektiriyor\u2026 Dar Koridor okuru tarihte uzun bir yolculu\u011fa \u00e7\u0131kar\u0131p \u00f6zg\u00fcrl\u00fc\u011f\u00fcn do\u011fu\u015fu, s\u00fcrd\u00fcr\u00fclebilirli\u011fi ve ak\u0131beti hakk\u0131nda \u00e7arp\u0131c\u0131 sonu\u00e7lara ula\u015ft\u0131r\u0131yor\u2026 <\/p>\n","protected":false},"excerpt":{"rendered":"<p>Baz\u0131 toplumlar \u00f6zg\u00fcrken, di\u011ferleri neden otoriter y\u00f6netimler alt\u0131nda veya anar\u015fi i\u00e7inde ya\u015fad\u0131lar ve ya\u015f\u0131yorlar? \u00d6zg\u00fcrl\u00fck Bat\u0131\u2019ya \u00f6zg\u00fc bir durum mu? \u00d6zg\u00fcrl\u00fc\u011f\u00fcn ve demokrasinin ak\u0131beti ne olacak?<span class=\"excerpt-hellip\"> [\u2026]<\/span><\/p>\n","protected":false},"featured_media":0,"template":"","meta":{"_monsterinsights_skip_tracking":false,"_monsterinsights_sitenote_active":false,"_monsterinsights_sitenote_note":"","_monsterinsights_sitenote_category":0},"product_brand":[],"product_cat":[12370,12304],"product_tag":[],"class_list":{"0":"post-722206","1":"product","2":"type-product","3":"status-publish","5":"product_cat-arastirma-inceleme","6":"product_cat-tarih","7":"pa_cilt-ciltsiz","8":"pa_tur-kitap","9":"pa_yayinevi-dogan-kitap","10":"pa_yazar-daron-acemoglu-james-a-robinson","12":"first","13":"instock","14":"sale","15":"shipping-taxable","16":"purchasable","17":"product-type-simple"},"_links":{"self":[{"href":"https:\/\/roveyayinevi.com.tr\/index.php\/wp-json\/wp\/v2\/product\/722206","targetHints":{"allow":["GET"]}}],"collection":[{"href":"https:\/\/roveyayinevi.com.tr\/index.php\/wp-json\/wp\/v2\/product"}],"about":[{"href":"https:\/\/roveyayinevi.com.tr\/index.php\/wp-json\/wp\/v2\/types\/product"}],"wp:attachment":[{"href":"https:\/\/roveyayinevi.com.tr\/index.php\/wp-json\/wp\/v2\/media?parent=722206"}],"wp:term":[{"taxonomy":"product_brand","embeddable":true,"href":"https:\/\/roveyayinevi.com.tr\/index.php\/wp-json\/wp\/v2\/product_brand?post=722206"},{"taxonomy":"product_cat","embeddable":true,"href":"https:\/\/roveyayinevi.com.tr\/index.php\/wp-json\/wp\/v2\/product_cat?post=722206"},{"taxonomy":"product_tag","embeddable":true,"href":"https:\/\/roveyayinevi.com.tr\/index.php\/wp-json\/wp\/v2\/product_tag?post=722206"}],"curies":[{"name":"wp","href":"https:\/\/api.w.org\/{rel}","templated":true}]}}