{"id":722205,"date":"2025-08-27T19:01:11","date_gmt":"2025-08-27T16:01:11","guid":{"rendered":"https:\/\/roveyayinevi.com.tr\/index.php\/urun\/medeniyet-dili-olarak-turkce\/"},"modified":"2026-04-16T02:29:55","modified_gmt":"2026-04-15T23:29:55","slug":"medeniyet-dili-olarak-turkce","status":"publish","type":"product","link":"https:\/\/roveyayinevi.com.tr\/index.php\/urun\/medeniyet-dili-olarak-turkce\/","title":{"rendered":"Medeniyet Dili Olarak T\u00fcrk\u00e7e"},"content":{"rendered":"<p>Elinizdeki \u00e7al\u0131\u015fma T\u00fcrk\u2019\u00fcn anlam d\u00fcnyas\u0131n\u0131n in\u015fas\u0131n\u0131 anlama \u00e7abas\u0131nda T\u00fcrk dilinin \u00f6nemine vurgu yapan bir \u00e7al\u0131\u015fmad\u0131r. Mazisindeki g\u00f6\u00e7ebeli\u011fe at\u0131fta bulunarak, sembollerinin bir medeniyet yaratamayaca\u011f\u0131na, sistematik bir d\u00fc\u015f\u00fcn d\u00fcnyas\u0131 in\u015fa edemeyece\u011fine dair yakla\u015f\u0131mlara kar\u015f\u0131l\u0131k, T\u00fcrk\u00e7eyi ortaya \u00e7\u0131karan ko\u015fullar\u0131n geni\u015fli\u011finden ve \u00e7e\u015fitlili\u011finden yola \u00e7\u0131karak, en az\u0131ndan yeniden ve tekrar incelenerek yeni yakla\u015f\u0131m Medeniyet Dili Olarak T\u00fcrk\u00e7e-1 11 denemelerini hak etti\u011fine i\u015faret etmektedir. Bu i\u015faret, dil \u00e7al\u0131\u015fmalar\u0131 \u00fczerinden, dil \u00e7al\u0131\u015fmalar\u0131ndaki yeni aray\u0131\u015flar\u0131n, T\u00fcrk d\u00fc\u015f\u00fcncesinin ve k\u00fclt\u00fcr tarihinin her alan\u0131nda yeni \u00e7al\u0131\u015fmalar\u0131 da beraberinde getirece\u011fi iddias\u0131n\u0131 da i\u00e7ermektedir. <\/p>\n","protected":false},"excerpt":{"rendered":"<p>Elinizdeki \u00e7al\u0131\u015fma T\u00fcrk\u2019\u00fcn anlam d\u00fcnyas\u0131n\u0131n in\u015fas\u0131n\u0131 anlama \u00e7abas\u0131nda T\u00fcrk dilinin \u00f6nemine vurgu yapan bir \u00e7al\u0131\u015fmad\u0131r. Mazisindeki g\u00f6\u00e7ebeli\u011fe at\u0131fta bulunarak, sembollerinin bir medeniyet yaratamayaca\u011f\u0131na, sistematik bir d\u00fc\u015f\u00fcn<span class=\"excerpt-hellip\"> [\u2026]<\/span><\/p>\n","protected":false},"featured_media":0,"template":"","meta":{"_monsterinsights_skip_tracking":false,"_monsterinsights_sitenote_active":false,"_monsterinsights_sitenote_note":"","_monsterinsights_sitenote_category":0},"product_brand":[],"product_cat":[20225,12291],"product_tag":[],"class_list":{"0":"post-722205","1":"product","2":"type-product","3":"status-publish","5":"product_cat-dil-bilim","6":"product_cat-edebiyat","7":"pa_cilt-ciltsiz","8":"pa_tur-kitap","9":"pa_yayinevi-altinordu-yayinlari","10":"pa_yazar-mehmet-fatih-dogrucan","12":"first","13":"instock","14":"sale","15":"shipping-taxable","16":"purchasable","17":"product-type-simple"},"_links":{"self":[{"href":"https:\/\/roveyayinevi.com.tr\/index.php\/wp-json\/wp\/v2\/product\/722205","targetHints":{"allow":["GET"]}}],"collection":[{"href":"https:\/\/roveyayinevi.com.tr\/index.php\/wp-json\/wp\/v2\/product"}],"about":[{"href":"https:\/\/roveyayinevi.com.tr\/index.php\/wp-json\/wp\/v2\/types\/product"}],"wp:attachment":[{"href":"https:\/\/roveyayinevi.com.tr\/index.php\/wp-json\/wp\/v2\/media?parent=722205"}],"wp:term":[{"taxonomy":"product_brand","embeddable":true,"href":"https:\/\/roveyayinevi.com.tr\/index.php\/wp-json\/wp\/v2\/product_brand?post=722205"},{"taxonomy":"product_cat","embeddable":true,"href":"https:\/\/roveyayinevi.com.tr\/index.php\/wp-json\/wp\/v2\/product_cat?post=722205"},{"taxonomy":"product_tag","embeddable":true,"href":"https:\/\/roveyayinevi.com.tr\/index.php\/wp-json\/wp\/v2\/product_tag?post=722205"}],"curies":[{"name":"wp","href":"https:\/\/api.w.org\/{rel}","templated":true}]}}