{"id":722203,"date":"2025-08-27T19:01:09","date_gmt":"2025-08-27T16:01:09","guid":{"rendered":"https:\/\/roveyayinevi.com.tr\/index.php\/urun\/adali-ciltli\/"},"modified":"2026-04-16T02:29:55","modified_gmt":"2026-04-15T23:29:55","slug":"adali-ciltli","status":"publish","type":"product","link":"https:\/\/roveyayinevi.com.tr\/index.php\/urun\/adali-ciltli\/","title":{"rendered":"Adal\u0131 (Ciltli)"},"content":{"rendered":"<p>Lola&#8217;n\u0131n okulundaki her \u00e7ocuk ba\u015fka \u00fclkelerden gelmi\u015fti. \u00d6\u011fretmenleri Bayan Obi bir g\u00fcn &#8220;Geldi\u011finiz \u00fclkenin bir resmini yap\u0131p yar\u0131n getirin&#8221; dedi. Ama Lola bir adadan gelmi\u015fti ve \u00e7ok k\u00fc\u00e7\u00fck ya\u015fta ayr\u0131ld\u0131\u011f\u0131 i\u00e7in oray\u0131 hi\u00e7 hat\u0131rlam\u0131yordu. Sonunda \u00e7areyi adadan gelen tan\u0131d\u0131klar\u0131na sormakta buluyor, herkes adayla ilgili neyi hat\u0131rl\u0131yorsa onu anlat\u0131yor ve ortaya de\u011fi\u015fik hik\u00e2yelerle dolu reng\u00e2renk bir ada resmi \u00e7\u0131k\u0131yor. Lola&#8217;yla renkli bir ada yolculu\u011funa ne dersiniz? <\/p>\n","protected":false},"excerpt":{"rendered":"<p>Lola&#8217;n\u0131n okulundaki her \u00e7ocuk ba\u015fka \u00fclkelerden gelmi\u015fti. \u00d6\u011fretmenleri Bayan Obi bir g\u00fcn &#8220;Geldi\u011finiz \u00fclkenin bir resmini yap\u0131p yar\u0131n getirin&#8221; dedi. Ama Lola bir adadan gelmi\u015fti ve<span class=\"excerpt-hellip\"> [\u2026]<\/span><\/p>\n","protected":false},"featured_media":0,"template":"","meta":{"_monsterinsights_skip_tracking":false,"_monsterinsights_sitenote_active":false,"_monsterinsights_sitenote_note":"","_monsterinsights_sitenote_category":0},"product_brand":[],"product_cat":[12274,12284],"product_tag":[],"class_list":{"0":"post-722203","1":"product","2":"type-product","3":"status-publish","5":"product_cat-cocuk-ve-genclik-kitaplari","6":"product_cat-hikayeler","7":"pa_cilt-ciltli","8":"pa_tur-kitap","9":"pa_yayinevi-bilgi-yayinevi-cocuk","10":"pa_yazar-junot-diaz","12":"first","13":"instock","14":"sale","15":"shipping-taxable","16":"purchasable","17":"product-type-simple"},"_links":{"self":[{"href":"https:\/\/roveyayinevi.com.tr\/index.php\/wp-json\/wp\/v2\/product\/722203","targetHints":{"allow":["GET"]}}],"collection":[{"href":"https:\/\/roveyayinevi.com.tr\/index.php\/wp-json\/wp\/v2\/product"}],"about":[{"href":"https:\/\/roveyayinevi.com.tr\/index.php\/wp-json\/wp\/v2\/types\/product"}],"wp:attachment":[{"href":"https:\/\/roveyayinevi.com.tr\/index.php\/wp-json\/wp\/v2\/media?parent=722203"}],"wp:term":[{"taxonomy":"product_brand","embeddable":true,"href":"https:\/\/roveyayinevi.com.tr\/index.php\/wp-json\/wp\/v2\/product_brand?post=722203"},{"taxonomy":"product_cat","embeddable":true,"href":"https:\/\/roveyayinevi.com.tr\/index.php\/wp-json\/wp\/v2\/product_cat?post=722203"},{"taxonomy":"product_tag","embeddable":true,"href":"https:\/\/roveyayinevi.com.tr\/index.php\/wp-json\/wp\/v2\/product_tag?post=722203"}],"curies":[{"name":"wp","href":"https:\/\/api.w.org\/{rel}","templated":true}]}}