{"id":722202,"date":"2025-08-27T19:01:09","date_gmt":"2025-08-27T16:01:09","guid":{"rendered":"https:\/\/roveyayinevi.com.tr\/index.php\/urun\/iki-sporcu-bir-anne\/"},"modified":"2026-04-16T02:29:55","modified_gmt":"2026-04-15T23:29:55","slug":"iki-sporcu-bir-anne","status":"publish","type":"product","link":"https:\/\/roveyayinevi.com.tr\/index.php\/urun\/iki-sporcu-bir-anne\/","title":{"rendered":"\u0130ki Sporcu Bir Anne"},"content":{"rendered":"<p>Bu kitapta y\u00fczme ve pentatlon alanlar\u0131nda iki Milli sporcu yeti\u015ftiren bir annenin tecr\u00fcbeleri yer almaktad\u0131r.Yazar\u0131n spora y\u00f6nelik fark\u0131ndal\u0131k yaratmay\u0131 ama\u00e7lad\u0131\u011f\u0131 bu kitap, ba\u015fka ailelere \u00f6rnek olacak bir hik\u00e2yeyi i\u00e7ermektedir. Kitap, sporcular\u0131n e\u011fitim hayatlar\u0131nda ba\u015far\u0131s\u0131z olaca\u011f\u0131 kli\u015fesinin kar\u015f\u0131s\u0131nda durmaktad\u0131r ve sporcular\u0131n akademik hayatlar\u0131nda spordan edindikleri nitelikler sayesinde gerekli ba\u015far\u0131lara eri\u015fece\u011fini g\u00f6stermektedir. Gerek sporcular\u0131n gerekse ailelerin bulunduklar\u0131 fedak\u00e2rl\u0131klar\u0131, ya\u015fan\u0131lan zorluklar\u0131, manip\u00fclasyonlar\u0131, sevin\u00e7leri, mutlulu\u011fu, gururu bu kitapta bulacak; iki sporcunun ilgi alanlar\u0131n\u0131 belirlemesinden olimpiyatlara uzanan bu ser\u00fcveni bir solukta okuyacaks\u0131n\u0131z.<\/p>\n","protected":false},"excerpt":{"rendered":"<p>Bu kitapta y\u00fczme ve pentatlon alanlar\u0131nda iki Milli sporcu yeti\u015ftiren bir annenin tecr\u00fcbeleri yer almaktad\u0131r.Yazar\u0131n spora y\u00f6nelik fark\u0131ndal\u0131k yaratmay\u0131 ama\u00e7lad\u0131\u011f\u0131 bu kitap, ba\u015fka ailelere \u00f6rnek olacak<span class=\"excerpt-hellip\"> [\u2026]<\/span><\/p>\n","protected":false},"featured_media":0,"template":"","meta":{"_monsterinsights_skip_tracking":false,"_monsterinsights_sitenote_active":false,"_monsterinsights_sitenote_note":"","_monsterinsights_sitenote_category":0},"product_brand":[],"product_cat":[15563,15564],"product_tag":[],"class_list":{"0":"post-722202","1":"product","2":"type-product","3":"status-publish","5":"product_cat-hobi","6":"product_cat-spor","7":"pa_cilt-ciltsiz","8":"pa_tur-kitap","9":"pa_yayinevi-efil-yayinevi","10":"pa_yazar-nilufer-erduran-nusretoglu","12":"first","13":"instock","14":"sale","15":"shipping-taxable","16":"purchasable","17":"product-type-simple"},"_links":{"self":[{"href":"https:\/\/roveyayinevi.com.tr\/index.php\/wp-json\/wp\/v2\/product\/722202","targetHints":{"allow":["GET"]}}],"collection":[{"href":"https:\/\/roveyayinevi.com.tr\/index.php\/wp-json\/wp\/v2\/product"}],"about":[{"href":"https:\/\/roveyayinevi.com.tr\/index.php\/wp-json\/wp\/v2\/types\/product"}],"wp:attachment":[{"href":"https:\/\/roveyayinevi.com.tr\/index.php\/wp-json\/wp\/v2\/media?parent=722202"}],"wp:term":[{"taxonomy":"product_brand","embeddable":true,"href":"https:\/\/roveyayinevi.com.tr\/index.php\/wp-json\/wp\/v2\/product_brand?post=722202"},{"taxonomy":"product_cat","embeddable":true,"href":"https:\/\/roveyayinevi.com.tr\/index.php\/wp-json\/wp\/v2\/product_cat?post=722202"},{"taxonomy":"product_tag","embeddable":true,"href":"https:\/\/roveyayinevi.com.tr\/index.php\/wp-json\/wp\/v2\/product_tag?post=722202"}],"curies":[{"name":"wp","href":"https:\/\/api.w.org\/{rel}","templated":true}]}}