{"id":722200,"date":"2025-08-27T19:01:07","date_gmt":"2025-08-27T16:01:07","guid":{"rendered":"https:\/\/roveyayinevi.com.tr\/index.php\/urun\/bir-girisimcilik-hikayesi-umut-oran-ve-dominonun-ilk-25-yili\/"},"modified":"2026-04-16T02:29:55","modified_gmt":"2026-04-15T23:29:55","slug":"bir-girisimcilik-hikayesi-umut-oran-ve-dominonun-ilk-25-yili","status":"publish","type":"product","link":"https:\/\/roveyayinevi.com.tr\/index.php\/urun\/bir-girisimcilik-hikayesi-umut-oran-ve-dominonun-ilk-25-yili\/","title":{"rendered":"Bir Giri\u015fimcilik Hikayesi: Umut Oran ve Domino\u2019nun \u0130lk 25 Y\u0131l\u0131"},"content":{"rendered":"<p>Futbola tutkun bir gencin zorluklarla m\u00fccadele ederek kurdu\u011fu, 25 y\u0131l\u0131 geride b\u0131rakan bir \u015firketin hik\u00e2yesi&#8230;Futbola olan ilgisinden de anla\u015f\u0131labilece\u011fi gibi Umut Oran, bir tak\u0131m \u00fcyesi olman\u0131n sorumluluklar\u0131n\u0131 ba\u015far\u0131yla yerine getiren bir giri\u015fimci. Birli\u011fin ve beraberli\u011fin \u00f6nemini vurgulayan ve elde etti\u011fi ba\u015far\u0131lar\u0131 bu kavramlara dayand\u0131ran Umut Oran, \u00f6nce kurdu\u011fu \u015firketi, ard\u0131ndan sosyal ve siyasal hayat\u0131n\u0131 t\u0131pk\u0131 bir teknik direkt\u00f6r gibi y\u00f6nlendirmi\u015ftir.Aktif olarak STK\u2019larda, kurum ve kurulu\u015flarda g\u00f6rev almaktan ka\u00e7\u0131nmam\u0131\u015f; T\u00fcrkiye\u2019deki gelir adaletsizli\u011fi, i\u015fsizlik gibi sorunlarla da m\u00fccadele etmi\u015ftir. En iyi dostu olan k\u00f6pe\u011fi Oscar\u2019a olan ba\u011fl\u0131l\u0131\u011f\u0131yla Umut Oran, \u00c7evre ve Sokak Hayvanlar\u0131 Derne\u011fi\u2019nden \u00f6d\u00fcl alm\u0131\u015f ve \u00e7evreye y\u00f6nelik duyarl\u0131l\u0131\u011f\u0131yla Domino\u2019nun Asya ve Avrupa\u2019n\u0131n ye\u015fil fabrikas\u0131 unvan\u0131na sahip olmas\u0131n\u0131 sa\u011flam\u0131\u015ft\u0131r. Domino Tekstil Umut Oran\u2019\u0131n ba\u015far\u0131lar\u0131n\u0131n yans\u0131mas\u0131 olarak tam 25 y\u0131ld\u0131r varl\u0131\u011f\u0131n\u0131 s\u00fcrd\u00fcrmektedir. Bu ba\u015far\u0131n\u0131n arkas\u0131nda ise tam bir tak\u0131m \u00e7al\u0131\u015fmas\u0131n\u0131n mevcut oldu\u011funu s\u00f6ylemek do\u011fru olur.Domino ve Umut Oran\u2019\u0131n hik\u00e2yesini ele alan bu kitap,gen\u00e7 giri\u015fimcilere rehber olacak&#8230;<\/p>\n","protected":false},"excerpt":{"rendered":"<p>Futbola tutkun bir gencin zorluklarla m\u00fccadele ederek kurdu\u011fu, 25 y\u0131l\u0131 geride b\u0131rakan bir \u015firketin hik\u00e2yesi&#8230;Futbola olan ilgisinden de anla\u015f\u0131labilece\u011fi gibi Umut Oran, bir tak\u0131m \u00fcyesi olman\u0131n<span class=\"excerpt-hellip\"> [\u2026]<\/span><\/p>\n","protected":false},"featured_media":0,"template":"","meta":{"_monsterinsights_skip_tracking":false,"_monsterinsights_sitenote_active":false,"_monsterinsights_sitenote_note":"","_monsterinsights_sitenote_category":0},"product_brand":[],"product_cat":[13043,37200],"product_tag":[],"class_list":{"0":"post-722200","1":"product","2":"type-product","3":"status-publish","5":"product_cat-ekonomi","6":"product_cat-referans-kitaplar-ekonomi","7":"pa_cilt-ciltsiz","8":"pa_tur-kitap","9":"pa_yayinevi-efil-yayinevi","10":"pa_yazar-murat-koralturk","12":"first","13":"instock","14":"sale","15":"shipping-taxable","16":"purchasable","17":"product-type-simple"},"_links":{"self":[{"href":"https:\/\/roveyayinevi.com.tr\/index.php\/wp-json\/wp\/v2\/product\/722200","targetHints":{"allow":["GET"]}}],"collection":[{"href":"https:\/\/roveyayinevi.com.tr\/index.php\/wp-json\/wp\/v2\/product"}],"about":[{"href":"https:\/\/roveyayinevi.com.tr\/index.php\/wp-json\/wp\/v2\/types\/product"}],"wp:attachment":[{"href":"https:\/\/roveyayinevi.com.tr\/index.php\/wp-json\/wp\/v2\/media?parent=722200"}],"wp:term":[{"taxonomy":"product_brand","embeddable":true,"href":"https:\/\/roveyayinevi.com.tr\/index.php\/wp-json\/wp\/v2\/product_brand?post=722200"},{"taxonomy":"product_cat","embeddable":true,"href":"https:\/\/roveyayinevi.com.tr\/index.php\/wp-json\/wp\/v2\/product_cat?post=722200"},{"taxonomy":"product_tag","embeddable":true,"href":"https:\/\/roveyayinevi.com.tr\/index.php\/wp-json\/wp\/v2\/product_tag?post=722200"}],"curies":[{"name":"wp","href":"https:\/\/api.w.org\/{rel}","templated":true}]}}