{"id":722195,"date":"2025-08-27T19:01:03","date_gmt":"2025-08-27T16:01:03","guid":{"rendered":"https:\/\/roveyayinevi.com.tr\/index.php\/urun\/bir-de-bakmissin-uzaklardasin\/"},"modified":"2026-04-16T02:29:55","modified_gmt":"2026-04-15T23:29:55","slug":"bir-de-bakmissin-uzaklardasin","status":"publish","type":"product","link":"https:\/\/roveyayinevi.com.tr\/index.php\/urun\/bir-de-bakmissin-uzaklardasin\/","title":{"rendered":"Bir de Bakm\u0131\u015fs\u0131n Uzaklardas\u0131n"},"content":{"rendered":"<p>\u201c\u00c7ok gezen mi yoksa \u00e7ok okuyan m\u0131 bilir? Kadim bir mesele. Ayn\u0131 zamanda kuyuya at\u0131lan bir ta\u015f bu. Kim nas\u0131l \u00e7\u0131kar\u0131rsa o bilir asl\u0131nda. Bug\u00fcne kadar kuyudan \u00e7\u0131kard\u0131\u011f\u0131m bir ta\u015f vaki de\u011fil ama.\u201dHikayeler kimin aya\u011f\u0131na gider? Ancak onu anlatabileceklerin. 100\u2019den fazla \u00fclkeye seyahat eden Muhammed Berdibek, bu kez kendi hik\u00e2yelerinin pe\u015finden ko\u015fuyor, hik\u00e2yenin gelip onu buldu\u011fu yerden de yaz\u0131yor. Yemen\u2019de bir T\u00fcrk k\u00f6y\u00fcnden K\u00fc\u00e7\u00fck Roma diye tabir edilen Do\u011fu Afrika\u2019da bir \u015fehre, yoga yapan bir taksi \u015fof\u00f6r\u00fcnden tavla oynayan Hint ve Pers imparatorlar\u0131na, Kud\u00fcs\u2019te bir tekkeden Kuala Lumpur\u2019da dire\u011fe tapan adama kadar; bir\u00e7ok s\u0131ra d\u0131\u015f\u0131 \u015fehir ve insanla kar\u015f\u0131la\u015f\u0131yor. Bir de Bakm\u0131\u015fs\u0131n Uzaklardas\u0131n, Bing\u00f6l\u2019den sonra Los Angeles\u2019la ba\u015flayan e\u011flenceli, acayip, macera dolu yolculuklar\u0131n, konaklamalar\u0131n ve mahsur kalmalar\u0131n anlat\u0131ld\u0131\u011f\u0131 ne\u015feli bir kitap.<\/p>\n","protected":false},"excerpt":{"rendered":"<p>\u201c\u00c7ok gezen mi yoksa \u00e7ok okuyan m\u0131 bilir? Kadim bir mesele. Ayn\u0131 zamanda kuyuya at\u0131lan bir ta\u015f bu. Kim nas\u0131l \u00e7\u0131kar\u0131rsa o bilir asl\u0131nda. Bug\u00fcne kadar<span class=\"excerpt-hellip\"> [\u2026]<\/span><\/p>\n","protected":false},"featured_media":0,"template":"","meta":{"_monsterinsights_skip_tracking":false,"_monsterinsights_sitenote_active":false,"_monsterinsights_sitenote_note":"","_monsterinsights_sitenote_category":0},"product_brand":[],"product_cat":[12777,12291],"product_tag":[],"class_list":{"0":"post-722195","1":"product","2":"type-product","3":"status-publish","5":"product_cat-deneme","6":"product_cat-edebiyat","7":"pa_cilt-ciltsiz","8":"pa_tur-kitap","9":"pa_yayinevi-profil-kitap","10":"pa_yazar-muhammed-berdibek","12":"first","13":"instock","14":"sale","15":"shipping-taxable","16":"purchasable","17":"product-type-simple"},"_links":{"self":[{"href":"https:\/\/roveyayinevi.com.tr\/index.php\/wp-json\/wp\/v2\/product\/722195","targetHints":{"allow":["GET"]}}],"collection":[{"href":"https:\/\/roveyayinevi.com.tr\/index.php\/wp-json\/wp\/v2\/product"}],"about":[{"href":"https:\/\/roveyayinevi.com.tr\/index.php\/wp-json\/wp\/v2\/types\/product"}],"wp:attachment":[{"href":"https:\/\/roveyayinevi.com.tr\/index.php\/wp-json\/wp\/v2\/media?parent=722195"}],"wp:term":[{"taxonomy":"product_brand","embeddable":true,"href":"https:\/\/roveyayinevi.com.tr\/index.php\/wp-json\/wp\/v2\/product_brand?post=722195"},{"taxonomy":"product_cat","embeddable":true,"href":"https:\/\/roveyayinevi.com.tr\/index.php\/wp-json\/wp\/v2\/product_cat?post=722195"},{"taxonomy":"product_tag","embeddable":true,"href":"https:\/\/roveyayinevi.com.tr\/index.php\/wp-json\/wp\/v2\/product_tag?post=722195"}],"curies":[{"name":"wp","href":"https:\/\/api.w.org\/{rel}","templated":true}]}}