{"id":722194,"date":"2025-08-27T19:01:02","date_gmt":"2025-08-27T16:01:02","guid":{"rendered":"https:\/\/roveyayinevi.com.tr\/index.php\/urun\/dun-bu-saatlerde\/"},"modified":"2026-04-16T02:29:55","modified_gmt":"2026-04-15T23:29:55","slug":"dun-bu-saatlerde","status":"publish","type":"product","link":"https:\/\/roveyayinevi.com.tr\/index.php\/urun\/dun-bu-saatlerde\/","title":{"rendered":"D\u00fcn Bu Saatlerde"},"content":{"rendered":"<p>Pazar\u0131n soka\u011f\u0131na kurulan ikindiErtesi g\u00fcn\u00fcn\u00fc g\u00f6steriyor sanaBir s\u0131k\u0131nt\u0131d\u0131r yap\u0131\u015fm\u0131\u015f yakanaMesai saatlerindeki koca akrep\u00c7\u00fcnk\u00fc ayr\u0131l\u0131\u011fa \u00e7al\u0131\u015f\u0131yorsun hep<\/p>\n","protected":false},"excerpt":{"rendered":"<p>Pazar\u0131n soka\u011f\u0131na kurulan ikindiErtesi g\u00fcn\u00fcn\u00fc g\u00f6steriyor sanaBir s\u0131k\u0131nt\u0131d\u0131r yap\u0131\u015fm\u0131\u015f yakanaMesai saatlerindeki koca akrep\u00c7\u00fcnk\u00fc ayr\u0131l\u0131\u011fa \u00e7al\u0131\u015f\u0131yorsun hep<\/p>\n","protected":false},"featured_media":0,"template":"","meta":{"_monsterinsights_skip_tracking":false,"_monsterinsights_sitenote_active":false,"_monsterinsights_sitenote_note":"","_monsterinsights_sitenote_category":0},"product_brand":[],"product_cat":[12291,12509],"product_tag":[],"class_list":{"0":"post-722194","1":"product","2":"type-product","3":"status-publish","5":"product_cat-edebiyat","6":"product_cat-siir","7":"pa_cilt-ciltsiz","8":"pa_tur-kitap","9":"pa_yayinevi-profil-kitap","10":"pa_yazar-mehmet-burak","12":"first","13":"instock","14":"sale","15":"shipping-taxable","16":"purchasable","17":"product-type-simple"},"_links":{"self":[{"href":"https:\/\/roveyayinevi.com.tr\/index.php\/wp-json\/wp\/v2\/product\/722194","targetHints":{"allow":["GET"]}}],"collection":[{"href":"https:\/\/roveyayinevi.com.tr\/index.php\/wp-json\/wp\/v2\/product"}],"about":[{"href":"https:\/\/roveyayinevi.com.tr\/index.php\/wp-json\/wp\/v2\/types\/product"}],"wp:attachment":[{"href":"https:\/\/roveyayinevi.com.tr\/index.php\/wp-json\/wp\/v2\/media?parent=722194"}],"wp:term":[{"taxonomy":"product_brand","embeddable":true,"href":"https:\/\/roveyayinevi.com.tr\/index.php\/wp-json\/wp\/v2\/product_brand?post=722194"},{"taxonomy":"product_cat","embeddable":true,"href":"https:\/\/roveyayinevi.com.tr\/index.php\/wp-json\/wp\/v2\/product_cat?post=722194"},{"taxonomy":"product_tag","embeddable":true,"href":"https:\/\/roveyayinevi.com.tr\/index.php\/wp-json\/wp\/v2\/product_tag?post=722194"}],"curies":[{"name":"wp","href":"https:\/\/api.w.org\/{rel}","templated":true}]}}