{"id":722193,"date":"2025-08-27T19:01:01","date_gmt":"2025-08-27T16:01:01","guid":{"rendered":"https:\/\/roveyayinevi.com.tr\/index.php\/urun\/evim-temiz-mutluyum\/"},"modified":"2026-04-03T02:36:13","modified_gmt":"2026-04-02T23:36:13","slug":"evim-temiz-mutluyum","status":"publish","type":"product","link":"https:\/\/roveyayinevi.com.tr\/index.php\/urun\/evim-temiz-mutluyum\/","title":{"rendered":"Evim Temiz Mutluyum"},"content":{"rendered":"<p>Lavabonuzu parlat\u0131p ruhunuzu \u0131\u015f\u0131ldatmak istiyorsan\u0131z bu kitap tam size g\u00f6re!Mrs Hinch (@mrshinchhome) Instagram\u2019da 2,9 milyon takip\u00e7isi olan bir \u201ctemizlik gurusu\u201d! \u201cHin\u00e7\u00e7iler\u201d ad\u0131n\u0131 verdi\u011fi takip\u00e7ileri ona o kadar sad\u0131klar ki Bayan Hinch\u2019in \u00f6nerdi\u011fi her \u00fcr\u00fcn an\u0131nda kap\u0131\u015f\u0131l\u0131p t\u00fckeniyor. Hatta raflar bo\u015f kal\u0131nca \u00fcr\u00fcnler karaborsaya bile d\u00fc\u015febiliyor.Sophie Hinch gen\u00e7 ve modern bir kad\u0131n i\u00e7in temizlik d\u00fcnyas\u0131n\u0131 yeniden tan\u0131ml\u0131yor. \u201cHin\u00e7lemek\u201d dedi\u011fi eylemle temizlik yapmay\u0131 e\u011flenceli hale getiriyor. Evinizi hangi temizlik \u00fcr\u00fcnleriyle nas\u0131l p\u0131r\u0131l p\u0131r\u0131l yapabilece\u011finizi g\u00f6stermenin yan\u0131 s\u0131ra gittik\u00e7e karma\u015f\u0131kla\u015fan bir d\u00fcnyada huzur bulaca\u011f\u0131n\u0131z o sakin ve d\u00fczenli alan\u0131 yaratabilmeniz i\u00e7in sizi motive ediyor. Hatta daha derin bir noktaya i\u015faret ederek temizli\u011fin; kayg\u0131y\u0131 ve stresi hafifleten, zihinsel sa\u011fl\u0131\u011f\u0131 koruyan iyile\u015ftirici yan\u0131n\u0131 g\u00f6zler \u00f6n\u00fcne seriyor.Anksiyeteyle m\u00fccadele, g\u00fcnl\u00fck-haftal\u0131k-ayl\u0131k-mevsimlik temizlik rutinleri, sahip olunmas\u0131 gereken mucizevi temizlik \u00fcr\u00fcnleri ve pratik ipu\u00e7lar\u0131yla Mrs Hinch sizi i\u00e7 enerjinize ula\u015ft\u0131racak, temizlikten keyif alman\u0131z\u0131 sa\u011flayacak ve rahatlayabilece\u011finiz temiz bir odan\u0131n kap\u0131s\u0131n\u0131 aralayacak\u2026<\/p>\n","protected":false},"excerpt":{"rendered":"<p>Lavabonuzu parlat\u0131p ruhunuzu \u0131\u015f\u0131ldatmak istiyorsan\u0131z bu kitap tam size g\u00f6re!Mrs Hinch (@mrshinchhome) Instagram\u2019da 2,9 milyon takip\u00e7isi olan bir \u201ctemizlik gurusu\u201d! \u201cHin\u00e7\u00e7iler\u201d ad\u0131n\u0131 verdi\u011fi takip\u00e7ileri ona o<span class=\"excerpt-hellip\"> [\u2026]<\/span><\/p>\n","protected":false},"featured_media":0,"template":"","meta":{"_monsterinsights_skip_tracking":false,"_monsterinsights_sitenote_active":false,"_monsterinsights_sitenote_note":"","_monsterinsights_sitenote_category":0},"product_brand":[],"product_cat":[12364,12376],"product_tag":[],"class_list":{"0":"post-722193","1":"product","2":"type-product","3":"status-publish","5":"product_cat-genel-konular","6":"product_cat-kisisel-gelisim","7":"pa_cilt-ciltsiz","8":"pa_tur-kitap","9":"pa_yayinevi-profil-kitap","10":"pa_yazar-mrs-hinch","12":"first","13":"instock","14":"sale","15":"shipping-taxable","16":"purchasable","17":"product-type-simple"},"_links":{"self":[{"href":"https:\/\/roveyayinevi.com.tr\/index.php\/wp-json\/wp\/v2\/product\/722193","targetHints":{"allow":["GET"]}}],"collection":[{"href":"https:\/\/roveyayinevi.com.tr\/index.php\/wp-json\/wp\/v2\/product"}],"about":[{"href":"https:\/\/roveyayinevi.com.tr\/index.php\/wp-json\/wp\/v2\/types\/product"}],"wp:attachment":[{"href":"https:\/\/roveyayinevi.com.tr\/index.php\/wp-json\/wp\/v2\/media?parent=722193"}],"wp:term":[{"taxonomy":"product_brand","embeddable":true,"href":"https:\/\/roveyayinevi.com.tr\/index.php\/wp-json\/wp\/v2\/product_brand?post=722193"},{"taxonomy":"product_cat","embeddable":true,"href":"https:\/\/roveyayinevi.com.tr\/index.php\/wp-json\/wp\/v2\/product_cat?post=722193"},{"taxonomy":"product_tag","embeddable":true,"href":"https:\/\/roveyayinevi.com.tr\/index.php\/wp-json\/wp\/v2\/product_tag?post=722193"}],"curies":[{"name":"wp","href":"https:\/\/api.w.org\/{rel}","templated":true}]}}