{"id":722192,"date":"2025-08-27T19:01:00","date_gmt":"2025-08-27T16:01:00","guid":{"rendered":"https:\/\/roveyayinevi.com.tr\/index.php\/urun\/nazarbayev-liderligi-buyuk-bozkirin-yukselisi\/"},"modified":"2026-04-16T02:29:55","modified_gmt":"2026-04-15T23:29:55","slug":"nazarbayev-liderligi-buyuk-bozkirin-yukselisi","status":"publish","type":"product","link":"https:\/\/roveyayinevi.com.tr\/index.php\/urun\/nazarbayev-liderligi-buyuk-bozkirin-yukselisi\/","title":{"rendered":"Nazarbayev Liderli\u011fi &#8211; B\u00fcy\u00fck Bozk\u0131r\u0131n Y\u00fckseli\u015fi"},"content":{"rendered":"<p>Bu kitapta \u00f6ncelikle Kazakistan\u2019\u0131n Kurucu Cumhurba\u015fkan\u0131  Say\u0131n Nursultan Nazarbayev\u2019in ge\u00e7en 30 y\u0131ll\u0131k d\u00f6nemde karar ve faaliyetlerinin dayand\u0131\u011f\u0131 teorik temeller, belirli ba\u015fl\u0131klar alt\u0131nda sunulmaktad\u0131r. Bununla birlikte ya\u015fam \u00f6yk\u00fcs\u00fc, zirveye y\u00fckseli\u015fi ve en \u00f6nemlisi hangi zihinsel s\u00fcre\u00e7lerle \u00fclkesini ad\u0131m ad\u0131m d\u00f6n\u00fc\u015ft\u00fcrd\u00fc\u011f\u00fc ortaya konulmaktad\u0131r. Dolay\u0131s\u0131yla bu kitab\u0131 okurken siyaset bilimi ve uluslararas\u0131 ili\u015fkiler bak\u0131m\u0131ndan Kazakistan\u2019daki liderlik \u00e7ehresini bulacaks\u0131n\u0131z. Ard\u0131ndan T\u00fcrk d\u00fcnyas\u0131n\u0131n b\u00fct\u00fcnle\u015fme \u00e7abalar\u0131nda Say\u0131n Nazarbayev\u2019in stratejik liderlik becerisine tan\u0131kl\u0131k edeceksiniz. Ayn\u0131 zamanda Kazakistan ve Orta Asya\u2019ya ili\u015fkin merak etti\u011finiz farkl\u0131 konular ve detaylarla kar\u015f\u0131la\u015facaks\u0131n\u0131z. Belirtmek gerekir ki okuyaca\u011f\u0131n\u0131z tespit ve de\u011ferlendir- meler \u0131\u015f\u0131\u011f\u0131nda, ad\u0131na \u201cNazarbayev Liderli\u011fi\u201d diyebilece\u011fimiz bir t\u00fcr liderlik davran\u0131\u015f modeli g\u00fcn y\u00fcz\u00fcne \u00e7\u0131kmaktad\u0131r. T\u00fcrk d\u00fcnyas\u0131n\u0131n \u201cyolba\u015f\u00e7\u0131s\u0131\u201d, \u201caksakal\u0131\u201d konumuna gelen Nursultan Nazarbayev liderli\u011finde al\u0131nan kararlar, ger\u00e7ekle\u015fen k\u00f6kl\u00fc reformlar g\u00fcn\u00fcm\u00fcz y\u00f6netim ve siyaset\u00e7ileri, hatta bu alanda \u00f6\u011frenim g\u00f6ren \u00f6\u011frenciler i\u00e7in bu kitap bir ba\u015fucu kayna\u011f\u0131 h\u00e2line gelmektedir.<\/p>\n","protected":false},"excerpt":{"rendered":"<p>Bu kitapta \u00f6ncelikle Kazakistan\u2019\u0131n Kurucu Cumhurba\u015fkan\u0131 Say\u0131n Nursultan Nazarbayev\u2019in ge\u00e7en 30 y\u0131ll\u0131k d\u00f6nemde karar ve faaliyetlerinin dayand\u0131\u011f\u0131 teorik temeller, belirli ba\u015fl\u0131klar alt\u0131nda sunulmaktad\u0131r. Bununla birlikte ya\u015fam<span class=\"excerpt-hellip\"> [\u2026]<\/span><\/p>\n","protected":false},"featured_media":0,"template":"","meta":{"_monsterinsights_skip_tracking":false,"_monsterinsights_sitenote_active":false,"_monsterinsights_sitenote_note":"","_monsterinsights_sitenote_category":0},"product_brand":[],"product_cat":[13946,12304],"product_tag":[],"class_list":{"0":"post-722192","1":"product","2":"type-product","3":"status-publish","5":"product_cat-biyografi-otobiyografi","6":"product_cat-tarih","7":"pa_cilt-ciltsiz","8":"pa_tur-kitap","9":"pa_yayinevi-kripto-basim-yayin","10":"pa_yazar-kursad-zorlu","12":"first","13":"instock","14":"sale","15":"shipping-taxable","16":"purchasable","17":"product-type-simple"},"_links":{"self":[{"href":"https:\/\/roveyayinevi.com.tr\/index.php\/wp-json\/wp\/v2\/product\/722192","targetHints":{"allow":["GET"]}}],"collection":[{"href":"https:\/\/roveyayinevi.com.tr\/index.php\/wp-json\/wp\/v2\/product"}],"about":[{"href":"https:\/\/roveyayinevi.com.tr\/index.php\/wp-json\/wp\/v2\/types\/product"}],"wp:attachment":[{"href":"https:\/\/roveyayinevi.com.tr\/index.php\/wp-json\/wp\/v2\/media?parent=722192"}],"wp:term":[{"taxonomy":"product_brand","embeddable":true,"href":"https:\/\/roveyayinevi.com.tr\/index.php\/wp-json\/wp\/v2\/product_brand?post=722192"},{"taxonomy":"product_cat","embeddable":true,"href":"https:\/\/roveyayinevi.com.tr\/index.php\/wp-json\/wp\/v2\/product_cat?post=722192"},{"taxonomy":"product_tag","embeddable":true,"href":"https:\/\/roveyayinevi.com.tr\/index.php\/wp-json\/wp\/v2\/product_tag?post=722192"}],"curies":[{"name":"wp","href":"https:\/\/api.w.org\/{rel}","templated":true}]}}