{"id":722191,"date":"2025-08-27T19:01:00","date_gmt":"2025-08-27T16:01:00","guid":{"rendered":"https:\/\/roveyayinevi.com.tr\/index.php\/urun\/urgunorhunyazitlari\/"},"modified":"2026-04-16T02:29:55","modified_gmt":"2026-04-15T23:29:55","slug":"urgunorhunyazitlari","status":"publish","type":"product","link":"https:\/\/roveyayinevi.com.tr\/index.php\/urun\/urgunorhunyazitlari\/","title":{"rendered":"Urgun(Orhun)Yaz\u0131tlar\u0131"},"content":{"rendered":"<p>Yolcu olmak isteyenlere davet Bu kitap; T\u00fcrk Tarihi\u2019ne merakl\u0131 ve bu yolculu\u011fa \u00f6nyarg\u0131s\u0131z \u00e7\u0131kmak isteyenler i\u00e7in yaz\u0131ld\u0131.Bug\u00fcne kadar defalarca \u00e7evrilmesine ra\u011fmen, ger\u00e7ek anlamda de\u011ferlendirmeye muhta\u00e7 olan Urqun (Orhun) Yaz\u0131tlar\u0131\u2019n\u0131n; yeni ku\u015faklara anlat\u0131lmas\u0131 ve belki de d\u00fcnya tarihinin, ideolojlerden ba\u011f\u0131ms\u0131z olarak, yeniden yaz\u0131lmas\u0131 \u015fartt\u0131r.Bu eserdeki ana ve tek amac\u0131m\u0131z; bug\u00fcne kadar yan yana getirilmemi\u015f Urqun (Orhun) \u00c7\u00f6z\u00fcmlerini (De\u015fifre) bir arada sunmak ve gen\u00e7 ara\u015ft\u0131rmac\u0131lara yard\u0131mc\u0131 olmak ve elbette onlardan yeni fikirler \u00e7\u0131kmas\u0131na arac\u0131l\u0131k etmektir.\u00c7\u00fcnk\u00fc, Danimarkal\u0131 dil bilimci V.Thomsen\u2019in, Fin Heyeti\u2019nin tespit ve bulgular\u0131ndan hareketle yapt\u0131\u011f\u0131 analizlerde;  \u201cT\u00fcrklerin\u201d dedi\u011fi bu beng\u00fc ta\u015flar\u0131m\u0131z\u0131, \u00e7ok iyi \u00e7\u00f6zmek ve anlamland\u0131rmak zorunday\u0131z.Asya topaklar\u0131nda kendi k\u00f6klerini (Hint-Avrupa ve Aryan Tezleri) arayan Bat\u0131 Medeniyetleri, bulduklar\u0131 her yeni bilgiyi, do\u011fald\u0131r ki, kendi tarihlerine eklemeye \u00e7al\u0131\u015f\u0131yorlar. Oysa, bu ta\u015flarda anlat\u0131lan, yaln\u0131z atalar\u0131m\u0131z\u0131n, bizim de\u011fildir. T\u00fcm medeniyetlerin ortak k\u00fclt\u00fcr temelleridir de.T\u00fcrklerin (T\u00fcr\u00fcklerin) tarihi yaz\u0131t\u0131 Urqun, yaln\u0131z \u00fc\u00e7 be\u015f ta\u015ftan ibaret de\u011fildir. \u0130\u00e7inde, bug\u00fcne kadar yaz\u0131lamam\u0131\u015f Erken T\u00fcrk Tarihi\u2019nin izleri, kelimeleri, anlamlar\u0131 y\u00fckl\u00fcd\u00fcr.G\u00f6revimizi; bu anlamlara olan yolculu\u011fun daha net ortaya \u00e7\u0131kmas\u0131 i\u00e7in, ge\u00e7mi\u015f ve bug\u00fcnk\u00fc ku\u015fak aras\u0131nda bir k\u00f6pr\u00fc kurmak olarak g\u00f6r\u00fcyoruz. Bu yolculu\u011fa ho\u015f geldiniz.<\/p>\n","protected":false},"excerpt":{"rendered":"<p>Yolcu olmak isteyenlere davet Bu kitap; T\u00fcrk Tarihi\u2019ne merakl\u0131 ve bu yolculu\u011fa \u00f6nyarg\u0131s\u0131z \u00e7\u0131kmak isteyenler i\u00e7in yaz\u0131ld\u0131.Bug\u00fcne kadar defalarca \u00e7evrilmesine ra\u011fmen, ger\u00e7ek anlamda de\u011ferlendirmeye muhta\u00e7 olan<span class=\"excerpt-hellip\"> [\u2026]<\/span><\/p>\n","protected":false},"featured_media":0,"template":"","meta":{"_monsterinsights_skip_tracking":false,"_monsterinsights_sitenote_active":false,"_monsterinsights_sitenote_note":"","_monsterinsights_sitenote_category":0},"product_brand":[],"product_cat":[16038,12388],"product_tag":[],"class_list":{"0":"post-722191","1":"product","2":"type-product","3":"status-publish","5":"product_cat-arastirma-inceleme-referans-felsefe","6":"product_cat-felsefe","7":"pa_cilt-ciltsiz","8":"pa_tur-kitap","9":"pa_yayinevi-mavi-agac-yayinlari","10":"pa_yazar-erol-karabulut","12":"first","13":"instock","14":"sale","15":"shipping-taxable","16":"purchasable","17":"product-type-simple"},"_links":{"self":[{"href":"https:\/\/roveyayinevi.com.tr\/index.php\/wp-json\/wp\/v2\/product\/722191","targetHints":{"allow":["GET"]}}],"collection":[{"href":"https:\/\/roveyayinevi.com.tr\/index.php\/wp-json\/wp\/v2\/product"}],"about":[{"href":"https:\/\/roveyayinevi.com.tr\/index.php\/wp-json\/wp\/v2\/types\/product"}],"wp:attachment":[{"href":"https:\/\/roveyayinevi.com.tr\/index.php\/wp-json\/wp\/v2\/media?parent=722191"}],"wp:term":[{"taxonomy":"product_brand","embeddable":true,"href":"https:\/\/roveyayinevi.com.tr\/index.php\/wp-json\/wp\/v2\/product_brand?post=722191"},{"taxonomy":"product_cat","embeddable":true,"href":"https:\/\/roveyayinevi.com.tr\/index.php\/wp-json\/wp\/v2\/product_cat?post=722191"},{"taxonomy":"product_tag","embeddable":true,"href":"https:\/\/roveyayinevi.com.tr\/index.php\/wp-json\/wp\/v2\/product_tag?post=722191"}],"curies":[{"name":"wp","href":"https:\/\/api.w.org\/{rel}","templated":true}]}}